{"id":9705,"date":"2024-11-22T17:02:14","date_gmt":"2024-11-22T17:02:14","guid":{"rendered":"https:\/\/turismodeaventuraengalicia.es\/empresas\/aventura-noroeste\/"},"modified":"2024-11-26T11:08:31","modified_gmt":"2024-11-26T11:08:31","slug":"aventura-noroeste","status":"publish","type":"page","link":"http:\/\/turismodeaventuraengalicia.es\/gl\/empresas\/aventura-noroeste\/","title":{"rendered":"Aventura Noroeste"},"content":{"rendered":"<section class=\"l-section wpb_row height_custom color_primary with_img\" id=\"fondoImagenEmpresa\"><div class=\"l-section-img\" role=\"img\" data-img-width=\"1200\" data-img-height=\"675\" style=\"background-image: url(http:\/\/turismodeaventuraengalicia.es\/wp-content\/uploads\/2024\/11\/aventura-noroeste-barranquismo.jpeg);background-repeat: no-repeat;\"><\/div><div class=\"l-section-h i-cf\"><div class=\"g-cols vc_row via_grid cols_1 laptops-cols_inherit tablets-cols_inherit mobiles-cols_1 valign_top type_default stacking_default\"><div class=\"wpb_column vc_column_container\"><div class=\"vc_column-inner\"><div class=\"w-separator size_medium\"><\/div><h1 class=\"w-text us_custom_eb849559\"><span class=\"w-text-h\"><span class=\"w-text-value\">Aventura Noroeste<\/span><\/span><\/h1><div class=\"w-separator size_medium\"><\/div><\/div><\/div><\/div><\/div><\/section><section class=\"l-section wpb_row height_custom\" id=\"introEmpresa\"><div class=\"l-section-h i-cf\"><div class=\"g-cols vc_row via_grid cols_1-2 laptops-cols_inherit tablets-cols_inherit mobiles-cols_1 valign_middle type_default stacking_default\"><div class=\"wpb_column vc_column_container\"><div class=\"vc_column-inner\"><div class=\"w-image align_none\"><div class=\"w-image-h\"><img decoding=\"async\" width=\"367\" height=\"210\" src=\"http:\/\/turismodeaventuraengalicia.es\/wp-content\/uploads\/2024\/11\/logo-senderismoramon.jpg\" class=\"attachment-large size-large\" alt=\"Socio de AGETAN: Aventura noroeste\" loading=\"lazy\" srcset=\"http:\/\/turismodeaventuraengalicia.es\/wp-content\/uploads\/2024\/11\/logo-senderismoramon.jpg 367w, http:\/\/turismodeaventuraengalicia.es\/wp-content\/uploads\/2024\/11\/logo-senderismoramon-300x172.jpg 300w\" sizes=\"auto, (max-width: 367px) 100vw, 367px\" \/><\/div><\/div><\/div><\/div><div class=\"wpb_column vc_column_container\"><div class=\"vc_column-inner\"><div class=\"wpb_text_column\"><div class=\"wpb_wrapper\"><h3>Aventura Noroeste<\/h3>\n<p><span>En Aventura Noroeste sabemos sacarlle o m\u00e1ximo partido \u00e1 xeograf\u00eda galega, experimentando sensaci\u00f3ns novas a cada actividade.<\/span><\/p>\n<p><span>As nosas aventuras posicion\u00e1molas ao redor de todas as provincias de Galicia, porque cada unha delas sabe sacar a mellor cara das nosas verdes monta\u00f1as e caudalosos r\u00edos. Cun equipo de profesionais que che far\u00e1 sentir seguro e divertirche sen parar. <\/span><\/p>\n<p><span> <\/span><\/p>\n<\/div><\/div><\/div><\/div><\/div><\/div><\/section><section class=\"l-section wpb_row height_auto\" id=\"galeriaEmpresa\"><div class=\"l-section-h i-cf\"><div class=\"g-cols vc_row via_grid cols_1 laptops-cols_inherit tablets-cols_inherit mobiles-cols_1 valign_top type_default stacking_default\"><div class=\"wpb_column vc_column_container\"><div class=\"vc_column-inner\"><div class=\"g-cols wpb_row via_grid cols_1 laptops-cols_inherit tablets-cols_inherit mobiles-cols_1 valign_top type_default stacking_default\" style=\"--gap:3rem;\"><div class=\"wpb_column vc_column_container\"><div class=\"vc_column-inner\"><div class=\"w-gallery fit_cover type_grid action_popup_image ratio_1x1 count_5\" style=\"--columns:5;--items-gap:10px;\"><div class=\"w-gallery-list\"><div class=\"w-gallery-item\"><div class=\"w-gallery-item-img\"><img loading=\"lazy\" decoding=\"async\" width=\"500\" height=\"500\" src=\"http:\/\/turismodeaventuraengalicia.es\/wp-content\/uploads\/2024\/11\/agetan-aventuranoroeste.jpg\" class=\"attachment-large size-large\" alt=\"Aventura Noroeste: Puenting en Coru\u00f1a y Pontevedra\" srcset=\"http:\/\/turismodeaventuraengalicia.es\/wp-content\/uploads\/2024\/11\/agetan-aventuranoroeste.jpg 500w, http:\/\/turismodeaventuraengalicia.es\/wp-content\/uploads\/2024\/11\/agetan-aventuranoroeste-300x300.jpg 300w, http:\/\/turismodeaventuraengalicia.es\/wp-content\/uploads\/2024\/11\/agetan-aventuranoroeste-150x150.jpg 150w\" sizes=\"auto, (max-width: 500px) 100vw, 500px\" \/><\/div><a class=\"w-gallery-item-link\" aria-label=\"Aventura Noroeste: Puenting en Coru\u00f1a y Pontevedra\" href=\"http:\/\/turismodeaventuraengalicia.es\/wp-content\/uploads\/2024\/11\/agetan-aventuranoroeste.jpg\"><\/a><\/div><div class=\"w-gallery-item\"><div class=\"w-gallery-item-img\"><img loading=\"lazy\" decoding=\"async\" width=\"1024\" height=\"576\" src=\"http:\/\/turismodeaventuraengalicia.es\/wp-content\/uploads\/2024\/11\/aventura-noroeste-agetan-1024x576.jpeg\" class=\"attachment-large size-large\" alt=\"Aventura Noroeste: practicar escalada en Coru\u00f1a y Pontevedra\" srcset=\"http:\/\/turismodeaventuraengalicia.es\/wp-content\/uploads\/2024\/11\/aventura-noroeste-agetan-1024x576.jpeg 1024w, http:\/\/turismodeaventuraengalicia.es\/wp-content\/uploads\/2024\/11\/aventura-noroeste-agetan-300x169.jpeg 300w, http:\/\/turismodeaventuraengalicia.es\/wp-content\/uploads\/2024\/11\/aventura-noroeste-agetan.jpeg 1200w\" sizes=\"auto, (max-width: 1024px) 100vw, 1024px\" \/><\/div><a class=\"w-gallery-item-link\" aria-label=\"Aventura Noroeste: practicar escalada en Coru\u00f1a y Pontevedra\" href=\"http:\/\/turismodeaventuraengalicia.es\/wp-content\/uploads\/2024\/11\/aventura-noroeste-agetan.jpeg\"><\/a><\/div><div class=\"w-gallery-item\"><div class=\"w-gallery-item-img\"><img loading=\"lazy\" decoding=\"async\" width=\"1024\" height=\"576\" src=\"http:\/\/turismodeaventuraengalicia.es\/wp-content\/uploads\/2024\/11\/aventura-noroeste-barranquismo-1024x576.jpeg\" class=\"attachment-large size-large\" alt=\"Aventura Noroeste: practicar barranquismo en Coru\u00f1a y Pontevedra\" srcset=\"http:\/\/turismodeaventuraengalicia.es\/wp-content\/uploads\/2024\/11\/aventura-noroeste-barranquismo-1024x576.jpeg 1024w, http:\/\/turismodeaventuraengalicia.es\/wp-content\/uploads\/2024\/11\/aventura-noroeste-barranquismo-300x169.jpeg 300w, http:\/\/turismodeaventuraengalicia.es\/wp-content\/uploads\/2024\/11\/aventura-noroeste-barranquismo.jpeg 1200w\" sizes=\"auto, (max-width: 1024px) 100vw, 1024px\" \/><\/div><a class=\"w-gallery-item-link\" aria-label=\"Aventura Noroeste: practicar barranquismo en Coru\u00f1a y Pontevedra\" href=\"http:\/\/turismodeaventuraengalicia.es\/wp-content\/uploads\/2024\/11\/aventura-noroeste-barranquismo.jpeg\"><\/a><\/div><div class=\"w-gallery-item\"><div class=\"w-gallery-item-img\"><img loading=\"lazy\" decoding=\"async\" width=\"500\" height=\"500\" src=\"http:\/\/turismodeaventuraengalicia.es\/wp-content\/uploads\/2024\/11\/aventura-noroeste-puenting.jpg\" class=\"attachment-large size-large\" alt=\"Aventura Noroeste: precio puenting\" srcset=\"http:\/\/turismodeaventuraengalicia.es\/wp-content\/uploads\/2024\/11\/aventura-noroeste-puenting.jpg 500w, http:\/\/turismodeaventuraengalicia.es\/wp-content\/uploads\/2024\/11\/aventura-noroeste-puenting-300x300.jpg 300w, http:\/\/turismodeaventuraengalicia.es\/wp-content\/uploads\/2024\/11\/aventura-noroeste-puenting-150x150.jpg 150w\" sizes=\"auto, (max-width: 500px) 100vw, 500px\" \/><\/div><a class=\"w-gallery-item-link\" aria-label=\"Aventura Noroeste: precio puenting\" href=\"http:\/\/turismodeaventuraengalicia.es\/wp-content\/uploads\/2024\/11\/aventura-noroeste-puenting.jpg\"><\/a><\/div><div class=\"w-gallery-item\"><div class=\"w-gallery-item-img\"><img loading=\"lazy\" decoding=\"async\" width=\"500\" height=\"500\" src=\"http:\/\/turismodeaventuraengalicia.es\/wp-content\/uploads\/2024\/11\/aventura-noroestebarranquismo.jpg\" class=\"attachment-large size-large\" alt=\"Aventura Noroeste barranquismo\" srcset=\"http:\/\/turismodeaventuraengalicia.es\/wp-content\/uploads\/2024\/11\/aventura-noroestebarranquismo.jpg 500w, http:\/\/turismodeaventuraengalicia.es\/wp-content\/uploads\/2024\/11\/aventura-noroestebarranquismo-300x300.jpg 300w, http:\/\/turismodeaventuraengalicia.es\/wp-content\/uploads\/2024\/11\/aventura-noroestebarranquismo-150x150.jpg 150w\" sizes=\"auto, (max-width: 500px) 100vw, 500px\" \/><\/div><a class=\"w-gallery-item-link\" aria-label=\"Aventura Noroeste barranquismo\" href=\"http:\/\/turismodeaventuraengalicia.es\/wp-content\/uploads\/2024\/11\/aventura-noroestebarranquismo.jpg\"><\/a><\/div><\/div><\/div><\/div><\/div><\/div><\/div><\/div><\/div><\/div><\/section><section class=\"l-section wpb_row height_medium\" id=\"infoEmpresa\"><div class=\"l-section-h i-cf\"><div class=\"g-cols vc_row via_grid cols_1 laptops-cols_inherit tablets-cols_inherit mobiles-cols_1 valign_top type_default stacking_default\" style=\"--gap:0rem;--laptops-gap:0rem;--tablets-gap:3rem;--mobiles-gap:3rem;\"><div class=\"wpb_column vc_column_container\"><div class=\"vc_column-inner\"><div class=\"g-cols wpb_row via_grid cols_2-1 laptops-cols_inherit tablets-cols_inherit mobiles-cols_1 valign_top type_default stacking_default\" style=\"--gap:1rem;--laptops-gap:1rem;--tablets-gap:3rem;--mobiles-gap:3rem;\"><div class=\"wpb_column vc_column_container\"><div class=\"vc_column-inner\"><h4 class=\"w-text us_custom_49f317a8\"><span class=\"w-text-h\"><span class=\"w-text-value\">Informaci\u00f3n<\/span><\/span><\/h4><div class=\"wpb_text_column\"><div class=\"wpb_wrapper\"><p><span>En Aventura Noroeste sabemos sacarlle o m\u00e1ximo partido \u00e1 xeograf\u00eda galega, experimentando sensaci\u00f3ns novas a cada actividade.<\/span><\/p>\n<p><span>As nosas aventuras posicion\u00e1molas ao redor de todas as provincias de Galicia, porque cada unha delas sabe sacar a mellor cara das nosas verdes monta\u00f1as e caudalosos r\u00edos. Cun equipo de profesionais que che far\u00e1 sentir seguro e divertirche sen parar. <\/span><\/p>\n<p><span>Entre as nosas actividades m\u00e1is top est\u00e1n: <\/span><\/p>\n<ul>\n<li><span> <\/span>Barranquismo en Cavadosa, Santabaia, Cerves, Verdugo o Rego da Cal. <span>Ti elixes cal \u00e9 o barranco que mellor se adapta \u00e1s t\u00faas ansias de descubrir novos retos.<\/span><\/li>\n<li><span> <\/span><span>Es dos que quere sentir un envorco no coraz\u00f3n irrepetible? O teu \u00e9 o salto desde pontes. Propo\u00f1\u00e9mosche dous lugares: Arbo e Noia. Non importa cal elixas, \u00e9 das mellores sensaci\u00f3ns que vas experimentar.   <\/span><\/li>\n<li><span> <\/span><span>Porque o interior da nosa terra tam\u00e9n est\u00e1 repleta de escuros tesouros, a espeleolog\u00eda \u00e9 unha gran maneira de co\u00f1ecer Galicia. Lev\u00e1mosche a Arcoia, Buraca d\u00e1s Choias, Ceza ou Traslacosta. Todas cavidades de gran interese a nivel tur\u00edstico e m\u00e1is profesional. Quen dixo claustrofobia?   <\/span><\/li>\n<li><span> <\/span><span>Se o teu instinto animal a\u00ednda che tira, a escalada \u00e9 unha boa maneira de lembrar que vimos do mono. An\u00edmache a escalar en Silleda, Gali\u00f1eiro Vigo ou Padr\u00f3n e mira todo \u00e1 t\u00faa ao redor desde arriba.<\/span><\/li>\n<\/ul>\n<\/div><\/div><\/div><\/div><div class=\"wpb_column vc_column_container\"><div class=\"vc_column-inner\"><div class=\"w-socials us_custom_61263217 color_link shape_circle style_outlined hover_fade\"><div class=\"w-socials-list\"><div class=\"w-socials-item custom\"><a href=\"https:\/\/aventuranoroeste.com\/\" class=\"w-socials-item-link\" title=\"T\u00edtulo\" aria-label=\"T\u00edtulo\"><span class=\"w-socials-item-link-hover\" style=\"background:var(--color-content-faded);\"><\/span><i class=\"far fa-globe\"><\/i><\/a><div class=\"w-socials-item-popup\"><span>T\u00edtulo<\/span><\/div><\/div><div class=\"w-socials-item facebook\"><a href=\"https:\/\/www.facebook.com\/aventuranoroestegalicia\" class=\"w-socials-item-link\" title=\"Facebook\" aria-label=\"Facebook\"><span class=\"w-socials-item-link-hover\"><\/span><i class=\"fab fa-facebook\"><\/i><\/a><div class=\"w-socials-item-popup\"><span>Facebook<\/span><\/div><\/div><div class=\"w-socials-item instagram\"><a href=\"https:\/\/www.instagram.com\/aventuranoroestegalicia\/\" class=\"w-socials-item-link\" title=\"Instagram\" aria-label=\"Instagram\"><span class=\"w-socials-item-link-hover\"><\/span><i class=\"fab fa-instagram\"><\/i><\/a><div class=\"w-socials-item-popup\"><span>Instagram<\/span><\/div><\/div><\/div><\/div><div class=\"w-separator size_small\"><\/div><div class=\"w-iconbox us_custom_a2db22b6 has_text_color iconpos_left style_default color_custom align_left no_title\"><div class=\"w-iconbox-icon\" style=\"font-size:1rem;--icon-color:#000000;\"><i class=\"far fa-arrow-right\"><\/i><\/div><div class=\"w-iconbox-meta\"><div class=\"w-iconbox-text\"><p><span class=\"x193iq5w xeuugli x13faqbe x1vvkbs xlh3980 xvmahel x1n0sxbx x1lliihq x1s928wv xhkezso x1gmr53x x1cpjm7i x1fgarty x1943h6x xudqn12 x3x7a5m x6prxxf xvq8zen xo1l8bm xzsf02u x1yc453h\" dir=\"auto\">623 188 100<\/span><\/p>\n<\/div><\/div><\/div><div class=\"w-separator size_small\"><\/div><\/div><\/div><\/div><\/div><\/div><\/div><\/div><\/section>\n","protected":false},"excerpt":{"rendered":"Aventura NoroesteAventura Noroeste En Aventura Noroeste sabemos sacarlle o m\u00e1ximo partido \u00e1 xeograf\u00eda galega, experimentando sensaci\u00f3ns novas a cada actividade. As nosas aventuras posicion\u00e1molas ao redor de todas as provincias...","protected":false},"author":1,"featured_media":0,"parent":9019,"menu_order":0,"comment_status":"closed","ping_status":"closed","template":"","meta":{"footnotes":""},"class_list":["post-9705","page","type-page","status-publish","hentry"],"yoast_head":"<!-- This site is optimized with the Yoast SEO plugin v26.0 - https:\/\/yoast.com\/wordpress\/plugins\/seo\/ -->\n<title>Aventura Noroeste - AGETAN: Asociaci\u00f3n de Turismo Activo e Natureza de Galicia<\/title>\n<meta name=\"robots\" content=\"index, follow, max-snippet:-1, max-image-preview:large, max-video-preview:-1\" \/>\n<link rel=\"canonical\" href=\"http:\/\/turismodeaventuraengalicia.es\/gl\/empresas\/aventura-noroeste\/\" \/>\n<meta property=\"og:locale\" content=\"gl_ES\" \/>\n<meta property=\"og:type\" content=\"article\" \/>\n<meta property=\"og:title\" content=\"Aventura Noroeste - AGETAN: Asociaci\u00f3n de Turismo Activo e Natureza de Galicia\" \/>\n<meta property=\"og:url\" content=\"http:\/\/turismodeaventuraengalicia.es\/gl\/empresas\/aventura-noroeste\/\" \/>\n<meta property=\"og:site_name\" content=\"AGETAN: Asociaci\u00f3n de Turismo Activo e Natureza de Galicia\" \/>\n<meta property=\"article:publisher\" content=\"https:\/\/www.facebook.com\/AgetanOficial\" \/>\n<meta property=\"article:modified_time\" content=\"2024-11-26T11:08:31+00:00\" \/>\n<meta name=\"twitter:card\" content=\"summary_large_image\" \/>\n<meta name=\"twitter:site\" content=\"@ActivoAgetan\" \/>\n<meta name=\"twitter:label1\" content=\"Tempo de lectura\" \/>\n\t<meta name=\"twitter:data1\" content=\"4 minutos\" \/>\n<script type=\"application\/ld+json\" class=\"yoast-schema-graph\">{\"@context\":\"https:\/\/schema.org\",\"@graph\":[{\"@type\":\"WebPage\",\"@id\":\"http:\/\/turismodeaventuraengalicia.es\/gl\/empresas\/aventura-noroeste\/\",\"url\":\"http:\/\/turismodeaventuraengalicia.es\/gl\/empresas\/aventura-noroeste\/\",\"name\":\"Aventura Noroeste - AGETAN: Asociaci\u00f3n de Turismo Activo e Natureza de Galicia\",\"isPartOf\":{\"@id\":\"https:\/\/turismodeaventuraengalicia.es\/gl\/#website\"},\"datePublished\":\"2024-11-22T17:02:14+00:00\",\"dateModified\":\"2024-11-26T11:08:31+00:00\",\"breadcrumb\":{\"@id\":\"http:\/\/turismodeaventuraengalicia.es\/gl\/empresas\/aventura-noroeste\/#breadcrumb\"},\"inLanguage\":\"gl-ES\",\"potentialAction\":[{\"@type\":\"ReadAction\",\"target\":[\"http:\/\/turismodeaventuraengalicia.es\/gl\/empresas\/aventura-noroeste\/\"]}]},{\"@type\":\"BreadcrumbList\",\"@id\":\"http:\/\/turismodeaventuraengalicia.es\/gl\/empresas\/aventura-noroeste\/#breadcrumb\",\"itemListElement\":[{\"@type\":\"ListItem\",\"position\":1,\"name\":\"Portada\",\"item\":\"https:\/\/turismodeaventuraengalicia.es\/gl\/\"},{\"@type\":\"ListItem\",\"position\":2,\"name\":\"Empresas\",\"item\":\"http:\/\/turismodeaventuraengalicia.es\/gl\/empresas\/\"},{\"@type\":\"ListItem\",\"position\":3,\"name\":\"Aventura Noroeste\"}]},{\"@type\":\"WebSite\",\"@id\":\"https:\/\/turismodeaventuraengalicia.es\/gl\/#website\",\"url\":\"https:\/\/turismodeaventuraengalicia.es\/gl\/\",\"name\":\"Turismo de Aventura en Galicia\",\"description\":\"AGETAN es la organizaci\u00f3n representante de empresas y aut\u00f3nomos dedicados al turismo activo en Galicia. Esta es su web oficial.\",\"publisher\":{\"@id\":\"https:\/\/turismodeaventuraengalicia.es\/gl\/#organization\"},\"potentialAction\":[{\"@type\":\"SearchAction\",\"target\":{\"@type\":\"EntryPoint\",\"urlTemplate\":\"https:\/\/turismodeaventuraengalicia.es\/gl\/?s={search_term_string}\"},\"query-input\":{\"@type\":\"PropertyValueSpecification\",\"valueRequired\":true,\"valueName\":\"search_term_string\"}}],\"inLanguage\":\"gl-ES\"},{\"@type\":\"Organization\",\"@id\":\"https:\/\/turismodeaventuraengalicia.es\/gl\/#organization\",\"name\":\"AGETAN\",\"alternateName\":\"Asociaci\u00f3n Galega de Empresas de Turismo Activo, de Aventura e Natureza\",\"url\":\"https:\/\/turismodeaventuraengalicia.es\/gl\/\",\"logo\":{\"@type\":\"ImageObject\",\"inLanguage\":\"gl-ES\",\"@id\":\"https:\/\/turismodeaventuraengalicia.es\/gl\/#\/schema\/logo\/image\/\",\"url\":\"https:\/\/turismodeaventuraengalicia.es\/wp-content\/uploads\/2024\/10\/agetan.jpg\",\"contentUrl\":\"https:\/\/turismodeaventuraengalicia.es\/wp-content\/uploads\/2024\/10\/agetan.jpg\",\"width\":400,\"height\":400,\"caption\":\"AGETAN\"},\"image\":{\"@id\":\"https:\/\/turismodeaventuraengalicia.es\/gl\/#\/schema\/logo\/image\/\"},\"sameAs\":[\"https:\/\/www.facebook.com\/AgetanOficial\",\"https:\/\/x.com\/ActivoAgetan\",\"https:\/\/www.instagram.com\/activoagetan\/\"]}]}<\/script>\n<!-- \/ Yoast SEO plugin. -->","yoast_head_json":{"title":"Aventura Noroeste - AGETAN: Asociaci\u00f3n de Turismo Activo e Natureza de Galicia","robots":{"index":"index","follow":"follow","max-snippet":"max-snippet:-1","max-image-preview":"max-image-preview:large","max-video-preview":"max-video-preview:-1"},"canonical":"http:\/\/turismodeaventuraengalicia.es\/gl\/empresas\/aventura-noroeste\/","og_locale":"gl_ES","og_type":"article","og_title":"Aventura Noroeste - AGETAN: Asociaci\u00f3n de Turismo Activo e Natureza de Galicia","og_url":"http:\/\/turismodeaventuraengalicia.es\/gl\/empresas\/aventura-noroeste\/","og_site_name":"AGETAN: Asociaci\u00f3n de Turismo Activo e Natureza de Galicia","article_publisher":"https:\/\/www.facebook.com\/AgetanOficial","article_modified_time":"2024-11-26T11:08:31+00:00","twitter_card":"summary_large_image","twitter_site":"@ActivoAgetan","twitter_misc":{"Tempo de lectura":"4 minutos"},"schema":{"@context":"https:\/\/schema.org","@graph":[{"@type":"WebPage","@id":"http:\/\/turismodeaventuraengalicia.es\/gl\/empresas\/aventura-noroeste\/","url":"http:\/\/turismodeaventuraengalicia.es\/gl\/empresas\/aventura-noroeste\/","name":"Aventura Noroeste - AGETAN: Asociaci\u00f3n de Turismo Activo e Natureza de Galicia","isPartOf":{"@id":"https:\/\/turismodeaventuraengalicia.es\/gl\/#website"},"datePublished":"2024-11-22T17:02:14+00:00","dateModified":"2024-11-26T11:08:31+00:00","breadcrumb":{"@id":"http:\/\/turismodeaventuraengalicia.es\/gl\/empresas\/aventura-noroeste\/#breadcrumb"},"inLanguage":"gl-ES","potentialAction":[{"@type":"ReadAction","target":["http:\/\/turismodeaventuraengalicia.es\/gl\/empresas\/aventura-noroeste\/"]}]},{"@type":"BreadcrumbList","@id":"http:\/\/turismodeaventuraengalicia.es\/gl\/empresas\/aventura-noroeste\/#breadcrumb","itemListElement":[{"@type":"ListItem","position":1,"name":"Portada","item":"https:\/\/turismodeaventuraengalicia.es\/gl\/"},{"@type":"ListItem","position":2,"name":"Empresas","item":"http:\/\/turismodeaventuraengalicia.es\/gl\/empresas\/"},{"@type":"ListItem","position":3,"name":"Aventura Noroeste"}]},{"@type":"WebSite","@id":"https:\/\/turismodeaventuraengalicia.es\/gl\/#website","url":"https:\/\/turismodeaventuraengalicia.es\/gl\/","name":"Turismo de Aventura en Galicia","description":"AGETAN es la organizaci\u00f3n representante de empresas y aut\u00f3nomos dedicados al turismo activo en Galicia. Esta es su web oficial.","publisher":{"@id":"https:\/\/turismodeaventuraengalicia.es\/gl\/#organization"},"potentialAction":[{"@type":"SearchAction","target":{"@type":"EntryPoint","urlTemplate":"https:\/\/turismodeaventuraengalicia.es\/gl\/?s={search_term_string}"},"query-input":{"@type":"PropertyValueSpecification","valueRequired":true,"valueName":"search_term_string"}}],"inLanguage":"gl-ES"},{"@type":"Organization","@id":"https:\/\/turismodeaventuraengalicia.es\/gl\/#organization","name":"AGETAN","alternateName":"Asociaci\u00f3n Galega de Empresas de Turismo Activo, de Aventura e Natureza","url":"https:\/\/turismodeaventuraengalicia.es\/gl\/","logo":{"@type":"ImageObject","inLanguage":"gl-ES","@id":"https:\/\/turismodeaventuraengalicia.es\/gl\/#\/schema\/logo\/image\/","url":"https:\/\/turismodeaventuraengalicia.es\/wp-content\/uploads\/2024\/10\/agetan.jpg","contentUrl":"https:\/\/turismodeaventuraengalicia.es\/wp-content\/uploads\/2024\/10\/agetan.jpg","width":400,"height":400,"caption":"AGETAN"},"image":{"@id":"https:\/\/turismodeaventuraengalicia.es\/gl\/#\/schema\/logo\/image\/"},"sameAs":["https:\/\/www.facebook.com\/AgetanOficial","https:\/\/x.com\/ActivoAgetan","https:\/\/www.instagram.com\/activoagetan\/"]}]}},"_links":{"self":[{"href":"http:\/\/turismodeaventuraengalicia.es\/gl\/wp-json\/wp\/v2\/pages\/9705","targetHints":{"allow":["GET"]}}],"collection":[{"href":"http:\/\/turismodeaventuraengalicia.es\/gl\/wp-json\/wp\/v2\/pages"}],"about":[{"href":"http:\/\/turismodeaventuraengalicia.es\/gl\/wp-json\/wp\/v2\/types\/page"}],"author":[{"embeddable":true,"href":"http:\/\/turismodeaventuraengalicia.es\/gl\/wp-json\/wp\/v2\/users\/1"}],"replies":[{"embeddable":true,"href":"http:\/\/turismodeaventuraengalicia.es\/gl\/wp-json\/wp\/v2\/comments?post=9705"}],"version-history":[{"count":4,"href":"http:\/\/turismodeaventuraengalicia.es\/gl\/wp-json\/wp\/v2\/pages\/9705\/revisions"}],"predecessor-version":[{"id":9710,"href":"http:\/\/turismodeaventuraengalicia.es\/gl\/wp-json\/wp\/v2\/pages\/9705\/revisions\/9710"}],"up":[{"embeddable":true,"href":"http:\/\/turismodeaventuraengalicia.es\/gl\/wp-json\/wp\/v2\/pages\/9019"}],"wp:attachment":[{"href":"http:\/\/turismodeaventuraengalicia.es\/gl\/wp-json\/wp\/v2\/media?parent=9705"}],"curies":[{"name":"wp","href":"https:\/\/api.w.org\/{rel}","templated":true}]}}