{"id":9942,"date":"2025-04-02T14:11:04","date_gmt":"2025-04-02T14:11:04","guid":{"rendered":"https:\/\/turismodeaventuraengalicia.es\/empresas\/turnauga\/"},"modified":"2025-04-03T08:11:54","modified_gmt":"2025-04-03T08:11:54","slug":"turnauga","status":"publish","type":"page","link":"http:\/\/turismodeaventuraengalicia.es\/gl\/empresas\/turnauga\/","title":{"rendered":"Turnauga"},"content":{"rendered":"<section class=\"l-section wpb_row height_custom color_primary with_img\" id=\"fondoImagenEmpresa\"><div class=\"l-section-img\" role=\"img\" data-img-width=\"900\" data-img-height=\"431\" style=\"background-image: url(http:\/\/turismodeaventuraengalicia.es\/wp-content\/uploads\/2025\/04\/turnauga-agetan.jpg);background-repeat: no-repeat;\"><\/div><div class=\"l-section-h i-cf\"><div class=\"g-cols vc_row via_grid cols_1 laptops-cols_inherit tablets-cols_inherit mobiles-cols_1 valign_top type_default stacking_default\"><div class=\"wpb_column vc_column_container\"><div class=\"vc_column-inner\"><div class=\"w-separator size_medium\"><\/div><h1 class=\"w-text us_custom_eb849559\"><span class=\"w-text-h\"><span class=\"w-text-value\">Turnauga<\/span><\/span><\/h1><div class=\"w-separator size_medium\"><\/div><\/div><\/div><\/div><\/div><\/section><section class=\"l-section wpb_row height_custom\" id=\"introEmpresa\"><div class=\"l-section-h i-cf\"><div class=\"g-cols vc_row via_grid cols_1-2 laptops-cols_inherit tablets-cols_inherit mobiles-cols_1 valign_middle type_default stacking_default\"><div class=\"wpb_column vc_column_container\"><div class=\"vc_column-inner\"><div class=\"w-image align_none\"><div class=\"w-image-h\"><img decoding=\"async\" width=\"367\" height=\"210\" src=\"http:\/\/turismodeaventuraengalicia.es\/wp-content\/uploads\/2025\/04\/turnauga-367-x-210-px.png\" class=\"attachment-large size-large\" alt=\"\" loading=\"lazy\" srcset=\"http:\/\/turismodeaventuraengalicia.es\/wp-content\/uploads\/2025\/04\/turnauga-367-x-210-px.png 367w, http:\/\/turismodeaventuraengalicia.es\/wp-content\/uploads\/2025\/04\/turnauga-367-x-210-px-300x172.png 300w\" sizes=\"auto, (max-width: 367px) 100vw, 367px\" \/><\/div><\/div><\/div><\/div><div class=\"wpb_column vc_column_container\"><div class=\"vc_column-inner\"><div class=\"wpb_text_column\"><div class=\"wpb_wrapper\"><h3>Turnauga<\/h3>\n<p><em>Turismo activo en toda a contorna de Galicia e Portugal<\/em><span>. Fai Rafting, Barranco ou Piragua segundo o teu nivel. Esperta os teus instintos.  <\/span><\/p>\n<\/div><\/div><\/div><\/div><\/div><\/div><\/section><section class=\"l-section wpb_row height_auto\" id=\"galeriaEmpresa\"><div class=\"l-section-h i-cf\"><div class=\"g-cols vc_row via_grid cols_1 laptops-cols_inherit tablets-cols_inherit mobiles-cols_1 valign_top type_default stacking_default\"><div class=\"wpb_column vc_column_container\"><div class=\"vc_column-inner\"><div class=\"g-cols wpb_row via_grid cols_1 laptops-cols_inherit tablets-cols_inherit mobiles-cols_1 valign_top type_default stacking_default\" style=\"--gap:3rem;\"><div class=\"wpb_column vc_column_container\"><div class=\"vc_column-inner\"><div class=\"w-gallery fit_cover type_grid action_popup_image ratio_1x1 count_5\" style=\"--columns:5;--items-gap:10px;\"><div class=\"w-gallery-list\"><div class=\"w-gallery-item\"><div class=\"w-gallery-item-img\"><img loading=\"lazy\" decoding=\"async\" width=\"900\" height=\"675\" src=\"http:\/\/turismodeaventuraengalicia.es\/wp-content\/uploads\/2025\/04\/turnauga-parapente.jpg\" class=\"attachment-large size-large\" alt=\"Turnauga\" srcset=\"http:\/\/turismodeaventuraengalicia.es\/wp-content\/uploads\/2025\/04\/turnauga-parapente.jpg 900w, http:\/\/turismodeaventuraengalicia.es\/wp-content\/uploads\/2025\/04\/turnauga-parapente-300x225.jpg 300w\" sizes=\"auto, (max-width: 900px) 100vw, 900px\" \/><\/div><a class=\"w-gallery-item-link\" aria-label=\"Turnauga\" href=\"http:\/\/turismodeaventuraengalicia.es\/wp-content\/uploads\/2025\/04\/turnauga-parapente.jpg\"><\/a><\/div><div class=\"w-gallery-item\"><div class=\"w-gallery-item-img\"><img loading=\"lazy\" decoding=\"async\" width=\"1024\" height=\"696\" src=\"http:\/\/turismodeaventuraengalicia.es\/wp-content\/uploads\/2025\/04\/turnauga-rafting-1024x696.jpg\" class=\"attachment-large size-large\" alt=\"\" srcset=\"http:\/\/turismodeaventuraengalicia.es\/wp-content\/uploads\/2025\/04\/turnauga-rafting-1024x696.jpg 1024w, http:\/\/turismodeaventuraengalicia.es\/wp-content\/uploads\/2025\/04\/turnauga-rafting-300x204.jpg 300w, http:\/\/turismodeaventuraengalicia.es\/wp-content\/uploads\/2025\/04\/turnauga-rafting.jpg 1128w\" sizes=\"auto, (max-width: 1024px) 100vw, 1024px\" \/><\/div><a class=\"w-gallery-item-link\" aria-label=\"turnauga-rafting\" href=\"http:\/\/turismodeaventuraengalicia.es\/wp-content\/uploads\/2025\/04\/turnauga-rafting.jpg\"><\/a><\/div><div class=\"w-gallery-item\"><div class=\"w-gallery-item-img\"><img loading=\"lazy\" decoding=\"async\" width=\"900\" height=\"675\" src=\"http:\/\/turismodeaventuraengalicia.es\/wp-content\/uploads\/2025\/04\/turnauga-actividades-coruna.jpg\" class=\"attachment-large size-large\" alt=\"\" srcset=\"http:\/\/turismodeaventuraengalicia.es\/wp-content\/uploads\/2025\/04\/turnauga-actividades-coruna.jpg 900w, http:\/\/turismodeaventuraengalicia.es\/wp-content\/uploads\/2025\/04\/turnauga-actividades-coruna-300x225.jpg 300w\" sizes=\"auto, (max-width: 900px) 100vw, 900px\" \/><\/div><a class=\"w-gallery-item-link\" aria-label=\"turnauga-actividades-coruna\" href=\"http:\/\/turismodeaventuraengalicia.es\/wp-content\/uploads\/2025\/04\/turnauga-actividades-coruna.jpg\"><\/a><\/div><div class=\"w-gallery-item\"><div class=\"w-gallery-item-img\"><img loading=\"lazy\" decoding=\"async\" width=\"1024\" height=\"1024\" src=\"http:\/\/turismodeaventuraengalicia.es\/wp-content\/uploads\/2025\/04\/turismoactivo-1024x1024.jpg\" class=\"attachment-large size-large\" alt=\"Turnauga canoa\" srcset=\"http:\/\/turismodeaventuraengalicia.es\/wp-content\/uploads\/2025\/04\/turismoactivo-1024x1024.jpg 1024w, http:\/\/turismodeaventuraengalicia.es\/wp-content\/uploads\/2025\/04\/turismoactivo-300x300.jpg 300w, http:\/\/turismodeaventuraengalicia.es\/wp-content\/uploads\/2025\/04\/turismoactivo-150x150.jpg 150w, http:\/\/turismodeaventuraengalicia.es\/wp-content\/uploads\/2025\/04\/turismoactivo.jpg 1080w\" sizes=\"auto, (max-width: 1024px) 100vw, 1024px\" \/><\/div><a class=\"w-gallery-item-link\" aria-label=\"Turnauga canoa\" href=\"http:\/\/turismodeaventuraengalicia.es\/wp-content\/uploads\/2025\/04\/turismoactivo.jpg\"><\/a><\/div><div class=\"w-gallery-item\"><div class=\"w-gallery-item-img\"><img loading=\"lazy\" decoding=\"async\" width=\"1024\" height=\"1024\" src=\"http:\/\/turismodeaventuraengalicia.es\/wp-content\/uploads\/2025\/04\/turnauga-rafting-agetan-1024x1024.jpg\" class=\"attachment-large size-large\" alt=\"Turnauga rafting agetan\" srcset=\"http:\/\/turismodeaventuraengalicia.es\/wp-content\/uploads\/2025\/04\/turnauga-rafting-agetan-1024x1024.jpg 1024w, http:\/\/turismodeaventuraengalicia.es\/wp-content\/uploads\/2025\/04\/turnauga-rafting-agetan-300x300.jpg 300w, http:\/\/turismodeaventuraengalicia.es\/wp-content\/uploads\/2025\/04\/turnauga-rafting-agetan-150x150.jpg 150w, http:\/\/turismodeaventuraengalicia.es\/wp-content\/uploads\/2025\/04\/turnauga-rafting-agetan.jpg 1080w\" sizes=\"auto, (max-width: 1024px) 100vw, 1024px\" \/><\/div><a class=\"w-gallery-item-link\" aria-label=\"Turnauga rafting agetan\" href=\"http:\/\/turismodeaventuraengalicia.es\/wp-content\/uploads\/2025\/04\/turnauga-rafting-agetan.jpg\"><\/a><\/div><\/div><\/div><\/div><\/div><\/div><\/div><\/div><\/div><\/div><\/section><section class=\"l-section wpb_row height_medium\" id=\"infoEmpresa\"><div class=\"l-section-h i-cf\"><div class=\"g-cols vc_row via_grid cols_1 laptops-cols_inherit tablets-cols_inherit mobiles-cols_1 valign_top type_default stacking_default\" style=\"--gap:0rem;--laptops-gap:0rem;--tablets-gap:3rem;--mobiles-gap:3rem;\"><div class=\"wpb_column vc_column_container\"><div class=\"vc_column-inner\"><div class=\"g-cols wpb_row via_grid cols_2-1 laptops-cols_inherit tablets-cols_inherit mobiles-cols_1 valign_top type_default stacking_default\" style=\"--gap:1rem;--laptops-gap:1rem;--tablets-gap:3rem;--mobiles-gap:3rem;\"><div class=\"wpb_column vc_column_container\"><div class=\"vc_column-inner\"><h4 class=\"w-text us_custom_49f317a8\"><span class=\"w-text-h\"><span class=\"w-text-value\">Informaci\u00f3n<\/span><\/span><\/h4><div class=\"wpb_text_column\"><div class=\"wpb_wrapper\"><p>Somos unha empresa de Turismo Activo e Actividades de Aventura con m\u00e1is de 20 anos de experiencia con oficinas en Pontecesures e Rianxo.<\/p>\n<p>Realizamos as nosas actividades en toda a contorna de Galicia e Norte de Portugal.<\/p>\n<p>As actividades m\u00e1is populares que actualmente realizamos son: Rafting, Canoaxe e roteiros en kaiak.<\/p>\n<p>Con todo, realizamos unha gran variedade de actividades de turismo activo. Estas actividades p\u00f3denas practicar todo tipo de persoas , de diferente condici\u00f3n e idade. Contamos para iso con diferentes itinerarios adaptados \u00e1 capacidade dos participantes.  <\/p>\n<p>Ofrecemos paquetes de aventura a medida.<\/p>\n<\/div><\/div><\/div><\/div><div class=\"wpb_column vc_column_container\"><div class=\"vc_column-inner\"><div class=\"w-socials us_custom_61263217 color_link shape_circle style_outlined hover_fade stretch\"><div class=\"w-socials-list\"><div class=\"w-socials-item custom\"><a href=\"https:\/\/turnauga.es\/\" class=\"w-socials-item-link\" title=\"T\u00edtulo\" aria-label=\"T\u00edtulo\"><span class=\"w-socials-item-link-hover\" style=\"background:var(--color-content-faded);\"><\/span><i class=\"far fa-globe\"><\/i><\/a><div class=\"w-socials-item-popup\"><span>T\u00edtulo<\/span><\/div><\/div><div class=\"w-socials-item facebook\"><a href=\"https:\/\/www.facebook.com\/turnauga\/\" class=\"w-socials-item-link\" title=\"Facebook\" aria-label=\"Facebook\"><span class=\"w-socials-item-link-hover\"><\/span><i class=\"fab fa-facebook\"><\/i><\/a><div class=\"w-socials-item-popup\"><span>Facebook<\/span><\/div><\/div><div class=\"w-socials-item instagram\"><a href=\"https:\/\/www.instagram.com\/turnauga\" class=\"w-socials-item-link\" title=\"Instagram\" aria-label=\"Instagram\"><span class=\"w-socials-item-link-hover\"><\/span><i class=\"fab fa-instagram\"><\/i><\/a><div class=\"w-socials-item-popup\"><span>Instagram<\/span><\/div><\/div><\/div><\/div><div class=\"w-separator size_small\"><\/div><div class=\"w-iconbox us_custom_a2db22b6 has_text_color iconpos_left style_default color_custom align_left no_title\"><div class=\"w-iconbox-icon\" style=\"font-size:1rem;--icon-color:#000000;\"><i class=\"far fa-arrow-right\"><\/i><\/div><div class=\"w-iconbox-meta\"><div class=\"w-iconbox-text\"><p><span>Praia de Tronco, 25 As Cortes &#8211; <\/span><span class=\"font-weight-bold\">Rianxo<\/span><span> <\/span><\/p>\n<\/div><\/div><\/div><div class=\"w-iconbox us_custom_a2db22b6 has_text_color iconpos_left style_default color_custom align_left no_title\"><div class=\"w-iconbox-icon\" style=\"font-size:1rem;--icon-color:#000000;\"><i class=\"far fa-arrow-right\"><\/i><\/div><div class=\"w-iconbox-meta\"><div class=\"w-iconbox-text\"><p><span>609 847 000<\/span><\/p>\n<\/div><\/div><\/div><div class=\"w-iconbox us_custom_a2db22b6 has_text_color iconpos_left style_default color_custom align_left no_title\"><div class=\"w-iconbox-icon\" style=\"font-size:1rem;--icon-color:#000000;\"><i class=\"far fa-arrow-right\"><\/i><\/div><div class=\"w-iconbox-meta\"><div class=\"w-iconbox-text\"><p>turnaugainfo@gmail.com<\/p>\n<\/div><\/div><\/div><div class=\"w-separator size_small\"><\/div><div class=\"w-map provider_google\" id=\"us_map_1\"><div class=\"w-map-inner\"><div class=\"w-map-json\" onclick='return {&quot;address&quot;:&quot;Praia de Tronco, 25 As Cortes - 15920 - Rianxo (A Coru\\u00f1a)&quot;,&quot;disableDragging&quot;:0,&quot;disableZoom&quot;:0,&quot;hideControls&quot;:0,&quot;zoom&quot;:14,&quot;markers&quot;:[{&quot;address&quot;:&quot;Praia de Tronco, 25 As Cortes - 15920 - Rianxo (A Coru\\u00f1a)&quot;,&quot;html&quot;:&quot;&quot;,&quot;infowindow&quot;:0}],&quot;maptype&quot;:&quot;ROADMAP&quot;}'><\/div><\/div><\/div><\/div><\/div><\/div><\/div><\/div><\/div><\/div><\/section>\n","protected":false},"excerpt":{"rendered":"TurnaugaTurnauga Turismo activo en toda a contorna de Galicia e Portugal. Fai Rafting, Barranco ou Piragua segundo o teu nivel. Esperta os teus instintos. Informaci\u00f3nSomos unha empresa de Turismo Activo...","protected":false},"author":1,"featured_media":0,"parent":9019,"menu_order":0,"comment_status":"closed","ping_status":"closed","template":"","meta":{"footnotes":""},"class_list":["post-9942","page","type-page","status-publish","hentry"],"yoast_head":"<!-- This site is optimized with the Yoast SEO plugin v26.0 - https:\/\/yoast.com\/wordpress\/plugins\/seo\/ -->\n<title>Turnauga | AGETAN: Asociaci\u00f3n Galega de empresas de turismo activo e natureza<\/title>\n<meta name=\"description\" content=\"Turnagua es una empresa de turismo activo ubicada en Rianxo (A Coru\u00f1a) que realiza actividades de turismo activo en toda Galicia y Portugal.\" \/>\n<meta name=\"robots\" content=\"index, follow, max-snippet:-1, max-image-preview:large, max-video-preview:-1\" \/>\n<link rel=\"canonical\" href=\"http:\/\/turismodeaventuraengalicia.es\/gl\/empresas\/turnauga\/\" \/>\n<meta property=\"og:locale\" content=\"gl_ES\" \/>\n<meta property=\"og:type\" content=\"article\" \/>\n<meta property=\"og:title\" content=\"Turnauga | AGETAN: Asociaci\u00f3n Galega de empresas de turismo activo e natureza\" \/>\n<meta property=\"og:description\" content=\"Turnagua es una empresa de turismo activo ubicada en Rianxo (A Coru\u00f1a) que realiza actividades de turismo activo en toda Galicia y Portugal.\" \/>\n<meta property=\"og:url\" content=\"http:\/\/turismodeaventuraengalicia.es\/gl\/empresas\/turnauga\/\" \/>\n<meta property=\"og:site_name\" content=\"AGETAN: Asociaci\u00f3n de Turismo Activo e Natureza de Galicia\" \/>\n<meta property=\"article:publisher\" content=\"https:\/\/www.facebook.com\/AgetanOficial\" \/>\n<meta property=\"article:modified_time\" content=\"2025-04-03T08:11:54+00:00\" \/>\n<meta name=\"twitter:card\" content=\"summary_large_image\" \/>\n<meta name=\"twitter:site\" content=\"@ActivoAgetan\" \/>\n<meta name=\"twitter:label1\" content=\"Tempo de lectura\" \/>\n\t<meta name=\"twitter:data1\" content=\"3 minutos\" \/>\n<script type=\"application\/ld+json\" class=\"yoast-schema-graph\">{\"@context\":\"https:\/\/schema.org\",\"@graph\":[{\"@type\":\"WebPage\",\"@id\":\"http:\/\/turismodeaventuraengalicia.es\/gl\/empresas\/turnauga\/\",\"url\":\"http:\/\/turismodeaventuraengalicia.es\/gl\/empresas\/turnauga\/\",\"name\":\"Turnauga | AGETAN: Asociaci\u00f3n Galega de empresas de turismo activo e natureza\",\"isPartOf\":{\"@id\":\"http:\/\/turismodeaventuraengalicia.es\/gl\/#website\"},\"datePublished\":\"2025-04-02T14:11:04+00:00\",\"dateModified\":\"2025-04-03T08:11:54+00:00\",\"description\":\"Turnagua es una empresa de turismo activo ubicada en Rianxo (A Coru\u00f1a) que realiza actividades de turismo activo en toda Galicia y Portugal.\",\"breadcrumb\":{\"@id\":\"http:\/\/turismodeaventuraengalicia.es\/gl\/empresas\/turnauga\/#breadcrumb\"},\"inLanguage\":\"gl-ES\",\"potentialAction\":[{\"@type\":\"ReadAction\",\"target\":[\"http:\/\/turismodeaventuraengalicia.es\/gl\/empresas\/turnauga\/\"]}]},{\"@type\":\"BreadcrumbList\",\"@id\":\"http:\/\/turismodeaventuraengalicia.es\/gl\/empresas\/turnauga\/#breadcrumb\",\"itemListElement\":[{\"@type\":\"ListItem\",\"position\":1,\"name\":\"Portada\",\"item\":\"http:\/\/turismodeaventuraengalicia.es\/gl\/\"},{\"@type\":\"ListItem\",\"position\":2,\"name\":\"Empresas\",\"item\":\"https:\/\/turismodeaventuraengalicia.es\/gl\/empresas\/\"},{\"@type\":\"ListItem\",\"position\":3,\"name\":\"Turnauga\"}]},{\"@type\":\"WebSite\",\"@id\":\"http:\/\/turismodeaventuraengalicia.es\/gl\/#website\",\"url\":\"http:\/\/turismodeaventuraengalicia.es\/gl\/\",\"name\":\"Turismo de Aventura en Galicia\",\"description\":\"AGETAN es la organizaci\u00f3n representante de empresas y aut\u00f3nomos dedicados al turismo activo en Galicia. Esta es su web oficial.\",\"publisher\":{\"@id\":\"http:\/\/turismodeaventuraengalicia.es\/gl\/#organization\"},\"potentialAction\":[{\"@type\":\"SearchAction\",\"target\":{\"@type\":\"EntryPoint\",\"urlTemplate\":\"http:\/\/turismodeaventuraengalicia.es\/gl\/?s={search_term_string}\"},\"query-input\":{\"@type\":\"PropertyValueSpecification\",\"valueRequired\":true,\"valueName\":\"search_term_string\"}}],\"inLanguage\":\"gl-ES\"},{\"@type\":\"Organization\",\"@id\":\"http:\/\/turismodeaventuraengalicia.es\/gl\/#organization\",\"name\":\"AGETAN\",\"alternateName\":\"Asociaci\u00f3n Galega de Empresas de Turismo Activo, de Aventura e Natureza\",\"url\":\"http:\/\/turismodeaventuraengalicia.es\/gl\/\",\"logo\":{\"@type\":\"ImageObject\",\"inLanguage\":\"gl-ES\",\"@id\":\"http:\/\/turismodeaventuraengalicia.es\/gl\/#\/schema\/logo\/image\/\",\"url\":\"https:\/\/turismodeaventuraengalicia.es\/wp-content\/uploads\/2024\/10\/agetan.jpg\",\"contentUrl\":\"https:\/\/turismodeaventuraengalicia.es\/wp-content\/uploads\/2024\/10\/agetan.jpg\",\"width\":400,\"height\":400,\"caption\":\"AGETAN\"},\"image\":{\"@id\":\"http:\/\/turismodeaventuraengalicia.es\/gl\/#\/schema\/logo\/image\/\"},\"sameAs\":[\"https:\/\/www.facebook.com\/AgetanOficial\",\"https:\/\/x.com\/ActivoAgetan\",\"https:\/\/www.instagram.com\/activoagetan\/\"]}]}<\/script>\n<!-- \/ Yoast SEO plugin. -->","yoast_head_json":{"title":"Turnauga | AGETAN: Asociaci\u00f3n Galega de empresas de turismo activo e natureza","description":"Turnagua es una empresa de turismo activo ubicada en Rianxo (A Coru\u00f1a) que realiza actividades de turismo activo en toda Galicia y Portugal.","robots":{"index":"index","follow":"follow","max-snippet":"max-snippet:-1","max-image-preview":"max-image-preview:large","max-video-preview":"max-video-preview:-1"},"canonical":"http:\/\/turismodeaventuraengalicia.es\/gl\/empresas\/turnauga\/","og_locale":"gl_ES","og_type":"article","og_title":"Turnauga | AGETAN: Asociaci\u00f3n Galega de empresas de turismo activo e natureza","og_description":"Turnagua es una empresa de turismo activo ubicada en Rianxo (A Coru\u00f1a) que realiza actividades de turismo activo en toda Galicia y Portugal.","og_url":"http:\/\/turismodeaventuraengalicia.es\/gl\/empresas\/turnauga\/","og_site_name":"AGETAN: Asociaci\u00f3n de Turismo Activo e Natureza de Galicia","article_publisher":"https:\/\/www.facebook.com\/AgetanOficial","article_modified_time":"2025-04-03T08:11:54+00:00","twitter_card":"summary_large_image","twitter_site":"@ActivoAgetan","twitter_misc":{"Tempo de lectura":"3 minutos"},"schema":{"@context":"https:\/\/schema.org","@graph":[{"@type":"WebPage","@id":"http:\/\/turismodeaventuraengalicia.es\/gl\/empresas\/turnauga\/","url":"http:\/\/turismodeaventuraengalicia.es\/gl\/empresas\/turnauga\/","name":"Turnauga | AGETAN: Asociaci\u00f3n Galega de empresas de turismo activo e natureza","isPartOf":{"@id":"http:\/\/turismodeaventuraengalicia.es\/gl\/#website"},"datePublished":"2025-04-02T14:11:04+00:00","dateModified":"2025-04-03T08:11:54+00:00","description":"Turnagua es una empresa de turismo activo ubicada en Rianxo (A Coru\u00f1a) que realiza actividades de turismo activo en toda Galicia y Portugal.","breadcrumb":{"@id":"http:\/\/turismodeaventuraengalicia.es\/gl\/empresas\/turnauga\/#breadcrumb"},"inLanguage":"gl-ES","potentialAction":[{"@type":"ReadAction","target":["http:\/\/turismodeaventuraengalicia.es\/gl\/empresas\/turnauga\/"]}]},{"@type":"BreadcrumbList","@id":"http:\/\/turismodeaventuraengalicia.es\/gl\/empresas\/turnauga\/#breadcrumb","itemListElement":[{"@type":"ListItem","position":1,"name":"Portada","item":"http:\/\/turismodeaventuraengalicia.es\/gl\/"},{"@type":"ListItem","position":2,"name":"Empresas","item":"https:\/\/turismodeaventuraengalicia.es\/gl\/empresas\/"},{"@type":"ListItem","position":3,"name":"Turnauga"}]},{"@type":"WebSite","@id":"http:\/\/turismodeaventuraengalicia.es\/gl\/#website","url":"http:\/\/turismodeaventuraengalicia.es\/gl\/","name":"Turismo de Aventura en Galicia","description":"AGETAN es la organizaci\u00f3n representante de empresas y aut\u00f3nomos dedicados al turismo activo en Galicia. Esta es su web oficial.","publisher":{"@id":"http:\/\/turismodeaventuraengalicia.es\/gl\/#organization"},"potentialAction":[{"@type":"SearchAction","target":{"@type":"EntryPoint","urlTemplate":"http:\/\/turismodeaventuraengalicia.es\/gl\/?s={search_term_string}"},"query-input":{"@type":"PropertyValueSpecification","valueRequired":true,"valueName":"search_term_string"}}],"inLanguage":"gl-ES"},{"@type":"Organization","@id":"http:\/\/turismodeaventuraengalicia.es\/gl\/#organization","name":"AGETAN","alternateName":"Asociaci\u00f3n Galega de Empresas de Turismo Activo, de Aventura e Natureza","url":"http:\/\/turismodeaventuraengalicia.es\/gl\/","logo":{"@type":"ImageObject","inLanguage":"gl-ES","@id":"http:\/\/turismodeaventuraengalicia.es\/gl\/#\/schema\/logo\/image\/","url":"https:\/\/turismodeaventuraengalicia.es\/wp-content\/uploads\/2024\/10\/agetan.jpg","contentUrl":"https:\/\/turismodeaventuraengalicia.es\/wp-content\/uploads\/2024\/10\/agetan.jpg","width":400,"height":400,"caption":"AGETAN"},"image":{"@id":"http:\/\/turismodeaventuraengalicia.es\/gl\/#\/schema\/logo\/image\/"},"sameAs":["https:\/\/www.facebook.com\/AgetanOficial","https:\/\/x.com\/ActivoAgetan","https:\/\/www.instagram.com\/activoagetan\/"]}]}},"_links":{"self":[{"href":"http:\/\/turismodeaventuraengalicia.es\/gl\/wp-json\/wp\/v2\/pages\/9942","targetHints":{"allow":["GET"]}}],"collection":[{"href":"http:\/\/turismodeaventuraengalicia.es\/gl\/wp-json\/wp\/v2\/pages"}],"about":[{"href":"http:\/\/turismodeaventuraengalicia.es\/gl\/wp-json\/wp\/v2\/types\/page"}],"author":[{"embeddable":true,"href":"http:\/\/turismodeaventuraengalicia.es\/gl\/wp-json\/wp\/v2\/users\/1"}],"replies":[{"embeddable":true,"href":"http:\/\/turismodeaventuraengalicia.es\/gl\/wp-json\/wp\/v2\/comments?post=9942"}],"version-history":[{"count":2,"href":"http:\/\/turismodeaventuraengalicia.es\/gl\/wp-json\/wp\/v2\/pages\/9942\/revisions"}],"predecessor-version":[{"id":9944,"href":"http:\/\/turismodeaventuraengalicia.es\/gl\/wp-json\/wp\/v2\/pages\/9942\/revisions\/9944"}],"up":[{"embeddable":true,"href":"http:\/\/turismodeaventuraengalicia.es\/gl\/wp-json\/wp\/v2\/pages\/9019"}],"wp:attachment":[{"href":"http:\/\/turismodeaventuraengalicia.es\/gl\/wp-json\/wp\/v2\/media?parent=9942"}],"curies":[{"name":"wp","href":"https:\/\/api.w.org\/{rel}","templated":true}]}}