{"id":9948,"date":"2024-11-22T16:54:12","date_gmt":"2024-11-22T16:54:12","guid":{"rendered":"https:\/\/turismodeaventuraengalicia.es\/empresas\/rutea\/"},"modified":"2025-04-03T08:27:35","modified_gmt":"2025-04-03T08:27:35","slug":"rutea","status":"publish","type":"page","link":"http:\/\/turismodeaventuraengalicia.es\/gl\/empresas\/rutea\/","title":{"rendered":"Rutea"},"content":{"rendered":"<section class=\"l-section wpb_row height_custom color_primary with_img\" id=\"fondoImagenEmpresa\"><div class=\"l-section-img\" role=\"img\" data-img-width=\"850\" data-img-height=\"525\" style=\"background-image: url(http:\/\/turismodeaventuraengalicia.es\/wp-content\/uploads\/2024\/11\/rutea-6.jpeg);background-repeat: no-repeat;\"><\/div><div class=\"l-section-h i-cf\"><div class=\"g-cols vc_row via_grid cols_1 laptops-cols_inherit tablets-cols_inherit mobiles-cols_1 valign_top type_default stacking_default\"><div class=\"wpb_column vc_column_container\"><div class=\"vc_column-inner\"><div class=\"w-separator size_medium\"><\/div><h1 class=\"w-text us_custom_eb849559\"><span class=\"w-text-h\"><span class=\"w-text-value\">Rutea<\/span><\/span><\/h1><div class=\"w-separator size_medium\"><\/div><\/div><\/div><\/div><\/div><\/section><section class=\"l-section wpb_row height_custom\" id=\"introEmpresa\"><div class=\"l-section-h i-cf\"><div class=\"g-cols vc_row via_grid cols_1-2 laptops-cols_inherit tablets-cols_inherit mobiles-cols_1 valign_middle type_default stacking_default\"><div class=\"wpb_column vc_column_container\"><div class=\"vc_column-inner\"><div class=\"w-image align_none\"><div class=\"w-image-h\"><img decoding=\"async\" width=\"367\" height=\"210\" src=\"http:\/\/turismodeaventuraengalicia.es\/wp-content\/uploads\/2024\/11\/logo-senderismogalicia.jpg\" class=\"attachment-large size-large\" alt=\"Socio de AGETAN: Rutea\" loading=\"lazy\" srcset=\"http:\/\/turismodeaventuraengalicia.es\/wp-content\/uploads\/2024\/11\/logo-senderismogalicia.jpg 367w, http:\/\/turismodeaventuraengalicia.es\/wp-content\/uploads\/2024\/11\/logo-senderismogalicia-300x172.jpg 300w\" sizes=\"auto, (max-width: 367px) 100vw, 367px\" \/><\/div><\/div><\/div><\/div><div class=\"wpb_column vc_column_container\"><div class=\"vc_column-inner\"><div class=\"wpb_text_column\"><div class=\"wpb_wrapper\"><h3>Rutea<\/h3>\n<p><span>Axencia de viaxes en li\u00f1a especializada na organizaci\u00f3n de actividades de sendeirismo, natureza e aventura, especialmente actividades para grupos. Asesoramento personalizado en aloxamentos, actividades, comidas, gu\u00edas. <\/span><\/p>\n<p>&nbsp;<\/p>\n<p><span> <\/span><\/p>\n<\/div><\/div><\/div><\/div><\/div><\/div><\/section><section class=\"l-section wpb_row height_auto\" id=\"galeriaEmpresa\"><div class=\"l-section-h i-cf\"><div class=\"g-cols vc_row via_grid cols_1 laptops-cols_inherit tablets-cols_inherit mobiles-cols_1 valign_top type_default stacking_default\"><div class=\"wpb_column vc_column_container\"><div class=\"vc_column-inner\"><div class=\"g-cols wpb_row via_grid cols_1 laptops-cols_inherit tablets-cols_inherit mobiles-cols_1 valign_top type_default stacking_default\" style=\"--gap:3rem;\"><div class=\"wpb_column vc_column_container\"><div class=\"vc_column-inner\"><div class=\"w-gallery fit_cover type_grid action_popup_image ratio_1x1 count_5\" style=\"--columns:5;--items-gap:10px;\"><div class=\"w-gallery-list\"><div class=\"w-gallery-item\"><div class=\"w-gallery-item-img\"><img loading=\"lazy\" decoding=\"async\" width=\"850\" height=\"543\" src=\"http:\/\/turismodeaventuraengalicia.es\/wp-content\/uploads\/2024\/11\/rutea-2.jpeg\" class=\"attachment-large size-large\" alt=\"Rutea: empresa de turismo activo en Galicia\" srcset=\"http:\/\/turismodeaventuraengalicia.es\/wp-content\/uploads\/2024\/11\/rutea-2.jpeg 850w, http:\/\/turismodeaventuraengalicia.es\/wp-content\/uploads\/2024\/11\/rutea-2-300x192.jpeg 300w\" sizes=\"auto, (max-width: 850px) 100vw, 850px\" \/><\/div><a class=\"w-gallery-item-link\" aria-label=\"Rutea: empresa de turismo activo en Galicia\" href=\"http:\/\/turismodeaventuraengalicia.es\/wp-content\/uploads\/2024\/11\/rutea-2.jpeg\"><\/a><\/div><div class=\"w-gallery-item\"><div class=\"w-gallery-item-img\"><img loading=\"lazy\" decoding=\"async\" width=\"850\" height=\"548\" src=\"http:\/\/turismodeaventuraengalicia.es\/wp-content\/uploads\/2024\/11\/rutea-3.jpeg\" class=\"attachment-large size-large\" alt=\"Rutea: rutas de senderismo en Galicia\" srcset=\"http:\/\/turismodeaventuraengalicia.es\/wp-content\/uploads\/2024\/11\/rutea-3.jpeg 850w, http:\/\/turismodeaventuraengalicia.es\/wp-content\/uploads\/2024\/11\/rutea-3-300x193.jpeg 300w\" sizes=\"auto, (max-width: 850px) 100vw, 850px\" \/><\/div><a class=\"w-gallery-item-link\" aria-label=\"Rutea: rutas de senderismo en Galicia\" href=\"http:\/\/turismodeaventuraengalicia.es\/wp-content\/uploads\/2024\/11\/rutea-3.jpeg\"><\/a><\/div><div class=\"w-gallery-item\"><div class=\"w-gallery-item-img\"><img loading=\"lazy\" decoding=\"async\" width=\"850\" height=\"567\" src=\"http:\/\/turismodeaventuraengalicia.es\/wp-content\/uploads\/2024\/11\/rutea-4.jpeg\" class=\"attachment-large size-large\" alt=\"Rutea: empresa de turismo activo en Galicia\" srcset=\"http:\/\/turismodeaventuraengalicia.es\/wp-content\/uploads\/2024\/11\/rutea-4.jpeg 850w, http:\/\/turismodeaventuraengalicia.es\/wp-content\/uploads\/2024\/11\/rutea-4-300x200.jpeg 300w\" sizes=\"auto, (max-width: 850px) 100vw, 850px\" \/><\/div><a class=\"w-gallery-item-link\" aria-label=\"Rutea: empresa de turismo activo en Galicia\" href=\"http:\/\/turismodeaventuraengalicia.es\/wp-content\/uploads\/2024\/11\/rutea-4.jpeg\"><\/a><\/div><div class=\"w-gallery-item\"><div class=\"w-gallery-item-img\"><img loading=\"lazy\" decoding=\"async\" width=\"850\" height=\"478\" src=\"http:\/\/turismodeaventuraengalicia.es\/wp-content\/uploads\/2024\/11\/rutea-5.jpeg\" class=\"attachment-large size-large\" alt=\"Rutea: rutas de senderismo para grupos en Galicia\" srcset=\"http:\/\/turismodeaventuraengalicia.es\/wp-content\/uploads\/2024\/11\/rutea-5.jpeg 850w, http:\/\/turismodeaventuraengalicia.es\/wp-content\/uploads\/2024\/11\/rutea-5-300x169.jpeg 300w\" sizes=\"auto, (max-width: 850px) 100vw, 850px\" \/><\/div><a class=\"w-gallery-item-link\" aria-label=\"Rutea: rutas de senderismo para grupos en Galicia\" href=\"http:\/\/turismodeaventuraengalicia.es\/wp-content\/uploads\/2024\/11\/rutea-5.jpeg\"><\/a><\/div><div class=\"w-gallery-item\"><div class=\"w-gallery-item-img\"><img loading=\"lazy\" decoding=\"async\" width=\"850\" height=\"525\" src=\"http:\/\/turismodeaventuraengalicia.es\/wp-content\/uploads\/2024\/11\/rutea-6.jpeg\" class=\"attachment-large size-large\" alt=\"Rutea:\" srcset=\"http:\/\/turismodeaventuraengalicia.es\/wp-content\/uploads\/2024\/11\/rutea-6.jpeg 850w, http:\/\/turismodeaventuraengalicia.es\/wp-content\/uploads\/2024\/11\/rutea-6-300x185.jpeg 300w\" sizes=\"auto, (max-width: 850px) 100vw, 850px\" \/><\/div><a class=\"w-gallery-item-link\" aria-label=\"Rutea: \" href=\"http:\/\/turismodeaventuraengalicia.es\/wp-content\/uploads\/2024\/11\/rutea-6.jpeg\"><\/a><\/div><\/div><\/div><\/div><\/div><\/div><\/div><\/div><\/div><\/div><\/section><section class=\"l-section wpb_row height_medium\" id=\"infoEmpresa\"><div class=\"l-section-h i-cf\"><div class=\"g-cols vc_row via_grid cols_1 laptops-cols_inherit tablets-cols_inherit mobiles-cols_1 valign_top type_default stacking_default\" style=\"--gap:0rem;--laptops-gap:0rem;--tablets-gap:3rem;--mobiles-gap:3rem;\"><div class=\"wpb_column vc_column_container\"><div class=\"vc_column-inner\"><div class=\"g-cols wpb_row via_grid cols_2-1 laptops-cols_inherit tablets-cols_inherit mobiles-cols_1 valign_top type_default stacking_default\" style=\"--gap:1rem;--laptops-gap:1rem;--tablets-gap:3rem;--mobiles-gap:3rem;\"><div class=\"wpb_column vc_column_container\"><div class=\"vc_column-inner\"><h4 class=\"w-text us_custom_49f317a8\"><span class=\"w-text-h\"><span class=\"w-text-value\">Informaci\u00f3n<\/span><\/span><\/h4><div class=\"wpb_text_column\"><div class=\"wpb_wrapper\"><p><span>Axencia de viaxes en li\u00f1a especializada na organizaci\u00f3n de actividades de sendeirismo, natureza e aventura, especialmente actividades para grupos. Asesoramento personalizado en aloxamentos, actividades, comidas, gu\u00edas. <\/span><span> <\/span><\/p>\n<p><span>Rutea Travel naceu en 2015 como resultado da paix\u00f3n pola natureza, as paisaxes e a cultura de Galicia. Desde ent\u00f3n levamos a cabo centos de actividades e gozamos con miles de persoas das marabillas que ofrece a nosa terra, ademais de sa\u00edr a co\u00f1ecer outros lugares de toda Espa\u00f1a, Francia, Portugal &#8230; e mesmo terras tan afastadas como Islandia. <\/span><\/p>\n<\/div><\/div><\/div><\/div><div class=\"wpb_column vc_column_container\"><div class=\"vc_column-inner\"><div class=\"w-socials us_custom_61263217 color_link shape_circle style_outlined hover_fade\"><div class=\"w-socials-list\"><div class=\"w-socials-item custom\"><a href=\"http:\/\/www.senderismogalicia.gal\/\" class=\"w-socials-item-link\" title=\"T\u00edtulo\" aria-label=\"T\u00edtulo\"><span class=\"w-socials-item-link-hover\" style=\"background:var(--color-content-faded);\"><\/span><i class=\"far fa-globe\"><\/i><\/a><div class=\"w-socials-item-popup\"><span>T\u00edtulo<\/span><\/div><\/div><div class=\"w-socials-item facebook\"><a href=\"https:\/\/www.facebook.com\/Rutea.Guias\/?locale=es_ES\" class=\"w-socials-item-link\" title=\"Facebook\" aria-label=\"Facebook\"><span class=\"w-socials-item-link-hover\"><\/span><i class=\"fab fa-facebook\"><\/i><\/a><div class=\"w-socials-item-popup\"><span>Facebook<\/span><\/div><\/div><div class=\"w-socials-item instagram\"><a href=\"https:\/\/www.instagram.com\/rutea_es\/?hl=es\" class=\"w-socials-item-link\" title=\"Instagram\" aria-label=\"Instagram\"><span class=\"w-socials-item-link-hover\"><\/span><i class=\"fab fa-instagram\"><\/i><\/a><div class=\"w-socials-item-popup\"><span>Instagram<\/span><\/div><\/div><\/div><\/div><div class=\"w-separator size_small\"><\/div><div class=\"w-iconbox us_custom_a2db22b6 has_text_color iconpos_left style_default color_custom align_left no_title\"><div class=\"w-iconbox-icon\" style=\"font-size:1rem;--icon-color:#000000;\"><i class=\"far fa-arrow-right\"><\/i><\/div><div class=\"w-iconbox-meta\"><div class=\"w-iconbox-text\"><p><span class=\"color_15 wixui-rich-text__text\"><span class=\"wixui-rich-text__text\">636085133<\/span><\/span><\/p>\n<\/div><\/div><\/div><div class=\"w-iconbox us_custom_a2db22b6 has_text_color iconpos_left style_default color_custom align_left no_title\"><div class=\"w-iconbox-icon\" style=\"font-size:1rem;--icon-color:#000000;\"><i class=\"far fa-arrow-right\"><\/i><\/div><div class=\"w-iconbox-meta\"><div class=\"w-iconbox-text\"><p><span class=\"color_15 wixui-rich-text__text\"><span class=\"wixui-rich-text__text\">contacto@rutea.es<\/span><\/span><\/p>\n<\/div><\/div><\/div><div class=\"w-separator size_small\"><\/div><\/div><\/div><\/div><\/div><\/div><\/div><\/div><\/section>\n","protected":false},"excerpt":{"rendered":"RuteaRutea Axencia de viaxes en li\u00f1a especializada na organizaci\u00f3n de actividades de sendeirismo, natureza e aventura, especialmente actividades para grupos. Asesoramento personalizado en aloxamentos, actividades, comidas, gu\u00edas. &nbsp; Informaci\u00f3nAxencia de...","protected":false},"author":1,"featured_media":0,"parent":9019,"menu_order":0,"comment_status":"closed","ping_status":"closed","template":"","meta":{"footnotes":""},"class_list":["post-9948","page","type-page","status-publish","hentry"],"yoast_head":"<!-- This site is optimized with the Yoast SEO plugin v26.0 - https:\/\/yoast.com\/wordpress\/plugins\/seo\/ -->\n<title>Rutea - AGETAN: Asociaci\u00f3n de Turismo Activo e Natureza de Galicia<\/title>\n<meta name=\"robots\" content=\"index, follow, max-snippet:-1, max-image-preview:large, max-video-preview:-1\" \/>\n<link rel=\"canonical\" href=\"http:\/\/turismodeaventuraengalicia.es\/gl\/empresas\/rutea\/\" \/>\n<meta property=\"og:locale\" content=\"gl_ES\" \/>\n<meta property=\"og:type\" content=\"article\" \/>\n<meta property=\"og:title\" content=\"Rutea - AGETAN: Asociaci\u00f3n de Turismo Activo e Natureza de Galicia\" \/>\n<meta property=\"og:url\" content=\"http:\/\/turismodeaventuraengalicia.es\/gl\/empresas\/rutea\/\" \/>\n<meta property=\"og:site_name\" content=\"AGETAN: Asociaci\u00f3n de Turismo Activo e Natureza de Galicia\" \/>\n<meta property=\"article:publisher\" content=\"https:\/\/www.facebook.com\/AgetanOficial\" \/>\n<meta property=\"article:modified_time\" content=\"2025-04-03T08:27:35+00:00\" \/>\n<meta name=\"twitter:card\" content=\"summary_large_image\" \/>\n<meta name=\"twitter:site\" content=\"@ActivoAgetan\" \/>\n<meta name=\"twitter:label1\" content=\"Tempo de lectura\" \/>\n\t<meta name=\"twitter:data1\" content=\"3 minutos\" \/>\n<script type=\"application\/ld+json\" class=\"yoast-schema-graph\">{\"@context\":\"https:\/\/schema.org\",\"@graph\":[{\"@type\":\"WebPage\",\"@id\":\"http:\/\/turismodeaventuraengalicia.es\/gl\/empresas\/rutea\/\",\"url\":\"http:\/\/turismodeaventuraengalicia.es\/gl\/empresas\/rutea\/\",\"name\":\"Rutea - AGETAN: Asociaci\u00f3n de Turismo Activo e Natureza de Galicia\",\"isPartOf\":{\"@id\":\"https:\/\/turismodeaventuraengalicia.es\/gl\/#website\"},\"datePublished\":\"2024-11-22T16:54:12+00:00\",\"dateModified\":\"2025-04-03T08:27:35+00:00\",\"breadcrumb\":{\"@id\":\"http:\/\/turismodeaventuraengalicia.es\/gl\/empresas\/rutea\/#breadcrumb\"},\"inLanguage\":\"gl-ES\",\"potentialAction\":[{\"@type\":\"ReadAction\",\"target\":[\"http:\/\/turismodeaventuraengalicia.es\/gl\/empresas\/rutea\/\"]}]},{\"@type\":\"BreadcrumbList\",\"@id\":\"http:\/\/turismodeaventuraengalicia.es\/gl\/empresas\/rutea\/#breadcrumb\",\"itemListElement\":[{\"@type\":\"ListItem\",\"position\":1,\"name\":\"Portada\",\"item\":\"https:\/\/turismodeaventuraengalicia.es\/gl\/\"},{\"@type\":\"ListItem\",\"position\":2,\"name\":\"Empresas\",\"item\":\"http:\/\/turismodeaventuraengalicia.es\/gl\/empresas\/\"},{\"@type\":\"ListItem\",\"position\":3,\"name\":\"Rutea\"}]},{\"@type\":\"WebSite\",\"@id\":\"https:\/\/turismodeaventuraengalicia.es\/gl\/#website\",\"url\":\"https:\/\/turismodeaventuraengalicia.es\/gl\/\",\"name\":\"Turismo de Aventura en Galicia\",\"description\":\"AGETAN es la organizaci\u00f3n representante de empresas y aut\u00f3nomos dedicados al turismo activo en Galicia. Esta es su web oficial.\",\"publisher\":{\"@id\":\"https:\/\/turismodeaventuraengalicia.es\/gl\/#organization\"},\"potentialAction\":[{\"@type\":\"SearchAction\",\"target\":{\"@type\":\"EntryPoint\",\"urlTemplate\":\"https:\/\/turismodeaventuraengalicia.es\/gl\/?s={search_term_string}\"},\"query-input\":{\"@type\":\"PropertyValueSpecification\",\"valueRequired\":true,\"valueName\":\"search_term_string\"}}],\"inLanguage\":\"gl-ES\"},{\"@type\":\"Organization\",\"@id\":\"https:\/\/turismodeaventuraengalicia.es\/gl\/#organization\",\"name\":\"AGETAN\",\"alternateName\":\"Asociaci\u00f3n Galega de Empresas de Turismo Activo, de Aventura e Natureza\",\"url\":\"https:\/\/turismodeaventuraengalicia.es\/gl\/\",\"logo\":{\"@type\":\"ImageObject\",\"inLanguage\":\"gl-ES\",\"@id\":\"https:\/\/turismodeaventuraengalicia.es\/gl\/#\/schema\/logo\/image\/\",\"url\":\"https:\/\/turismodeaventuraengalicia.es\/wp-content\/uploads\/2024\/10\/agetan.jpg\",\"contentUrl\":\"https:\/\/turismodeaventuraengalicia.es\/wp-content\/uploads\/2024\/10\/agetan.jpg\",\"width\":400,\"height\":400,\"caption\":\"AGETAN\"},\"image\":{\"@id\":\"https:\/\/turismodeaventuraengalicia.es\/gl\/#\/schema\/logo\/image\/\"},\"sameAs\":[\"https:\/\/www.facebook.com\/AgetanOficial\",\"https:\/\/x.com\/ActivoAgetan\",\"https:\/\/www.instagram.com\/activoagetan\/\"]}]}<\/script>\n<!-- \/ Yoast SEO plugin. -->","yoast_head_json":{"title":"Rutea - AGETAN: Asociaci\u00f3n de Turismo Activo e Natureza de Galicia","robots":{"index":"index","follow":"follow","max-snippet":"max-snippet:-1","max-image-preview":"max-image-preview:large","max-video-preview":"max-video-preview:-1"},"canonical":"http:\/\/turismodeaventuraengalicia.es\/gl\/empresas\/rutea\/","og_locale":"gl_ES","og_type":"article","og_title":"Rutea - AGETAN: Asociaci\u00f3n de Turismo Activo e Natureza de Galicia","og_url":"http:\/\/turismodeaventuraengalicia.es\/gl\/empresas\/rutea\/","og_site_name":"AGETAN: Asociaci\u00f3n de Turismo Activo e Natureza de Galicia","article_publisher":"https:\/\/www.facebook.com\/AgetanOficial","article_modified_time":"2025-04-03T08:27:35+00:00","twitter_card":"summary_large_image","twitter_site":"@ActivoAgetan","twitter_misc":{"Tempo de lectura":"3 minutos"},"schema":{"@context":"https:\/\/schema.org","@graph":[{"@type":"WebPage","@id":"http:\/\/turismodeaventuraengalicia.es\/gl\/empresas\/rutea\/","url":"http:\/\/turismodeaventuraengalicia.es\/gl\/empresas\/rutea\/","name":"Rutea - AGETAN: Asociaci\u00f3n de Turismo Activo e Natureza de Galicia","isPartOf":{"@id":"https:\/\/turismodeaventuraengalicia.es\/gl\/#website"},"datePublished":"2024-11-22T16:54:12+00:00","dateModified":"2025-04-03T08:27:35+00:00","breadcrumb":{"@id":"http:\/\/turismodeaventuraengalicia.es\/gl\/empresas\/rutea\/#breadcrumb"},"inLanguage":"gl-ES","potentialAction":[{"@type":"ReadAction","target":["http:\/\/turismodeaventuraengalicia.es\/gl\/empresas\/rutea\/"]}]},{"@type":"BreadcrumbList","@id":"http:\/\/turismodeaventuraengalicia.es\/gl\/empresas\/rutea\/#breadcrumb","itemListElement":[{"@type":"ListItem","position":1,"name":"Portada","item":"https:\/\/turismodeaventuraengalicia.es\/gl\/"},{"@type":"ListItem","position":2,"name":"Empresas","item":"http:\/\/turismodeaventuraengalicia.es\/gl\/empresas\/"},{"@type":"ListItem","position":3,"name":"Rutea"}]},{"@type":"WebSite","@id":"https:\/\/turismodeaventuraengalicia.es\/gl\/#website","url":"https:\/\/turismodeaventuraengalicia.es\/gl\/","name":"Turismo de Aventura en Galicia","description":"AGETAN es la organizaci\u00f3n representante de empresas y aut\u00f3nomos dedicados al turismo activo en Galicia. Esta es su web oficial.","publisher":{"@id":"https:\/\/turismodeaventuraengalicia.es\/gl\/#organization"},"potentialAction":[{"@type":"SearchAction","target":{"@type":"EntryPoint","urlTemplate":"https:\/\/turismodeaventuraengalicia.es\/gl\/?s={search_term_string}"},"query-input":{"@type":"PropertyValueSpecification","valueRequired":true,"valueName":"search_term_string"}}],"inLanguage":"gl-ES"},{"@type":"Organization","@id":"https:\/\/turismodeaventuraengalicia.es\/gl\/#organization","name":"AGETAN","alternateName":"Asociaci\u00f3n Galega de Empresas de Turismo Activo, de Aventura e Natureza","url":"https:\/\/turismodeaventuraengalicia.es\/gl\/","logo":{"@type":"ImageObject","inLanguage":"gl-ES","@id":"https:\/\/turismodeaventuraengalicia.es\/gl\/#\/schema\/logo\/image\/","url":"https:\/\/turismodeaventuraengalicia.es\/wp-content\/uploads\/2024\/10\/agetan.jpg","contentUrl":"https:\/\/turismodeaventuraengalicia.es\/wp-content\/uploads\/2024\/10\/agetan.jpg","width":400,"height":400,"caption":"AGETAN"},"image":{"@id":"https:\/\/turismodeaventuraengalicia.es\/gl\/#\/schema\/logo\/image\/"},"sameAs":["https:\/\/www.facebook.com\/AgetanOficial","https:\/\/x.com\/ActivoAgetan","https:\/\/www.instagram.com\/activoagetan\/"]}]}},"_links":{"self":[{"href":"http:\/\/turismodeaventuraengalicia.es\/gl\/wp-json\/wp\/v2\/pages\/9948","targetHints":{"allow":["GET"]}}],"collection":[{"href":"http:\/\/turismodeaventuraengalicia.es\/gl\/wp-json\/wp\/v2\/pages"}],"about":[{"href":"http:\/\/turismodeaventuraengalicia.es\/gl\/wp-json\/wp\/v2\/types\/page"}],"author":[{"embeddable":true,"href":"http:\/\/turismodeaventuraengalicia.es\/gl\/wp-json\/wp\/v2\/users\/1"}],"replies":[{"embeddable":true,"href":"http:\/\/turismodeaventuraengalicia.es\/gl\/wp-json\/wp\/v2\/comments?post=9948"}],"version-history":[{"count":2,"href":"http:\/\/turismodeaventuraengalicia.es\/gl\/wp-json\/wp\/v2\/pages\/9948\/revisions"}],"predecessor-version":[{"id":9950,"href":"http:\/\/turismodeaventuraengalicia.es\/gl\/wp-json\/wp\/v2\/pages\/9948\/revisions\/9950"}],"up":[{"embeddable":true,"href":"http:\/\/turismodeaventuraengalicia.es\/gl\/wp-json\/wp\/v2\/pages\/9019"}],"wp:attachment":[{"href":"http:\/\/turismodeaventuraengalicia.es\/gl\/wp-json\/wp\/v2\/media?parent=9948"}],"curies":[{"name":"wp","href":"https:\/\/api.w.org\/{rel}","templated":true}]}}