{"id":9955,"date":"2024-11-20T17:00:55","date_gmt":"2024-11-20T17:00:55","guid":{"rendered":"https:\/\/turismodeaventuraengalicia.es\/empresas\/vianova-aventura\/"},"modified":"2025-04-03T08:33:34","modified_gmt":"2025-04-03T08:33:34","slug":"vianova-aventura","status":"publish","type":"page","link":"http:\/\/turismodeaventuraengalicia.es\/gl\/empresas\/vianova-aventura\/","title":{"rendered":"Vianova Aventura"},"content":{"rendered":"<section class=\"l-section wpb_row height_custom color_primary with_img\" id=\"fondoImagenEmpresa\"><div class=\"l-section-img\" role=\"img\" data-img-width=\"850\" data-img-height=\"638\" style=\"background-image: url(http:\/\/turismodeaventuraengalicia.es\/wp-content\/uploads\/2024\/11\/vianova-aventura-5.jpeg);background-repeat: no-repeat;\"><\/div><div class=\"l-section-h i-cf\"><div class=\"g-cols vc_row via_grid cols_1 laptops-cols_inherit tablets-cols_inherit mobiles-cols_1 valign_top type_default stacking_default\"><div class=\"wpb_column vc_column_container\"><div class=\"vc_column-inner\"><div class=\"w-separator size_medium\"><\/div><h1 class=\"w-text us_custom_eb849559\"><span class=\"w-text-h\"><span class=\"w-text-value\">Vianova Aventura<\/span><\/span><\/h1><div class=\"w-separator size_medium\"><\/div><\/div><\/div><\/div><\/div><\/section><section class=\"l-section wpb_row height_custom\" id=\"introEmpresa\"><div class=\"l-section-h i-cf\"><div class=\"g-cols vc_row via_grid cols_1-2 laptops-cols_inherit tablets-cols_inherit mobiles-cols_1 valign_middle type_default stacking_default\"><div class=\"wpb_column vc_column_container\"><div class=\"vc_column-inner\"><div class=\"w-image align_none\"><div class=\"w-image-h\"><img decoding=\"async\" width=\"367\" height=\"210\" src=\"http:\/\/turismodeaventuraengalicia.es\/wp-content\/uploads\/2024\/11\/logo-vianovaaventura.jpg\" class=\"attachment-large size-large\" alt=\"Vianova Aventura, turismo activo en Ourense\" loading=\"lazy\" srcset=\"http:\/\/turismodeaventuraengalicia.es\/wp-content\/uploads\/2024\/11\/logo-vianovaaventura.jpg 367w, http:\/\/turismodeaventuraengalicia.es\/wp-content\/uploads\/2024\/11\/logo-vianovaaventura-300x172.jpg 300w\" sizes=\"auto, (max-width: 367px) 100vw, 367px\" \/><\/div><\/div><\/div><\/div><div class=\"wpb_column vc_column_container\"><div class=\"vc_column-inner\"><div class=\"wpb_text_column\"><div class=\"wpb_wrapper\"><h3>Vianova Aventura<\/h3>\n<p><span>Vianova Aventura comp\u00f3\u00f1eno un grupo de T\u00e9cnicos deportivos, cunha ampla experiencia no sector deportivo, educativo e actividades no medio natural.<\/span><\/p>\n<\/div><\/div><\/div><\/div><\/div><\/div><\/section><section class=\"l-section wpb_row height_auto\" id=\"galeriaEmpresa\"><div class=\"l-section-h i-cf\"><div class=\"g-cols vc_row via_grid cols_1 laptops-cols_inherit tablets-cols_inherit mobiles-cols_1 valign_top type_default stacking_default\"><div class=\"wpb_column vc_column_container\"><div class=\"vc_column-inner\"><div class=\"g-cols wpb_row via_grid cols_1 laptops-cols_inherit tablets-cols_inherit mobiles-cols_1 valign_top type_default stacking_default\" style=\"--gap:3rem;\"><div class=\"wpb_column vc_column_container\"><div class=\"vc_column-inner\"><div class=\"w-gallery fit_cover type_grid action_popup_image ratio_1x1 count_5\" style=\"--columns:5;--items-gap:10px;\"><div class=\"w-gallery-list\"><div class=\"w-gallery-item\"><div class=\"w-gallery-item-img\"><img loading=\"lazy\" decoding=\"async\" width=\"850\" height=\"638\" src=\"http:\/\/turismodeaventuraengalicia.es\/wp-content\/uploads\/2024\/11\/vianova-aventura-1.jpeg\" class=\"attachment-large size-large\" alt=\"Vianova Aventura: barranquismo en ourense\" srcset=\"http:\/\/turismodeaventuraengalicia.es\/wp-content\/uploads\/2024\/11\/vianova-aventura-1.jpeg 850w, http:\/\/turismodeaventuraengalicia.es\/wp-content\/uploads\/2024\/11\/vianova-aventura-1-300x225.jpeg 300w\" sizes=\"auto, (max-width: 850px) 100vw, 850px\" \/><\/div><a class=\"w-gallery-item-link\" aria-label=\"Vianova Aventura: barranquismo en ourense\" href=\"http:\/\/turismodeaventuraengalicia.es\/wp-content\/uploads\/2024\/11\/vianova-aventura-1.jpeg\"><\/a><\/div><div class=\"w-gallery-item\"><div class=\"w-gallery-item-img\"><img loading=\"lazy\" decoding=\"async\" width=\"850\" height=\"638\" src=\"http:\/\/turismodeaventuraengalicia.es\/wp-content\/uploads\/2024\/11\/vianova-aventura-2.jpeg\" class=\"attachment-large size-large\" alt=\"Vianova Aventura: barranquismo en los ca\u00f1ones del sil\" srcset=\"http:\/\/turismodeaventuraengalicia.es\/wp-content\/uploads\/2024\/11\/vianova-aventura-2.jpeg 850w, http:\/\/turismodeaventuraengalicia.es\/wp-content\/uploads\/2024\/11\/vianova-aventura-2-300x225.jpeg 300w\" sizes=\"auto, (max-width: 850px) 100vw, 850px\" \/><\/div><a class=\"w-gallery-item-link\" aria-label=\"Vianova Aventura: barranquismo en los ca\u00f1ones del sil\" href=\"http:\/\/turismodeaventuraengalicia.es\/wp-content\/uploads\/2024\/11\/vianova-aventura-2.jpeg\"><\/a><\/div><div class=\"w-gallery-item\"><div class=\"w-gallery-item-img\"><img loading=\"lazy\" decoding=\"async\" width=\"850\" height=\"478\" src=\"http:\/\/turismodeaventuraengalicia.es\/wp-content\/uploads\/2024\/11\/vianova-aventura-3.jpeg\" class=\"attachment-large size-large\" alt=\"Vianova Aventura: rutas de barranquimos\" srcset=\"http:\/\/turismodeaventuraengalicia.es\/wp-content\/uploads\/2024\/11\/vianova-aventura-3.jpeg 850w, http:\/\/turismodeaventuraengalicia.es\/wp-content\/uploads\/2024\/11\/vianova-aventura-3-300x169.jpeg 300w\" sizes=\"auto, (max-width: 850px) 100vw, 850px\" \/><\/div><a class=\"w-gallery-item-link\" aria-label=\"Vianova Aventura: rutas de barranquimos\" href=\"http:\/\/turismodeaventuraengalicia.es\/wp-content\/uploads\/2024\/11\/vianova-aventura-3.jpeg\"><\/a><\/div><div class=\"w-gallery-item\"><div class=\"w-gallery-item-img\"><img loading=\"lazy\" decoding=\"async\" width=\"850\" height=\"638\" src=\"http:\/\/turismodeaventuraengalicia.es\/wp-content\/uploads\/2024\/11\/vianova-aventura-4.jpeg\" class=\"attachment-large size-large\" alt=\"Vianova Aventura: descenso de barrancos\" srcset=\"http:\/\/turismodeaventuraengalicia.es\/wp-content\/uploads\/2024\/11\/vianova-aventura-4.jpeg 850w, http:\/\/turismodeaventuraengalicia.es\/wp-content\/uploads\/2024\/11\/vianova-aventura-4-300x225.jpeg 300w\" sizes=\"auto, (max-width: 850px) 100vw, 850px\" \/><\/div><a class=\"w-gallery-item-link\" aria-label=\"Vianova Aventura: descenso de barrancos\" href=\"http:\/\/turismodeaventuraengalicia.es\/wp-content\/uploads\/2024\/11\/vianova-aventura-4.jpeg\"><\/a><\/div><div class=\"w-gallery-item\"><div class=\"w-gallery-item-img\"><img loading=\"lazy\" decoding=\"async\" width=\"850\" height=\"638\" src=\"http:\/\/turismodeaventuraengalicia.es\/wp-content\/uploads\/2024\/11\/vianova-aventura-5.jpeg\" class=\"attachment-large size-large\" alt=\"Vianova Aventura: rutas en kayak en Ourense\" srcset=\"http:\/\/turismodeaventuraengalicia.es\/wp-content\/uploads\/2024\/11\/vianova-aventura-5.jpeg 850w, http:\/\/turismodeaventuraengalicia.es\/wp-content\/uploads\/2024\/11\/vianova-aventura-5-300x225.jpeg 300w\" sizes=\"auto, (max-width: 850px) 100vw, 850px\" \/><\/div><a class=\"w-gallery-item-link\" aria-label=\"Vianova Aventura: rutas en kayak en Ourense\" href=\"http:\/\/turismodeaventuraengalicia.es\/wp-content\/uploads\/2024\/11\/vianova-aventura-5.jpeg\"><\/a><\/div><\/div><\/div><\/div><\/div><\/div><\/div><\/div><\/div><\/div><\/section><section class=\"l-section wpb_row height_medium\" id=\"infoEmpresa\"><div class=\"l-section-h i-cf\"><div class=\"g-cols vc_row via_grid cols_1 laptops-cols_inherit tablets-cols_inherit mobiles-cols_1 valign_top type_default stacking_default\" style=\"--gap:0rem;--laptops-gap:0rem;--tablets-gap:3rem;--mobiles-gap:3rem;\"><div class=\"wpb_column vc_column_container\"><div class=\"vc_column-inner\"><div class=\"g-cols wpb_row via_grid cols_2-1 laptops-cols_inherit tablets-cols_inherit mobiles-cols_1 valign_top type_default stacking_default\" style=\"--gap:1rem;--laptops-gap:1rem;--tablets-gap:3rem;--mobiles-gap:3rem;\"><div class=\"wpb_column vc_column_container\"><div class=\"vc_column-inner\"><h4 class=\"w-text us_custom_49f317a8\"><span class=\"w-text-h\"><span class=\"w-text-value\">Informaci\u00f3n<\/span><\/span><\/h4><div class=\"wpb_text_column\"><div class=\"wpb_wrapper\"><p><span>Navegar en kaiak polo can\u00f3n do r\u00edo Sil ou descubrir o Descenso Internacional de Galicia nun Balsa de Rafting, dominando as correntes do r\u00edo m\u00e1is caudaloso da comunidade Galega.<\/span><\/p>\n<p><span>Divertirte na auga realizando canoaxe no R\u00edo Cand\u00eds, nacido nas saias de Pe\u00f1a Trevinca, onde os saltos, tobog\u00e1ns e r\u00e1pelles far\u00e1n que sumes unha experiencia inesquecible aos teus recordos.<\/span><\/p>\n<p><span>Vianova Aventura comp\u00f3\u00f1eno un grupo de T\u00e9cnicos deportivos, cunha ampla experiencia no sector deportivo, educativo e actividades no medio natural.<\/span><\/p>\n<p><span>A nosa experiencia profesional en diferentes disciplinas deportivas l\u00e9vanos a emprender esta aventura co fin de divulgar as actividades deportivas no medio natural para todos.<\/span><\/p>\n<p><span>Por tanto, non s\u00f3 \u00e9 unha actividade de aventura sen\u00f3n que a converteremos nunha experiencia na que sacar\u00e1s proveito a multitude de conceptos.<\/span><\/p>\n<p><span>Centr\u00e1monos en enriquecer o teu contacto co medio natural co material que che acompa\u00f1ar\u00e1 toda a t\u00faa vida, e \u00e9 simplemente, o teu corpo.<\/span><\/p>\n<p><span>Desenvolvendo un compromiso ambiental, emprendemos acci\u00f3ns encami\u00f1adas \u00e1 preservaci\u00f3n do medio ambiente, favorecendo ao desenvolvemento sostible e o respecto pola contorna que nos rodea desenvolvendo temas de Educaci\u00f3n ambiental.<\/span><\/p>\n<p><span>Todas as nosas actividades est\u00e1n supervisadas e controladas por persoal cualificado e experimentado en actividades deportivas no medio natural como na actividade deportiva no \u00e1mbito educativo.<\/span><\/p>\n<p><span>A nosa empresa est\u00e1 dada de alta no rexistro de empresas tur\u00edsticas de Galicia e conta cun seguro de responsabilidade civil e accidentes #de acordo con o decreto 42\/2001 de Galicia.<\/span><\/p>\n<p><span>O rexistro en turismo de Galicia de Vianova Aventura \u00e9 TA-OR-106.<\/span><\/p>\n<\/div><\/div><\/div><\/div><div class=\"wpb_column vc_column_container\"><div class=\"vc_column-inner\"><div class=\"w-socials us_custom_4c66b556 color_link shape_circle style_outlined hover_fade\"><div class=\"w-socials-list\"><div class=\"w-socials-item custom\"><a href=\"https:\/\/www.facebook.com\/AventuraVianova\/\" class=\"w-socials-item-link\" title=\"T\u00edtulo\" aria-label=\"T\u00edtulo\"><span class=\"w-socials-item-link-hover\" style=\"background:var(--color-content-faded);\"><\/span><i class=\"far fa-globe\"><\/i><\/a><div class=\"w-socials-item-popup\"><span>T\u00edtulo<\/span><\/div><\/div><div class=\"w-socials-item facebook\"><a href=\"https:\/\/www.facebook.com\/AventuraVianova\/\" class=\"w-socials-item-link\" title=\"Facebook\" aria-label=\"Facebook\"><span class=\"w-socials-item-link-hover\"><\/span><i class=\"fab fa-facebook\"><\/i><\/a><div class=\"w-socials-item-popup\"><span>Facebook<\/span><\/div><\/div><div class=\"w-socials-item instagram\"><a href=\"https:\/\/www.instagram.com\/vianovaaventura\/?hl=es\" class=\"w-socials-item-link\" title=\"Instagram\" aria-label=\"Instagram\"><span class=\"w-socials-item-link-hover\"><\/span><i class=\"fab fa-instagram\"><\/i><\/a><div class=\"w-socials-item-popup\"><span>Instagram<\/span><\/div><\/div><div class=\"w-socials-item youtube\"><a href=\"https:\/\/www.youtube.com\/channel\/UCQz1kBlScpiE9vHeY4EMf8A\/featured\" class=\"w-socials-item-link\" title=\"YouTube\" aria-label=\"YouTube\"><span class=\"w-socials-item-link-hover\"><\/span><i class=\"fab fa-youtube\"><\/i><\/a><div class=\"w-socials-item-popup\"><span>YouTube<\/span><\/div><\/div><\/div><\/div><div class=\"w-separator size_small\"><\/div><div class=\"w-iconbox us_custom_a2db22b6 has_text_color iconpos_left style_default color_custom align_left no_title\"><div class=\"w-iconbox-icon\" style=\"font-size:1rem;--icon-color:#000000;\"><i class=\"far fa-arrow-right\"><\/i><\/div><div class=\"w-iconbox-meta\"><div class=\"w-iconbox-text\"><p><span>Paseo malecon, 8, 32300 O Barco, Ourense<\/span><\/p>\n<\/div><\/div><\/div><div class=\"w-iconbox us_custom_a2db22b6 has_text_color iconpos_left style_default color_custom align_left no_title\"><div class=\"w-iconbox-icon\" style=\"font-size:1rem;--icon-color:#000000;\"><i class=\"far fa-arrow-right\"><\/i><\/div><div class=\"w-iconbox-meta\"><div class=\"w-iconbox-text\"><p><span>+34 617 26 28 58<\/span><\/p>\n<\/div><\/div><\/div><div class=\"w-iconbox us_custom_a2db22b6 has_text_color iconpos_left style_default color_custom align_left no_title\"><div class=\"w-iconbox-icon\" style=\"font-size:1rem;--icon-color:#000000;\"><i class=\"far fa-arrow-right\"><\/i><\/div><div class=\"w-iconbox-meta\"><div class=\"w-iconbox-text\"><p><span>info@vianovaaventura.com<\/span><\/p>\n<\/div><\/div><\/div><div class=\"w-separator size_small\"><\/div><div class=\"w-map provider_google\" id=\"us_map_1\"><div class=\"w-map-inner\"><div class=\"w-map-json\" onclick='return {&quot;address&quot;:&quot;Paseo malecon, 8, 32300 O Barco, Ourense&quot;,&quot;disableDragging&quot;:0,&quot;disableZoom&quot;:0,&quot;hideControls&quot;:0,&quot;zoom&quot;:14,&quot;markers&quot;:[{&quot;address&quot;:&quot;Paseo malecon, 8, 32300 O Barco, Ourense&quot;,&quot;html&quot;:&quot;Paseo malecon, 8, 32300 O Barco, Ourense&quot;,&quot;infowindow&quot;:0}],&quot;maptype&quot;:&quot;ROADMAP&quot;}'><\/div><\/div><\/div><\/div><\/div><\/div><\/div><\/div><\/div><\/div><\/section>\n","protected":false},"excerpt":{"rendered":"Vianova AventuraVianova Aventura Vianova Aventura comp\u00f3\u00f1eno un grupo de T\u00e9cnicos deportivos, cunha ampla experiencia no sector deportivo, educativo e actividades no medio natural. Informaci\u00f3nNavegar en kaiak polo can\u00f3n do r\u00edo...","protected":false},"author":1,"featured_media":0,"parent":9019,"menu_order":0,"comment_status":"closed","ping_status":"closed","template":"","meta":{"footnotes":""},"class_list":["post-9955","page","type-page","status-publish","hentry"],"yoast_head":"<!-- This site is optimized with the Yoast SEO plugin v26.0 - https:\/\/yoast.com\/wordpress\/plugins\/seo\/ -->\n<title>Vianova Aventura - AGETAN: Asociaci\u00f3n de Turismo Activo e Natureza de Galicia<\/title>\n<meta name=\"robots\" content=\"index, follow, max-snippet:-1, max-image-preview:large, max-video-preview:-1\" \/>\n<link rel=\"canonical\" href=\"http:\/\/turismodeaventuraengalicia.es\/gl\/empresas\/vianova-aventura\/\" \/>\n<meta property=\"og:locale\" content=\"gl_ES\" \/>\n<meta property=\"og:type\" content=\"article\" \/>\n<meta property=\"og:title\" content=\"Vianova Aventura - AGETAN: Asociaci\u00f3n de Turismo Activo e Natureza de Galicia\" \/>\n<meta property=\"og:url\" content=\"http:\/\/turismodeaventuraengalicia.es\/gl\/empresas\/vianova-aventura\/\" \/>\n<meta property=\"og:site_name\" content=\"AGETAN: Asociaci\u00f3n de Turismo Activo e Natureza de Galicia\" \/>\n<meta property=\"article:publisher\" content=\"https:\/\/www.facebook.com\/AgetanOficial\" \/>\n<meta property=\"article:modified_time\" content=\"2025-04-03T08:33:34+00:00\" \/>\n<meta name=\"twitter:card\" content=\"summary_large_image\" \/>\n<meta name=\"twitter:site\" content=\"@ActivoAgetan\" \/>\n<meta name=\"twitter:label1\" content=\"Tempo de lectura\" \/>\n\t<meta name=\"twitter:data1\" content=\"4 minutos\" \/>\n<script type=\"application\/ld+json\" class=\"yoast-schema-graph\">{\"@context\":\"https:\/\/schema.org\",\"@graph\":[{\"@type\":\"WebPage\",\"@id\":\"http:\/\/turismodeaventuraengalicia.es\/gl\/empresas\/vianova-aventura\/\",\"url\":\"http:\/\/turismodeaventuraengalicia.es\/gl\/empresas\/vianova-aventura\/\",\"name\":\"Vianova Aventura - AGETAN: Asociaci\u00f3n de Turismo Activo e Natureza de Galicia\",\"isPartOf\":{\"@id\":\"https:\/\/turismodeaventuraengalicia.es\/gl\/#website\"},\"datePublished\":\"2024-11-20T17:00:55+00:00\",\"dateModified\":\"2025-04-03T08:33:34+00:00\",\"breadcrumb\":{\"@id\":\"http:\/\/turismodeaventuraengalicia.es\/gl\/empresas\/vianova-aventura\/#breadcrumb\"},\"inLanguage\":\"gl-ES\",\"potentialAction\":[{\"@type\":\"ReadAction\",\"target\":[\"http:\/\/turismodeaventuraengalicia.es\/gl\/empresas\/vianova-aventura\/\"]}]},{\"@type\":\"BreadcrumbList\",\"@id\":\"http:\/\/turismodeaventuraengalicia.es\/gl\/empresas\/vianova-aventura\/#breadcrumb\",\"itemListElement\":[{\"@type\":\"ListItem\",\"position\":1,\"name\":\"Portada\",\"item\":\"https:\/\/turismodeaventuraengalicia.es\/gl\/\"},{\"@type\":\"ListItem\",\"position\":2,\"name\":\"Empresas\",\"item\":\"http:\/\/turismodeaventuraengalicia.es\/gl\/empresas\/\"},{\"@type\":\"ListItem\",\"position\":3,\"name\":\"Vianova Aventura\"}]},{\"@type\":\"WebSite\",\"@id\":\"https:\/\/turismodeaventuraengalicia.es\/gl\/#website\",\"url\":\"https:\/\/turismodeaventuraengalicia.es\/gl\/\",\"name\":\"Turismo de Aventura en Galicia\",\"description\":\"AGETAN es la organizaci\u00f3n representante de empresas y aut\u00f3nomos dedicados al turismo activo en Galicia. Esta es su web oficial.\",\"publisher\":{\"@id\":\"https:\/\/turismodeaventuraengalicia.es\/gl\/#organization\"},\"potentialAction\":[{\"@type\":\"SearchAction\",\"target\":{\"@type\":\"EntryPoint\",\"urlTemplate\":\"https:\/\/turismodeaventuraengalicia.es\/gl\/?s={search_term_string}\"},\"query-input\":{\"@type\":\"PropertyValueSpecification\",\"valueRequired\":true,\"valueName\":\"search_term_string\"}}],\"inLanguage\":\"gl-ES\"},{\"@type\":\"Organization\",\"@id\":\"https:\/\/turismodeaventuraengalicia.es\/gl\/#organization\",\"name\":\"AGETAN\",\"alternateName\":\"Asociaci\u00f3n Galega de Empresas de Turismo Activo, de Aventura e Natureza\",\"url\":\"https:\/\/turismodeaventuraengalicia.es\/gl\/\",\"logo\":{\"@type\":\"ImageObject\",\"inLanguage\":\"gl-ES\",\"@id\":\"https:\/\/turismodeaventuraengalicia.es\/gl\/#\/schema\/logo\/image\/\",\"url\":\"https:\/\/turismodeaventuraengalicia.es\/wp-content\/uploads\/2024\/10\/agetan.jpg\",\"contentUrl\":\"https:\/\/turismodeaventuraengalicia.es\/wp-content\/uploads\/2024\/10\/agetan.jpg\",\"width\":400,\"height\":400,\"caption\":\"AGETAN\"},\"image\":{\"@id\":\"https:\/\/turismodeaventuraengalicia.es\/gl\/#\/schema\/logo\/image\/\"},\"sameAs\":[\"https:\/\/www.facebook.com\/AgetanOficial\",\"https:\/\/x.com\/ActivoAgetan\",\"https:\/\/www.instagram.com\/activoagetan\/\"]}]}<\/script>\n<!-- \/ Yoast SEO plugin. -->","yoast_head_json":{"title":"Vianova Aventura - AGETAN: Asociaci\u00f3n de Turismo Activo e Natureza de Galicia","robots":{"index":"index","follow":"follow","max-snippet":"max-snippet:-1","max-image-preview":"max-image-preview:large","max-video-preview":"max-video-preview:-1"},"canonical":"http:\/\/turismodeaventuraengalicia.es\/gl\/empresas\/vianova-aventura\/","og_locale":"gl_ES","og_type":"article","og_title":"Vianova Aventura - AGETAN: Asociaci\u00f3n de Turismo Activo e Natureza de Galicia","og_url":"http:\/\/turismodeaventuraengalicia.es\/gl\/empresas\/vianova-aventura\/","og_site_name":"AGETAN: Asociaci\u00f3n de Turismo Activo e Natureza de Galicia","article_publisher":"https:\/\/www.facebook.com\/AgetanOficial","article_modified_time":"2025-04-03T08:33:34+00:00","twitter_card":"summary_large_image","twitter_site":"@ActivoAgetan","twitter_misc":{"Tempo de lectura":"4 minutos"},"schema":{"@context":"https:\/\/schema.org","@graph":[{"@type":"WebPage","@id":"http:\/\/turismodeaventuraengalicia.es\/gl\/empresas\/vianova-aventura\/","url":"http:\/\/turismodeaventuraengalicia.es\/gl\/empresas\/vianova-aventura\/","name":"Vianova Aventura - AGETAN: Asociaci\u00f3n de Turismo Activo e Natureza de Galicia","isPartOf":{"@id":"https:\/\/turismodeaventuraengalicia.es\/gl\/#website"},"datePublished":"2024-11-20T17:00:55+00:00","dateModified":"2025-04-03T08:33:34+00:00","breadcrumb":{"@id":"http:\/\/turismodeaventuraengalicia.es\/gl\/empresas\/vianova-aventura\/#breadcrumb"},"inLanguage":"gl-ES","potentialAction":[{"@type":"ReadAction","target":["http:\/\/turismodeaventuraengalicia.es\/gl\/empresas\/vianova-aventura\/"]}]},{"@type":"BreadcrumbList","@id":"http:\/\/turismodeaventuraengalicia.es\/gl\/empresas\/vianova-aventura\/#breadcrumb","itemListElement":[{"@type":"ListItem","position":1,"name":"Portada","item":"https:\/\/turismodeaventuraengalicia.es\/gl\/"},{"@type":"ListItem","position":2,"name":"Empresas","item":"http:\/\/turismodeaventuraengalicia.es\/gl\/empresas\/"},{"@type":"ListItem","position":3,"name":"Vianova Aventura"}]},{"@type":"WebSite","@id":"https:\/\/turismodeaventuraengalicia.es\/gl\/#website","url":"https:\/\/turismodeaventuraengalicia.es\/gl\/","name":"Turismo de Aventura en Galicia","description":"AGETAN es la organizaci\u00f3n representante de empresas y aut\u00f3nomos dedicados al turismo activo en Galicia. Esta es su web oficial.","publisher":{"@id":"https:\/\/turismodeaventuraengalicia.es\/gl\/#organization"},"potentialAction":[{"@type":"SearchAction","target":{"@type":"EntryPoint","urlTemplate":"https:\/\/turismodeaventuraengalicia.es\/gl\/?s={search_term_string}"},"query-input":{"@type":"PropertyValueSpecification","valueRequired":true,"valueName":"search_term_string"}}],"inLanguage":"gl-ES"},{"@type":"Organization","@id":"https:\/\/turismodeaventuraengalicia.es\/gl\/#organization","name":"AGETAN","alternateName":"Asociaci\u00f3n Galega de Empresas de Turismo Activo, de Aventura e Natureza","url":"https:\/\/turismodeaventuraengalicia.es\/gl\/","logo":{"@type":"ImageObject","inLanguage":"gl-ES","@id":"https:\/\/turismodeaventuraengalicia.es\/gl\/#\/schema\/logo\/image\/","url":"https:\/\/turismodeaventuraengalicia.es\/wp-content\/uploads\/2024\/10\/agetan.jpg","contentUrl":"https:\/\/turismodeaventuraengalicia.es\/wp-content\/uploads\/2024\/10\/agetan.jpg","width":400,"height":400,"caption":"AGETAN"},"image":{"@id":"https:\/\/turismodeaventuraengalicia.es\/gl\/#\/schema\/logo\/image\/"},"sameAs":["https:\/\/www.facebook.com\/AgetanOficial","https:\/\/x.com\/ActivoAgetan","https:\/\/www.instagram.com\/activoagetan\/"]}]}},"_links":{"self":[{"href":"http:\/\/turismodeaventuraengalicia.es\/gl\/wp-json\/wp\/v2\/pages\/9955","targetHints":{"allow":["GET"]}}],"collection":[{"href":"http:\/\/turismodeaventuraengalicia.es\/gl\/wp-json\/wp\/v2\/pages"}],"about":[{"href":"http:\/\/turismodeaventuraengalicia.es\/gl\/wp-json\/wp\/v2\/types\/page"}],"author":[{"embeddable":true,"href":"http:\/\/turismodeaventuraengalicia.es\/gl\/wp-json\/wp\/v2\/users\/1"}],"replies":[{"embeddable":true,"href":"http:\/\/turismodeaventuraengalicia.es\/gl\/wp-json\/wp\/v2\/comments?post=9955"}],"version-history":[{"count":2,"href":"http:\/\/turismodeaventuraengalicia.es\/gl\/wp-json\/wp\/v2\/pages\/9955\/revisions"}],"predecessor-version":[{"id":9957,"href":"http:\/\/turismodeaventuraengalicia.es\/gl\/wp-json\/wp\/v2\/pages\/9955\/revisions\/9957"}],"up":[{"embeddable":true,"href":"http:\/\/turismodeaventuraengalicia.es\/gl\/wp-json\/wp\/v2\/pages\/9019"}],"wp:attachment":[{"href":"http:\/\/turismodeaventuraengalicia.es\/gl\/wp-json\/wp\/v2\/media?parent=9955"}],"curies":[{"name":"wp","href":"https:\/\/api.w.org\/{rel}","templated":true}]}}