{"id":9958,"date":"2024-11-21T11:43:38","date_gmt":"2024-11-21T11:43:38","guid":{"rendered":"https:\/\/turismodeaventuraengalicia.es\/empresas\/piraguilla-ocio\/"},"modified":"2025-04-03T08:35:40","modified_gmt":"2025-04-03T08:35:40","slug":"piraguilla-ocio","status":"publish","type":"page","link":"http:\/\/turismodeaventuraengalicia.es\/gl\/empresas\/piraguilla-ocio\/","title":{"rendered":"Pirag\u00fcilla ocio"},"content":{"rendered":"<section class=\"l-section wpb_row height_custom color_primary with_img\" id=\"fondoImagenEmpresa\"><div class=\"l-section-img\" role=\"img\" data-img-width=\"1024\" data-img-height=\"681\" style=\"background-image: url(http:\/\/turismodeaventuraengalicia.es\/wp-content\/uploads\/2024\/11\/piraguilla-ocio-5.webp);background-repeat: no-repeat;\"><\/div><div class=\"l-section-h i-cf\"><div class=\"g-cols vc_row via_grid cols_1 laptops-cols_inherit tablets-cols_inherit mobiles-cols_1 valign_top type_default stacking_default\"><div class=\"wpb_column vc_column_container\"><div class=\"vc_column-inner\"><div class=\"w-separator size_medium\"><\/div><h1 class=\"w-text us_custom_eb849559\"><span class=\"w-text-h\"><span class=\"w-text-value\">Pirag\u00fcilla ocio<\/span><\/span><\/h1><div class=\"w-separator size_medium\"><\/div><\/div><\/div><\/div><\/div><\/section><section class=\"l-section wpb_row height_custom\" id=\"introEmpresa\"><div class=\"l-section-h i-cf\"><div class=\"g-cols vc_row via_grid cols_1-2 laptops-cols_inherit tablets-cols_inherit mobiles-cols_1 valign_middle type_default stacking_default\"><div class=\"wpb_column vc_column_container\"><div class=\"vc_column-inner\"><div class=\"w-image align_none\"><div class=\"w-image-h\"><img decoding=\"async\" width=\"367\" height=\"210\" src=\"http:\/\/turismodeaventuraengalicia.es\/wp-content\/uploads\/2024\/11\/logo-piraguilla.jpg\" class=\"attachment-large size-large\" alt=\"Socio AGETAN: Pirag\u00fcilla\" loading=\"lazy\" srcset=\"http:\/\/turismodeaventuraengalicia.es\/wp-content\/uploads\/2024\/11\/logo-piraguilla.jpg 367w, http:\/\/turismodeaventuraengalicia.es\/wp-content\/uploads\/2024\/11\/logo-piraguilla-300x172.jpg 300w\" sizes=\"auto, (max-width: 367px) 100vw, 367px\" \/><\/div><\/div><\/div><\/div><div class=\"wpb_column vc_column_container\"><div class=\"vc_column-inner\"><div class=\"wpb_text_column\"><div class=\"wpb_wrapper\"><h3>Pirag\u00fcilla ocio<\/h3>\n<p><span>Desde Pirag\u00fcilla queremos orientarche para que poidas gozar das mellores actividades para facer na Illa de Arousa.<\/span><\/p>\n<\/div><\/div><\/div><\/div><\/div><\/div><\/section><section class=\"l-section wpb_row height_auto\" id=\"galeriaEmpresa\"><div class=\"l-section-h i-cf\"><div class=\"g-cols vc_row via_grid cols_1 laptops-cols_inherit tablets-cols_inherit mobiles-cols_1 valign_top type_default stacking_default\"><div class=\"wpb_column vc_column_container\"><div class=\"vc_column-inner\"><div class=\"g-cols wpb_row via_grid cols_1 laptops-cols_inherit tablets-cols_inherit mobiles-cols_1 valign_top type_default stacking_default\" style=\"--gap:3rem;\"><div class=\"wpb_column vc_column_container\"><div class=\"vc_column-inner\"><div class=\"w-gallery fit_cover type_grid action_popup_image ratio_1x1 count_5\" style=\"--columns:5;--items-gap:10px;\"><div class=\"w-gallery-list\"><div class=\"w-gallery-item\"><div class=\"w-gallery-item-img\"><img loading=\"lazy\" decoding=\"async\" width=\"1024\" height=\"512\" src=\"http:\/\/turismodeaventuraengalicia.es\/wp-content\/uploads\/2024\/11\/piraguilla-ocio-1-1024x512.webp\" class=\"attachment-large size-large\" alt=\"Pirag\u00fcilla Ocio: turismo activo en Illa de Arousa\" srcset=\"http:\/\/turismodeaventuraengalicia.es\/wp-content\/uploads\/2024\/11\/piraguilla-ocio-1-1024x512.webp 1024w, http:\/\/turismodeaventuraengalicia.es\/wp-content\/uploads\/2024\/11\/piraguilla-ocio-1-300x150.webp 300w, http:\/\/turismodeaventuraengalicia.es\/wp-content\/uploads\/2024\/11\/piraguilla-ocio-1-1536x768.webp 1536w, http:\/\/turismodeaventuraengalicia.es\/wp-content\/uploads\/2024\/11\/piraguilla-ocio-1.webp 1700w\" sizes=\"auto, (max-width: 1024px) 100vw, 1024px\" \/><\/div><a class=\"w-gallery-item-link\" aria-label=\"Pirag\u00fcilla Ocio: turismo activo en Illa de Arousa\" href=\"http:\/\/turismodeaventuraengalicia.es\/wp-content\/uploads\/2024\/11\/piraguilla-ocio-1.webp\"><\/a><\/div><div class=\"w-gallery-item\"><div class=\"w-gallery-item-img\"><img loading=\"lazy\" decoding=\"async\" width=\"1024\" height=\"452\" src=\"http:\/\/turismodeaventuraengalicia.es\/wp-content\/uploads\/2024\/11\/piraguilla-ocio-2-1024x452.webp\" class=\"attachment-large size-large\" alt=\"Pirag\u00fcilla Ocio: snorkell\" srcset=\"http:\/\/turismodeaventuraengalicia.es\/wp-content\/uploads\/2024\/11\/piraguilla-ocio-2-1024x452.webp 1024w, http:\/\/turismodeaventuraengalicia.es\/wp-content\/uploads\/2024\/11\/piraguilla-ocio-2-300x132.webp 300w, http:\/\/turismodeaventuraengalicia.es\/wp-content\/uploads\/2024\/11\/piraguilla-ocio-2-1536x678.webp 1536w, http:\/\/turismodeaventuraengalicia.es\/wp-content\/uploads\/2024\/11\/piraguilla-ocio-2.webp 1700w\" sizes=\"auto, (max-width: 1024px) 100vw, 1024px\" \/><\/div><a class=\"w-gallery-item-link\" aria-label=\"Pirag\u00fcilla Ocio: snorkell\" href=\"http:\/\/turismodeaventuraengalicia.es\/wp-content\/uploads\/2024\/11\/piraguilla-ocio-2.webp\"><\/a><\/div><div class=\"w-gallery-item\"><div class=\"w-gallery-item-img\"><img loading=\"lazy\" decoding=\"async\" width=\"1024\" height=\"512\" src=\"http:\/\/turismodeaventuraengalicia.es\/wp-content\/uploads\/2024\/11\/piraguilla-ocio-3-1024x512.webp\" class=\"attachment-large size-large\" alt=\"Pirag\u00fcilla Ocio: rutas en bici en Illa de Arousa\" srcset=\"http:\/\/turismodeaventuraengalicia.es\/wp-content\/uploads\/2024\/11\/piraguilla-ocio-3-1024x512.webp 1024w, http:\/\/turismodeaventuraengalicia.es\/wp-content\/uploads\/2024\/11\/piraguilla-ocio-3-300x150.webp 300w, http:\/\/turismodeaventuraengalicia.es\/wp-content\/uploads\/2024\/11\/piraguilla-ocio-3-1536x768.webp 1536w, http:\/\/turismodeaventuraengalicia.es\/wp-content\/uploads\/2024\/11\/piraguilla-ocio-3.webp 1700w\" sizes=\"auto, (max-width: 1024px) 100vw, 1024px\" \/><\/div><a class=\"w-gallery-item-link\" aria-label=\"Pirag\u00fcilla Ocio: rutas en bici en Illa de Arousa\" href=\"http:\/\/turismodeaventuraengalicia.es\/wp-content\/uploads\/2024\/11\/piraguilla-ocio-3.webp\"><\/a><\/div><div class=\"w-gallery-item\"><div class=\"w-gallery-item-img\"><img loading=\"lazy\" decoding=\"async\" width=\"768\" height=\"1024\" src=\"http:\/\/turismodeaventuraengalicia.es\/wp-content\/uploads\/2024\/11\/piraguilla-ocio-4-768x1024.webp\" class=\"attachment-large size-large\" alt=\"Pirag\u00fcilla Ocio: actividades en verano en Illa de Arousa\" srcset=\"http:\/\/turismodeaventuraengalicia.es\/wp-content\/uploads\/2024\/11\/piraguilla-ocio-4-768x1024.webp 768w, http:\/\/turismodeaventuraengalicia.es\/wp-content\/uploads\/2024\/11\/piraguilla-ocio-4-225x300.webp 225w, http:\/\/turismodeaventuraengalicia.es\/wp-content\/uploads\/2024\/11\/piraguilla-ocio-4.webp 1024w\" sizes=\"auto, (max-width: 768px) 100vw, 768px\" \/><\/div><a class=\"w-gallery-item-link\" aria-label=\"Pirag\u00fcilla Ocio: actividades en verano en Illa de Arousa\" href=\"http:\/\/turismodeaventuraengalicia.es\/wp-content\/uploads\/2024\/11\/piraguilla-ocio-4.webp\"><\/a><\/div><div class=\"w-gallery-item\"><div class=\"w-gallery-item-img\"><img loading=\"lazy\" decoding=\"async\" width=\"1024\" height=\"681\" src=\"http:\/\/turismodeaventuraengalicia.es\/wp-content\/uploads\/2024\/11\/piraguilla-ocio-5.webp\" class=\"attachment-large size-large\" alt=\"Pirag\u00fcilla Ocio: rafting en las R\u00edas Baixas\" srcset=\"http:\/\/turismodeaventuraengalicia.es\/wp-content\/uploads\/2024\/11\/piraguilla-ocio-5.webp 1024w, http:\/\/turismodeaventuraengalicia.es\/wp-content\/uploads\/2024\/11\/piraguilla-ocio-5-300x200.webp 300w\" sizes=\"auto, (max-width: 1024px) 100vw, 1024px\" \/><\/div><a class=\"w-gallery-item-link\" aria-label=\"Pirag\u00fcilla Ocio: rafting en las R\u00edas Baixas\" href=\"http:\/\/turismodeaventuraengalicia.es\/wp-content\/uploads\/2024\/11\/piraguilla-ocio-5.webp\"><\/a><\/div><\/div><\/div><\/div><\/div><\/div><\/div><\/div><\/div><\/div><\/section><section class=\"l-section wpb_row height_medium\" id=\"infoEmpresa\"><div class=\"l-section-h i-cf\"><div class=\"g-cols vc_row via_grid cols_1 laptops-cols_inherit tablets-cols_inherit mobiles-cols_1 valign_top type_default stacking_default\" style=\"--gap:0rem;--laptops-gap:0rem;--tablets-gap:3rem;--mobiles-gap:3rem;\"><div class=\"wpb_column vc_column_container\"><div class=\"vc_column-inner\"><div class=\"g-cols wpb_row via_grid cols_2-1 laptops-cols_inherit tablets-cols_inherit mobiles-cols_1 valign_top type_default stacking_default\" style=\"--gap:1rem;--laptops-gap:1rem;--tablets-gap:3rem;--mobiles-gap:3rem;\"><div class=\"wpb_column vc_column_container\"><div class=\"vc_column-inner\"><h4 class=\"w-text us_custom_49f317a8\"><span class=\"w-text-h\"><span class=\"w-text-value\">Informaci\u00f3n<\/span><\/span><\/h4><div class=\"wpb_text_column\"><div class=\"wpb_wrapper\"><p><span>Desde Pirag\u00fcilla queremos orientarche para que poidas gozar das mellores actividades para facer na Illa de Arousa.<\/span><\/p>\n<p><span>Co alugueiro de kaiak en Arousa descubrir\u00e1s a contorna privilexiada no que nos atopamos dun modo totalmente distinto, coa perspectiva que che ofrece o mar. Unha actividade que podes combinar co snorkel, e experimentar de primeira man a serenidade dos nosos fermosos fondos mari\u00f1os. <\/span><\/p>\n<p><span>Do mar tam\u00e9n viven as mariscadoras. Podes meterche na pel destas hero\u00ednas e descubrir os segredos deste duro, pero tan importante oficio. Co\u00f1ecer\u00e1s as\u00ed un modo totalmente novo de relacionarche coa natureza.  <\/span><\/p>\n<p><span>O alugueiro de bicicleta permitirache percorrer A Illa de Arousa dun modo activo e sostible. Porque todas as nosas actividades van enlazadas a protexer o medio ambiente para poder seguir gozando del. <\/span><\/p>\n<p><span>O equipo de Pirag\u00fcilla ama o que fai, e queremos transmitir a nosa paix\u00f3n polas actividades ao aire libre. Asesorar\u00e9mosche para descubrir que \u00e9 o que m\u00e1is se adapta \u00e1s t\u00faas necesidades. Porque cada persoa \u00e9 un mundo.  <\/span><\/p>\n<\/div><\/div><\/div><\/div><div class=\"wpb_column vc_column_container\"><div class=\"vc_column-inner\"><div class=\"w-socials us_custom_61263217 color_link shape_circle style_outlined hover_fade stretch\"><div class=\"w-socials-list\"><div class=\"w-socials-item custom\"><a href=\"https:\/\/www.piraguilla.com\/\" class=\"w-socials-item-link\" title=\"T\u00edtulo\" aria-label=\"T\u00edtulo\"><span class=\"w-socials-item-link-hover\" style=\"background:var(--color-content-faded);\"><\/span><i class=\"far fa-globe\"><\/i><\/a><div class=\"w-socials-item-popup\"><span>T\u00edtulo<\/span><\/div><\/div><div class=\"w-socials-item facebook\"><a href=\"https:\/\/es-es.facebook.com\/Piraguilla\" class=\"w-socials-item-link\" title=\"Facebook\" aria-label=\"Facebook\"><span class=\"w-socials-item-link-hover\"><\/span><i class=\"fab fa-facebook\"><\/i><\/a><div class=\"w-socials-item-popup\"><span>Facebook<\/span><\/div><\/div><div class=\"w-socials-item instagram\"><a href=\"https:\/\/www.instagram.com\/piraguilla_ocio_aventura\" class=\"w-socials-item-link\" title=\"Instagram\" aria-label=\"Instagram\"><span class=\"w-socials-item-link-hover\"><\/span><i class=\"fab fa-instagram\"><\/i><\/a><div class=\"w-socials-item-popup\"><span>Instagram<\/span><\/div><\/div><div class=\"w-socials-item youtube\"><a href=\"https:\/\/www.youtube.com\/channel\/UC7Yv58aRfvewpjq6e44vrZQ\" class=\"w-socials-item-link\" title=\"YouTube\" aria-label=\"YouTube\"><span class=\"w-socials-item-link-hover\"><\/span><i class=\"fab fa-youtube\"><\/i><\/a><div class=\"w-socials-item-popup\"><span>YouTube<\/span><\/div><\/div><div class=\"w-socials-item pinterest\"><a href=\"https:\/\/www.pinterest.es\/piraguilla\/\" class=\"w-socials-item-link\" title=\"Pinterest\" aria-label=\"Pinterest\"><span class=\"w-socials-item-link-hover\"><\/span><i class=\"fab fa-pinterest\"><\/i><\/a><div class=\"w-socials-item-popup\"><span>Pinterest<\/span><\/div><\/div><div class=\"w-socials-item tiktok\"><a href=\"https:\/\/www.tiktok.com\/@piraguillaocioyaventura\" class=\"w-socials-item-link\" title=\"TikTok\" aria-label=\"TikTok\"><span class=\"w-socials-item-link-hover\"><\/span><i class=\"fab fa-tiktok\"><\/i><\/a><div class=\"w-socials-item-popup\"><span>TikTok<\/span><\/div><\/div><\/div><\/div><div class=\"w-separator size_small\"><\/div><div class=\"w-iconbox us_custom_a2db22b6 has_text_color iconpos_left style_default color_custom align_left no_title\"><div class=\"w-iconbox-icon\" style=\"font-size:1rem;--icon-color:#000000;\"><i class=\"far fa-arrow-right\"><\/i><\/div><div class=\"w-iconbox-meta\"><div class=\"w-iconbox-text\"><p><span>Av. da Ponte, n\u00ba 174<br \/>\nC.P. 36626 A Illa de Arousa (Pontevedra) <\/span><\/p>\n<\/div><\/div><\/div><div class=\"w-iconbox us_custom_a2db22b6 has_text_color iconpos_left style_default color_custom align_left no_title\"><div class=\"w-iconbox-icon\" style=\"font-size:1rem;--icon-color:#000000;\"><i class=\"far fa-arrow-right\"><\/i><\/div><div class=\"w-iconbox-meta\"><div class=\"w-iconbox-text\"><p><span>625 33 63 23<\/span><\/p>\n<\/div><\/div><\/div><div class=\"w-iconbox us_custom_a2db22b6 has_text_color iconpos_left style_default color_custom align_left no_title\"><div class=\"w-iconbox-icon\" style=\"font-size:1rem;--icon-color:#000000;\"><i class=\"far fa-arrow-right\"><\/i><\/div><div class=\"w-iconbox-meta\"><div class=\"w-iconbox-text\"><p>oficina@piraguilla.com<\/p>\n<\/div><\/div><\/div><div class=\"w-separator size_small\"><\/div><div class=\"w-map provider_google\" id=\"us_map_1\"><div class=\"w-map-inner\"><div class=\"w-map-json\" onclick='return {&quot;address&quot;:&quot;Av. da Ponte, n\\u00ba 174 C.P. 36626 A Illa de Arousa (Pontevedra) &quot;,&quot;disableDragging&quot;:0,&quot;disableZoom&quot;:0,&quot;hideControls&quot;:0,&quot;zoom&quot;:14,&quot;markers&quot;:[{&quot;address&quot;:&quot;Av. da Ponte, n\\u00ba 174 C.P. 36626 A Illa de Arousa (Pontevedra) &quot;,&quot;html&quot;:&quot;&quot;,&quot;infowindow&quot;:0}],&quot;maptype&quot;:&quot;ROADMAP&quot;}'><\/div><\/div><\/div><\/div><\/div><\/div><\/div><\/div><\/div><\/div><\/section>\n","protected":false},"excerpt":{"rendered":"Pirag\u00fcilla ocioPirag\u00fcilla ocio Desde Pirag\u00fcilla queremos orientarche para que poidas gozar das mellores actividades para facer na Illa de Arousa. Informaci\u00f3nDesde Pirag\u00fcilla queremos orientarche para que poidas gozar das mellores...","protected":false},"author":1,"featured_media":0,"parent":9019,"menu_order":0,"comment_status":"closed","ping_status":"closed","template":"","meta":{"footnotes":""},"class_list":["post-9958","page","type-page","status-publish","hentry"],"yoast_head":"<!-- This site is optimized with the Yoast SEO plugin v26.0 - https:\/\/yoast.com\/wordpress\/plugins\/seo\/ -->\n<title>Pirag\u00fcilla Ocio | AGETAN: Asociaci\u00f3n de turismo activo en Galicia<\/title>\n<meta name=\"description\" content=\"Pirag\u00fcilla Ocio ofrece actividades como kayak, paddle surf y rutas en bicicleta en la r\u00eda de Arousa. Comprometidos con el turismo sostenible.\" \/>\n<meta name=\"robots\" content=\"index, follow, max-snippet:-1, max-image-preview:large, max-video-preview:-1\" \/>\n<link rel=\"canonical\" href=\"http:\/\/turismodeaventuraengalicia.es\/gl\/empresas\/piraguilla-ocio\/\" \/>\n<meta property=\"og:locale\" content=\"gl_ES\" \/>\n<meta property=\"og:type\" content=\"article\" \/>\n<meta property=\"og:title\" content=\"Pirag\u00fcilla Ocio | AGETAN: Asociaci\u00f3n de turismo activo en Galicia\" \/>\n<meta property=\"og:description\" content=\"Pirag\u00fcilla Ocio ofrece actividades como kayak, paddle surf y rutas en bicicleta en la r\u00eda de Arousa. Comprometidos con el turismo sostenible.\" \/>\n<meta property=\"og:url\" content=\"http:\/\/turismodeaventuraengalicia.es\/gl\/empresas\/piraguilla-ocio\/\" \/>\n<meta property=\"og:site_name\" content=\"AGETAN: Asociaci\u00f3n de Turismo Activo e Natureza de Galicia\" \/>\n<meta property=\"article:publisher\" content=\"https:\/\/www.facebook.com\/AgetanOficial\" \/>\n<meta property=\"article:modified_time\" content=\"2025-04-03T08:35:40+00:00\" \/>\n<meta name=\"twitter:card\" content=\"summary_large_image\" \/>\n<meta name=\"twitter:site\" content=\"@ActivoAgetan\" \/>\n<meta name=\"twitter:label1\" content=\"Tempo de lectura\" \/>\n\t<meta name=\"twitter:data1\" content=\"4 minutos\" \/>\n<script type=\"application\/ld+json\" class=\"yoast-schema-graph\">{\"@context\":\"https:\/\/schema.org\",\"@graph\":[{\"@type\":\"WebPage\",\"@id\":\"http:\/\/turismodeaventuraengalicia.es\/gl\/empresas\/piraguilla-ocio\/\",\"url\":\"http:\/\/turismodeaventuraengalicia.es\/gl\/empresas\/piraguilla-ocio\/\",\"name\":\"Pirag\u00fcilla Ocio | AGETAN: Asociaci\u00f3n de turismo activo en Galicia\",\"isPartOf\":{\"@id\":\"https:\/\/turismodeaventuraengalicia.es\/gl\/#website\"},\"datePublished\":\"2024-11-21T11:43:38+00:00\",\"dateModified\":\"2025-04-03T08:35:40+00:00\",\"description\":\"Pirag\u00fcilla Ocio ofrece actividades como kayak, paddle surf y rutas en bicicleta en la r\u00eda de Arousa. Comprometidos con el turismo sostenible.\",\"breadcrumb\":{\"@id\":\"http:\/\/turismodeaventuraengalicia.es\/gl\/empresas\/piraguilla-ocio\/#breadcrumb\"},\"inLanguage\":\"gl-ES\",\"potentialAction\":[{\"@type\":\"ReadAction\",\"target\":[\"http:\/\/turismodeaventuraengalicia.es\/gl\/empresas\/piraguilla-ocio\/\"]}]},{\"@type\":\"BreadcrumbList\",\"@id\":\"http:\/\/turismodeaventuraengalicia.es\/gl\/empresas\/piraguilla-ocio\/#breadcrumb\",\"itemListElement\":[{\"@type\":\"ListItem\",\"position\":1,\"name\":\"Portada\",\"item\":\"https:\/\/turismodeaventuraengalicia.es\/gl\/\"},{\"@type\":\"ListItem\",\"position\":2,\"name\":\"Empresas\",\"item\":\"http:\/\/turismodeaventuraengalicia.es\/gl\/empresas\/\"},{\"@type\":\"ListItem\",\"position\":3,\"name\":\"Pirag\u00fcilla ocio\"}]},{\"@type\":\"WebSite\",\"@id\":\"https:\/\/turismodeaventuraengalicia.es\/gl\/#website\",\"url\":\"https:\/\/turismodeaventuraengalicia.es\/gl\/\",\"name\":\"Turismo de Aventura en Galicia\",\"description\":\"AGETAN es la organizaci\u00f3n representante de empresas y aut\u00f3nomos dedicados al turismo activo en Galicia. Esta es su web oficial.\",\"publisher\":{\"@id\":\"https:\/\/turismodeaventuraengalicia.es\/gl\/#organization\"},\"potentialAction\":[{\"@type\":\"SearchAction\",\"target\":{\"@type\":\"EntryPoint\",\"urlTemplate\":\"https:\/\/turismodeaventuraengalicia.es\/gl\/?s={search_term_string}\"},\"query-input\":{\"@type\":\"PropertyValueSpecification\",\"valueRequired\":true,\"valueName\":\"search_term_string\"}}],\"inLanguage\":\"gl-ES\"},{\"@type\":\"Organization\",\"@id\":\"https:\/\/turismodeaventuraengalicia.es\/gl\/#organization\",\"name\":\"AGETAN\",\"alternateName\":\"Asociaci\u00f3n Galega de Empresas de Turismo Activo, de Aventura e Natureza\",\"url\":\"https:\/\/turismodeaventuraengalicia.es\/gl\/\",\"logo\":{\"@type\":\"ImageObject\",\"inLanguage\":\"gl-ES\",\"@id\":\"https:\/\/turismodeaventuraengalicia.es\/gl\/#\/schema\/logo\/image\/\",\"url\":\"https:\/\/turismodeaventuraengalicia.es\/wp-content\/uploads\/2024\/10\/agetan.jpg\",\"contentUrl\":\"https:\/\/turismodeaventuraengalicia.es\/wp-content\/uploads\/2024\/10\/agetan.jpg\",\"width\":400,\"height\":400,\"caption\":\"AGETAN\"},\"image\":{\"@id\":\"https:\/\/turismodeaventuraengalicia.es\/gl\/#\/schema\/logo\/image\/\"},\"sameAs\":[\"https:\/\/www.facebook.com\/AgetanOficial\",\"https:\/\/x.com\/ActivoAgetan\",\"https:\/\/www.instagram.com\/activoagetan\/\"]}]}<\/script>\n<!-- \/ Yoast SEO plugin. -->","yoast_head_json":{"title":"Pirag\u00fcilla Ocio | AGETAN: Asociaci\u00f3n de turismo activo en Galicia","description":"Pirag\u00fcilla Ocio ofrece actividades como kayak, paddle surf y rutas en bicicleta en la r\u00eda de Arousa. Comprometidos con el turismo sostenible.","robots":{"index":"index","follow":"follow","max-snippet":"max-snippet:-1","max-image-preview":"max-image-preview:large","max-video-preview":"max-video-preview:-1"},"canonical":"http:\/\/turismodeaventuraengalicia.es\/gl\/empresas\/piraguilla-ocio\/","og_locale":"gl_ES","og_type":"article","og_title":"Pirag\u00fcilla Ocio | AGETAN: Asociaci\u00f3n de turismo activo en Galicia","og_description":"Pirag\u00fcilla Ocio ofrece actividades como kayak, paddle surf y rutas en bicicleta en la r\u00eda de Arousa. Comprometidos con el turismo sostenible.","og_url":"http:\/\/turismodeaventuraengalicia.es\/gl\/empresas\/piraguilla-ocio\/","og_site_name":"AGETAN: Asociaci\u00f3n de Turismo Activo e Natureza de Galicia","article_publisher":"https:\/\/www.facebook.com\/AgetanOficial","article_modified_time":"2025-04-03T08:35:40+00:00","twitter_card":"summary_large_image","twitter_site":"@ActivoAgetan","twitter_misc":{"Tempo de lectura":"4 minutos"},"schema":{"@context":"https:\/\/schema.org","@graph":[{"@type":"WebPage","@id":"http:\/\/turismodeaventuraengalicia.es\/gl\/empresas\/piraguilla-ocio\/","url":"http:\/\/turismodeaventuraengalicia.es\/gl\/empresas\/piraguilla-ocio\/","name":"Pirag\u00fcilla Ocio | AGETAN: Asociaci\u00f3n de turismo activo en Galicia","isPartOf":{"@id":"https:\/\/turismodeaventuraengalicia.es\/gl\/#website"},"datePublished":"2024-11-21T11:43:38+00:00","dateModified":"2025-04-03T08:35:40+00:00","description":"Pirag\u00fcilla Ocio ofrece actividades como kayak, paddle surf y rutas en bicicleta en la r\u00eda de Arousa. Comprometidos con el turismo sostenible.","breadcrumb":{"@id":"http:\/\/turismodeaventuraengalicia.es\/gl\/empresas\/piraguilla-ocio\/#breadcrumb"},"inLanguage":"gl-ES","potentialAction":[{"@type":"ReadAction","target":["http:\/\/turismodeaventuraengalicia.es\/gl\/empresas\/piraguilla-ocio\/"]}]},{"@type":"BreadcrumbList","@id":"http:\/\/turismodeaventuraengalicia.es\/gl\/empresas\/piraguilla-ocio\/#breadcrumb","itemListElement":[{"@type":"ListItem","position":1,"name":"Portada","item":"https:\/\/turismodeaventuraengalicia.es\/gl\/"},{"@type":"ListItem","position":2,"name":"Empresas","item":"http:\/\/turismodeaventuraengalicia.es\/gl\/empresas\/"},{"@type":"ListItem","position":3,"name":"Pirag\u00fcilla ocio"}]},{"@type":"WebSite","@id":"https:\/\/turismodeaventuraengalicia.es\/gl\/#website","url":"https:\/\/turismodeaventuraengalicia.es\/gl\/","name":"Turismo de Aventura en Galicia","description":"AGETAN es la organizaci\u00f3n representante de empresas y aut\u00f3nomos dedicados al turismo activo en Galicia. Esta es su web oficial.","publisher":{"@id":"https:\/\/turismodeaventuraengalicia.es\/gl\/#organization"},"potentialAction":[{"@type":"SearchAction","target":{"@type":"EntryPoint","urlTemplate":"https:\/\/turismodeaventuraengalicia.es\/gl\/?s={search_term_string}"},"query-input":{"@type":"PropertyValueSpecification","valueRequired":true,"valueName":"search_term_string"}}],"inLanguage":"gl-ES"},{"@type":"Organization","@id":"https:\/\/turismodeaventuraengalicia.es\/gl\/#organization","name":"AGETAN","alternateName":"Asociaci\u00f3n Galega de Empresas de Turismo Activo, de Aventura e Natureza","url":"https:\/\/turismodeaventuraengalicia.es\/gl\/","logo":{"@type":"ImageObject","inLanguage":"gl-ES","@id":"https:\/\/turismodeaventuraengalicia.es\/gl\/#\/schema\/logo\/image\/","url":"https:\/\/turismodeaventuraengalicia.es\/wp-content\/uploads\/2024\/10\/agetan.jpg","contentUrl":"https:\/\/turismodeaventuraengalicia.es\/wp-content\/uploads\/2024\/10\/agetan.jpg","width":400,"height":400,"caption":"AGETAN"},"image":{"@id":"https:\/\/turismodeaventuraengalicia.es\/gl\/#\/schema\/logo\/image\/"},"sameAs":["https:\/\/www.facebook.com\/AgetanOficial","https:\/\/x.com\/ActivoAgetan","https:\/\/www.instagram.com\/activoagetan\/"]}]}},"_links":{"self":[{"href":"http:\/\/turismodeaventuraengalicia.es\/gl\/wp-json\/wp\/v2\/pages\/9958","targetHints":{"allow":["GET"]}}],"collection":[{"href":"http:\/\/turismodeaventuraengalicia.es\/gl\/wp-json\/wp\/v2\/pages"}],"about":[{"href":"http:\/\/turismodeaventuraengalicia.es\/gl\/wp-json\/wp\/v2\/types\/page"}],"author":[{"embeddable":true,"href":"http:\/\/turismodeaventuraengalicia.es\/gl\/wp-json\/wp\/v2\/users\/1"}],"replies":[{"embeddable":true,"href":"http:\/\/turismodeaventuraengalicia.es\/gl\/wp-json\/wp\/v2\/comments?post=9958"}],"version-history":[{"count":2,"href":"http:\/\/turismodeaventuraengalicia.es\/gl\/wp-json\/wp\/v2\/pages\/9958\/revisions"}],"predecessor-version":[{"id":9960,"href":"http:\/\/turismodeaventuraengalicia.es\/gl\/wp-json\/wp\/v2\/pages\/9958\/revisions\/9960"}],"up":[{"embeddable":true,"href":"http:\/\/turismodeaventuraengalicia.es\/gl\/wp-json\/wp\/v2\/pages\/9019"}],"wp:attachment":[{"href":"http:\/\/turismodeaventuraengalicia.es\/gl\/wp-json\/wp\/v2\/media?parent=9958"}],"curies":[{"name":"wp","href":"https:\/\/api.w.org\/{rel}","templated":true}]}}