{"id":9964,"date":"2024-11-22T16:40:51","date_gmt":"2024-11-22T16:40:51","guid":{"rendered":"https:\/\/turismodeaventuraengalicia.es\/empresas\/naturmaz\/"},"modified":"2025-04-03T08:48:58","modified_gmt":"2025-04-03T08:48:58","slug":"naturmaz","status":"publish","type":"page","link":"http:\/\/turismodeaventuraengalicia.es\/gl\/empresas\/naturmaz\/","title":{"rendered":"Naturmaz"},"content":{"rendered":"<section class=\"l-section wpb_row height_custom color_primary with_img\" id=\"fondoImagenEmpresa\"><div class=\"l-section-img\" role=\"img\" data-img-width=\"1200\" data-img-height=\"800\" style=\"background-image: url(http:\/\/turismodeaventuraengalicia.es\/wp-content\/uploads\/2024\/11\/naturmaz-5.jpg);background-repeat: no-repeat;\"><\/div><div class=\"l-section-h i-cf\"><div class=\"g-cols vc_row via_grid cols_1 laptops-cols_inherit tablets-cols_inherit mobiles-cols_1 valign_top type_default stacking_default\"><div class=\"wpb_column vc_column_container\"><div class=\"vc_column-inner\"><div class=\"w-separator size_medium\"><\/div><h1 class=\"w-text us_custom_eb849559\"><span class=\"w-text-h\"><span class=\"w-text-value\">Naturmaz<\/span><\/span><\/h1><div class=\"w-separator size_medium\"><\/div><\/div><\/div><\/div><\/div><\/section><section class=\"l-section wpb_row height_custom\" id=\"introEmpresa\"><div class=\"l-section-h i-cf\"><div class=\"g-cols vc_row via_grid cols_1-2 laptops-cols_inherit tablets-cols_inherit mobiles-cols_1 valign_middle type_default stacking_default\"><div class=\"wpb_column vc_column_container\"><div class=\"vc_column-inner\"><div class=\"w-image align_none\"><div class=\"w-image-h\"><img decoding=\"async\" width=\"367\" height=\"210\" src=\"http:\/\/turismodeaventuraengalicia.es\/wp-content\/uploads\/2024\/11\/logo-naturmaz.jpg\" class=\"attachment-large size-large\" alt=\"Empresa asociada a AGETAN: Naturmaz\" loading=\"lazy\" srcset=\"http:\/\/turismodeaventuraengalicia.es\/wp-content\/uploads\/2024\/11\/logo-naturmaz.jpg 367w, http:\/\/turismodeaventuraengalicia.es\/wp-content\/uploads\/2024\/11\/logo-naturmaz-300x172.jpg 300w\" sizes=\"auto, (max-width: 367px) 100vw, 367px\" \/><\/div><\/div><\/div><\/div><div class=\"wpb_column vc_column_container\"><div class=\"vc_column-inner\"><div class=\"wpb_text_column\"><div class=\"wpb_wrapper\"><h3>Naturmaz<\/h3>\n<p>Naturmaz \u00e9 un centro de turismo activo situado en Mazaricos, A Coru\u00f1a, xunto ao encoro da Fervenza. Ofrece unha ampla gama de actividades e servizos dese\u00f1ados para proporcionar experiencias \u00fanicas en contacto coa natureza<\/p>\n<\/div><\/div><\/div><\/div><\/div><\/div><\/section><section class=\"l-section wpb_row height_auto\" id=\"galeriaEmpresa\"><div class=\"l-section-h i-cf\"><div class=\"g-cols vc_row via_grid cols_1 laptops-cols_inherit tablets-cols_inherit mobiles-cols_1 valign_top type_default stacking_default\"><div class=\"wpb_column vc_column_container\"><div class=\"vc_column-inner\"><div class=\"g-cols wpb_row via_grid cols_1 laptops-cols_inherit tablets-cols_inherit mobiles-cols_1 valign_top type_default stacking_default\" style=\"--gap:3rem;\"><div class=\"wpb_column vc_column_container\"><div class=\"vc_column-inner\"><div class=\"w-gallery fit_cover type_grid action_popup_image ratio_1x1 count_5\" style=\"--columns:5;--items-gap:10px;\"><div class=\"w-gallery-list\"><div class=\"w-gallery-item\"><div class=\"w-gallery-item-img\"><img loading=\"lazy\" decoding=\"async\" width=\"675\" height=\"900\" src=\"http:\/\/turismodeaventuraengalicia.es\/wp-content\/uploads\/2024\/11\/naturmaz-1.jpg\" class=\"attachment-large size-large\" alt=\"Naturmaz: empresa de turismo activo en Mazaricos\" srcset=\"http:\/\/turismodeaventuraengalicia.es\/wp-content\/uploads\/2024\/11\/naturmaz-1.jpg 675w, http:\/\/turismodeaventuraengalicia.es\/wp-content\/uploads\/2024\/11\/naturmaz-1-225x300.jpg 225w\" sizes=\"auto, (max-width: 675px) 100vw, 675px\" \/><\/div><a class=\"w-gallery-item-link\" aria-label=\"Naturmaz: empresa de turismo activo en Mazaricos\" href=\"http:\/\/turismodeaventuraengalicia.es\/wp-content\/uploads\/2024\/11\/naturmaz-1.jpg\"><\/a><\/div><div class=\"w-gallery-item\"><div class=\"w-gallery-item-img\"><img loading=\"lazy\" decoding=\"async\" width=\"1024\" height=\"768\" src=\"http:\/\/turismodeaventuraengalicia.es\/wp-content\/uploads\/2024\/11\/naturmaz-2-1024x768.jpg\" class=\"attachment-large size-large\" alt=\"Naturmaz: kayak en el embalse del r\u00edo \u00c9zaro\" srcset=\"http:\/\/turismodeaventuraengalicia.es\/wp-content\/uploads\/2024\/11\/naturmaz-2-1024x768.jpg 1024w, http:\/\/turismodeaventuraengalicia.es\/wp-content\/uploads\/2024\/11\/naturmaz-2-300x225.jpg 300w, http:\/\/turismodeaventuraengalicia.es\/wp-content\/uploads\/2024\/11\/naturmaz-2.jpg 1200w\" sizes=\"auto, (max-width: 1024px) 100vw, 1024px\" \/><\/div><a class=\"w-gallery-item-link\" aria-label=\"Naturmaz: kayak en el embalse del r\u00edo \u00c9zaro\" href=\"http:\/\/turismodeaventuraengalicia.es\/wp-content\/uploads\/2024\/11\/naturmaz-2.jpg\"><\/a><\/div><div class=\"w-gallery-item\"><div class=\"w-gallery-item-img\"><img loading=\"lazy\" decoding=\"async\" width=\"900\" height=\"505\" src=\"http:\/\/turismodeaventuraengalicia.es\/wp-content\/uploads\/2024\/11\/naturmaz-3.jpg\" class=\"attachment-large size-large\" alt=\"Naturmaz: kayak en el embalse del r\u00edo \u00c9zaro\" srcset=\"http:\/\/turismodeaventuraengalicia.es\/wp-content\/uploads\/2024\/11\/naturmaz-3.jpg 900w, http:\/\/turismodeaventuraengalicia.es\/wp-content\/uploads\/2024\/11\/naturmaz-3-300x168.jpg 300w\" sizes=\"auto, (max-width: 900px) 100vw, 900px\" \/><\/div><a class=\"w-gallery-item-link\" aria-label=\"Naturmaz: kayak en el embalse del r\u00edo \u00c9zaro\" href=\"http:\/\/turismodeaventuraengalicia.es\/wp-content\/uploads\/2024\/11\/naturmaz-3.jpg\"><\/a><\/div><div class=\"w-gallery-item\"><div class=\"w-gallery-item-img\"><img loading=\"lazy\" decoding=\"async\" width=\"1024\" height=\"577\" src=\"http:\/\/turismodeaventuraengalicia.es\/wp-content\/uploads\/2024\/11\/naturmaz-4-1024x577.jpg\" class=\"attachment-large size-large\" alt=\"Naturmaz: la tirolina m\u00e1s larga de Galicia\" srcset=\"http:\/\/turismodeaventuraengalicia.es\/wp-content\/uploads\/2024\/11\/naturmaz-4-1024x577.jpg 1024w, http:\/\/turismodeaventuraengalicia.es\/wp-content\/uploads\/2024\/11\/naturmaz-4-300x169.jpg 300w, http:\/\/turismodeaventuraengalicia.es\/wp-content\/uploads\/2024\/11\/naturmaz-4.jpg 1278w\" sizes=\"auto, (max-width: 1024px) 100vw, 1024px\" \/><\/div><a class=\"w-gallery-item-link\" aria-label=\"Naturmaz: la tirolina m\u00e1s larga de Galicia\" href=\"http:\/\/turismodeaventuraengalicia.es\/wp-content\/uploads\/2024\/11\/naturmaz-4.jpg\"><\/a><\/div><div class=\"w-gallery-item\"><div class=\"w-gallery-item-img\"><img loading=\"lazy\" decoding=\"async\" width=\"1024\" height=\"683\" src=\"http:\/\/turismodeaventuraengalicia.es\/wp-content\/uploads\/2024\/11\/naturmaz-5-1024x683.jpg\" class=\"attachment-large size-large\" alt=\"Naturmaz: kayak en el embalse del r\u00edo \u00c9zaro\" srcset=\"http:\/\/turismodeaventuraengalicia.es\/wp-content\/uploads\/2024\/11\/naturmaz-5-1024x683.jpg 1024w, http:\/\/turismodeaventuraengalicia.es\/wp-content\/uploads\/2024\/11\/naturmaz-5-300x200.jpg 300w, http:\/\/turismodeaventuraengalicia.es\/wp-content\/uploads\/2024\/11\/naturmaz-5.jpg 1200w\" sizes=\"auto, (max-width: 1024px) 100vw, 1024px\" \/><\/div><a class=\"w-gallery-item-link\" aria-label=\"Naturmaz: kayak en el embalse del r\u00edo \u00c9zaro\" href=\"http:\/\/turismodeaventuraengalicia.es\/wp-content\/uploads\/2024\/11\/naturmaz-5.jpg\"><\/a><\/div><\/div><\/div><\/div><\/div><\/div><\/div><\/div><\/div><\/div><\/section><section class=\"l-section wpb_row height_medium\" id=\"infoEmpresa\"><div class=\"l-section-h i-cf\"><div class=\"g-cols vc_row via_grid cols_1 laptops-cols_inherit tablets-cols_inherit mobiles-cols_1 valign_top type_default stacking_default\" style=\"--gap:0rem;--laptops-gap:0rem;--tablets-gap:3rem;--mobiles-gap:3rem;\"><div class=\"wpb_column vc_column_container\"><div class=\"vc_column-inner\"><div class=\"g-cols wpb_row via_grid cols_2-1 laptops-cols_inherit tablets-cols_inherit mobiles-cols_1 valign_top type_default stacking_default\" style=\"--gap:1rem;--laptops-gap:1rem;--tablets-gap:3rem;--mobiles-gap:3rem;\"><div class=\"wpb_column vc_column_container\"><div class=\"vc_column-inner\"><h4 class=\"w-text us_custom_49f317a8\"><span class=\"w-text-h\"><span class=\"w-text-value\">Informaci\u00f3n<\/span><\/span><\/h4><div class=\"wpb_text_column\"><div class=\"wpb_wrapper\"><p><span>Naturmaz \u00e9 un centro de turismo activo situado en Mazaricos, A Coru\u00f1a, xunto ao encoro da Fervenza. Ofrece unha ampla gama de actividades e servizos dese\u00f1ados para proporcionar experiencias \u00fanicas en contacto coa natureza. <\/span><\/p>\n<p><strong><span>Servizos que ofrece:<\/span><\/strong><\/p>\n<ul>\n<li><span> <\/span><strong><span>Actividades Multiaventura<\/span><\/strong><span>: Naturmaz conta cun parque de aventuras onde se poden realizar diversas actividades sen necesidade de desprazarse. Entre elas incl\u00faense: <\/span>\n<ul>\n<li><span> <\/span><strong><span>Alugueiro de bicicletas<\/span><\/strong><span>: Para explorar os alrededores e disfrutar de rutas en plena natureza.<br \/>\n<\/span><\/li>\n<li><span> <\/span><strong><span>Pirag\u00fcismo<\/span><\/strong><span><span>: Rutas en kaiak no embalse de A Fervenza, adaptadas a diferentes niveis de experiencia.<\/span><\/span><\/li>\n<li><span> <\/span><strong><span>Tablas de Paddle Surf<\/span><\/strong><span><span>: Alugueiro de tablas individuais ou Big Sup para grupos.<\/span><\/span><\/li>\n<\/ul>\n<\/li>\n<li><span> <\/span><strong><span>Aloxamentos<\/span><\/strong><span>: Naturmaz ofrece diversas opci\u00f3ns de hospedaxe para complementar a experiencia de aventura:<\/span>\n<ul>\n<li><span> <\/span><strong><span>Air Fervenza<\/span><\/strong><span><span>: Un campamento de turismo tem\u00e1tico que simula un aer\u00f3dromo, con cabanas que recrean hangares met\u00e1licos, proporcionando unha experiencia \u00fanica para os amantes da aviaci\u00f3n.<\/span><\/span><\/li>\n<li><span> <\/span><strong><span>Albergue Naturmaz<\/span><\/strong><span><span>: Con capacidade para 41 personas, dividido en varias habitaci\u00f3ns e equipado con piscina exterior, cocina-comedor compartido e outras comodidades.<\/span><\/span><\/li>\n<\/ul>\n<\/li>\n<li><span> <\/span><strong><span>Aer\u00f3dromo A Fervenza<\/span><\/strong><span>: Naturmaz disp\u00f3n de un aer\u00f3dromo propio cunha pista de 725 metros, ofreciendo servizos como:<\/span>\n<ul>\n<li><span> <\/span><strong><span>Cursos de piloto de ultralixeiro (ULM)<\/span><\/strong><span><span>: Formaci\u00f3n te\u00f3rica e pr\u00e1ctica para obter a licencia de piloto ULM.<\/span><\/span><\/li>\n<li><span> <\/span><strong><span>Voos de introducci\u00f3n<\/span><\/strong><span>: Experiencias de voo para as persoas que desexen iniciarse na aviaci\u00f3n.<\/span><\/li>\n<li><span> <\/span><strong><span>Hangaraje de avi\u00f3ns<\/span><\/strong><span><span>: Servizo de almacenamento e mantemento de aeronaves.<\/span><\/span><\/li>\n<\/ul>\n<\/li>\n<li><span> <\/span><strong><span>Organizaci\u00f3n de eventos<\/span><\/strong><span>: Naturmaz ofrece instalac\u00f3ns e servizos para la realizaci\u00f3n de eventos como:<\/span>\n<ul>\n<li><span> <\/span><strong><span>Despedidas de solteiro\/a<\/span><\/strong><span>: Actividades personalizadas para grupos que buscan celebrar de maneira orixinal.<\/span><\/li>\n<li><span> <\/span><strong><span>Team Building<\/span><\/strong><span>: Programas dese\u00f1ados para empresas que buscan fortalecer o traballo en equipo e a cohesi\u00f3n entre os empregados.<\/span><\/li>\n<\/ul>\n<\/li>\n<\/ul>\n<p><span>Cunha localizaci\u00f3n privilexiada e unha ampla oferta de actividades e servizos, Naturmaz posici\u00f3nase como un referente en turismo activo en Galicia, proporcionando experiencias inesquecibles nunha contorna natural incomparable.<\/span><\/p>\n<\/div><\/div><\/div><\/div><div class=\"wpb_column vc_column_container\"><div class=\"vc_column-inner\"><div class=\"w-socials us_custom_61263217 color_link shape_circle style_outlined hover_fade\"><div class=\"w-socials-list\"><div class=\"w-socials-item custom\"><a href=\"https:\/\/naturmaz.com\/\" class=\"w-socials-item-link\" title=\"T\u00edtulo\" aria-label=\"T\u00edtulo\"><span class=\"w-socials-item-link-hover\" style=\"background:var(--color-content-faded);\"><\/span><i class=\"far fa-globe\"><\/i><\/a><div class=\"w-socials-item-popup\"><span>T\u00edtulo<\/span><\/div><\/div><div class=\"w-socials-item facebook\"><a href=\"https:\/\/www.facebook.com\/naturmaz\" class=\"w-socials-item-link\" title=\"Facebook\" aria-label=\"Facebook\"><span class=\"w-socials-item-link-hover\"><\/span><i class=\"fab fa-facebook\"><\/i><\/a><div class=\"w-socials-item-popup\"><span>Facebook<\/span><\/div><\/div><div class=\"w-socials-item youtube\"><a href=\"https:\/\/www.instagram.com\/naturmaz_aventura\/\" class=\"w-socials-item-link\" title=\"YouTube\" aria-label=\"YouTube\"><span class=\"w-socials-item-link-hover\"><\/span><i class=\"fab fa-youtube\"><\/i><\/a><div class=\"w-socials-item-popup\"><span>YouTube<\/span><\/div><\/div><div class=\"w-socials-item instagram\"><a href=\"https:\/\/www.instagram.com\/naturmaz_aventura\/\" class=\"w-socials-item-link\" title=\"Instagram\" aria-label=\"Instagram\"><span class=\"w-socials-item-link-hover\"><\/span><i class=\"fab fa-instagram\"><\/i><\/a><div class=\"w-socials-item-popup\"><span>Instagram<\/span><\/div><\/div><\/div><\/div><div class=\"w-separator size_small\"><\/div><div class=\"w-iconbox us_custom_a2db22b6 has_text_color iconpos_left style_default color_custom align_left no_title\"><div class=\"w-iconbox-icon\" style=\"font-size:1rem;--icon-color:#000000;\"><i class=\"far fa-arrow-right\"><\/i><\/div><div class=\"w-iconbox-meta\"><div class=\"w-iconbox-text\"><p><span><span class=\"elementor-icon-box-title\"> Aer\u00f3dromo de A Fervenza, Mazaricos, A Coru\u00f1a <\/span><\/span><\/p>\n<\/div><\/div><\/div><div class=\"w-iconbox us_custom_a2db22b6 has_text_color iconpos_left style_default color_custom align_left no_title\"><div class=\"w-iconbox-icon\" style=\"font-size:1rem;--icon-color:#000000;\"><i class=\"far fa-arrow-right\"><\/i><\/div><div class=\"w-iconbox-meta\"><div class=\"w-iconbox-text\"><p><span><span class=\"color_15 wixui-rich-text__text\"><span class=\"wixui-rich-text__text\"><span class=\"elementor-icon-box-title\">  622 36 74 72<\/span><\/span><\/span><\/span><\/p>\n<\/div><\/div><\/div><div class=\"w-separator size_small\"><\/div><div class=\"w-map provider_google\" id=\"us_map_1\"><div class=\"w-map-inner\"><div class=\"w-map-json\" onclick='return {&quot;address&quot;:&quot;Aer\\u00f3dromo de A Fervenza, Mazaricos, A Coru\\u00f1a&quot;,&quot;disableDragging&quot;:0,&quot;disableZoom&quot;:0,&quot;hideControls&quot;:0,&quot;zoom&quot;:14,&quot;markers&quot;:[{&quot;address&quot;:&quot;Aer\\u00f3dromo de A Fervenza, Mazaricos, A Coru\\u00f1a&quot;,&quot;html&quot;:&quot;&quot;,&quot;infowindow&quot;:0}],&quot;maptype&quot;:&quot;ROADMAP&quot;}'><\/div><\/div><\/div><\/div><\/div><\/div><\/div><\/div><\/div><\/div><\/section>\n","protected":false},"excerpt":{"rendered":"NaturmazNaturmaz Naturmaz \u00e9 un centro de turismo activo situado en Mazaricos, A Coru\u00f1a, xunto ao encoro da Fervenza. Ofrece unha ampla gama de actividades e servizos dese\u00f1ados para proporcionar experiencias...","protected":false},"author":1,"featured_media":0,"parent":9019,"menu_order":0,"comment_status":"closed","ping_status":"closed","template":"","meta":{"footnotes":""},"class_list":["post-9964","page","type-page","status-publish","hentry"],"yoast_head":"<!-- This site is optimized with the Yoast SEO plugin v26.0 - https:\/\/yoast.com\/wordpress\/plugins\/seo\/ -->\n<title>Naturmaz | AGETAN: Asociaci\u00f3n de turismo activo en Galicia<\/title>\n<meta name=\"description\" content=\"Vive la aventura en Naturmaz, en el embalse da Fervenza (Mazaricos): kayak, escalada, tirolina y m\u00e1s en plena naturaleza.\" \/>\n<meta name=\"robots\" content=\"index, follow, max-snippet:-1, max-image-preview:large, max-video-preview:-1\" \/>\n<link rel=\"canonical\" href=\"http:\/\/turismodeaventuraengalicia.es\/gl\/empresas\/naturmaz\/\" \/>\n<meta property=\"og:locale\" content=\"gl_ES\" \/>\n<meta property=\"og:type\" content=\"article\" \/>\n<meta property=\"og:title\" content=\"Naturmaz | AGETAN: Asociaci\u00f3n de turismo activo en Galicia\" \/>\n<meta property=\"og:description\" content=\"Vive la aventura en Naturmaz, en el embalse da Fervenza (Mazaricos): kayak, escalada, tirolina y m\u00e1s en plena naturaleza.\" \/>\n<meta property=\"og:url\" content=\"http:\/\/turismodeaventuraengalicia.es\/gl\/empresas\/naturmaz\/\" \/>\n<meta property=\"og:site_name\" content=\"AGETAN: Asociaci\u00f3n de Turismo Activo e Natureza de Galicia\" \/>\n<meta property=\"article:publisher\" content=\"https:\/\/www.facebook.com\/AgetanOficial\" \/>\n<meta property=\"article:modified_time\" content=\"2025-04-03T08:48:58+00:00\" \/>\n<meta name=\"twitter:card\" content=\"summary_large_image\" \/>\n<meta name=\"twitter:site\" content=\"@ActivoAgetan\" \/>\n<meta name=\"twitter:label1\" content=\"Tempo de lectura\" \/>\n\t<meta name=\"twitter:data1\" content=\"4 minutos\" \/>\n<script type=\"application\/ld+json\" class=\"yoast-schema-graph\">{\"@context\":\"https:\/\/schema.org\",\"@graph\":[{\"@type\":\"WebPage\",\"@id\":\"http:\/\/turismodeaventuraengalicia.es\/gl\/empresas\/naturmaz\/\",\"url\":\"http:\/\/turismodeaventuraengalicia.es\/gl\/empresas\/naturmaz\/\",\"name\":\"Naturmaz | AGETAN: Asociaci\u00f3n de turismo activo en Galicia\",\"isPartOf\":{\"@id\":\"https:\/\/turismodeaventuraengalicia.es\/gl\/#website\"},\"datePublished\":\"2024-11-22T16:40:51+00:00\",\"dateModified\":\"2025-04-03T08:48:58+00:00\",\"description\":\"Vive la aventura en Naturmaz, en el embalse da Fervenza (Mazaricos): kayak, escalada, tirolina y m\u00e1s en plena naturaleza.\",\"breadcrumb\":{\"@id\":\"http:\/\/turismodeaventuraengalicia.es\/gl\/empresas\/naturmaz\/#breadcrumb\"},\"inLanguage\":\"gl-ES\",\"potentialAction\":[{\"@type\":\"ReadAction\",\"target\":[\"http:\/\/turismodeaventuraengalicia.es\/gl\/empresas\/naturmaz\/\"]}]},{\"@type\":\"BreadcrumbList\",\"@id\":\"http:\/\/turismodeaventuraengalicia.es\/gl\/empresas\/naturmaz\/#breadcrumb\",\"itemListElement\":[{\"@type\":\"ListItem\",\"position\":1,\"name\":\"Portada\",\"item\":\"https:\/\/turismodeaventuraengalicia.es\/gl\/\"},{\"@type\":\"ListItem\",\"position\":2,\"name\":\"Empresas\",\"item\":\"http:\/\/turismodeaventuraengalicia.es\/gl\/empresas\/\"},{\"@type\":\"ListItem\",\"position\":3,\"name\":\"Naturmaz\"}]},{\"@type\":\"WebSite\",\"@id\":\"https:\/\/turismodeaventuraengalicia.es\/gl\/#website\",\"url\":\"https:\/\/turismodeaventuraengalicia.es\/gl\/\",\"name\":\"Turismo de Aventura en Galicia\",\"description\":\"AGETAN es la organizaci\u00f3n representante de empresas y aut\u00f3nomos dedicados al turismo activo en Galicia. Esta es su web oficial.\",\"publisher\":{\"@id\":\"https:\/\/turismodeaventuraengalicia.es\/gl\/#organization\"},\"potentialAction\":[{\"@type\":\"SearchAction\",\"target\":{\"@type\":\"EntryPoint\",\"urlTemplate\":\"https:\/\/turismodeaventuraengalicia.es\/gl\/?s={search_term_string}\"},\"query-input\":{\"@type\":\"PropertyValueSpecification\",\"valueRequired\":true,\"valueName\":\"search_term_string\"}}],\"inLanguage\":\"gl-ES\"},{\"@type\":\"Organization\",\"@id\":\"https:\/\/turismodeaventuraengalicia.es\/gl\/#organization\",\"name\":\"AGETAN\",\"alternateName\":\"Asociaci\u00f3n Galega de Empresas de Turismo Activo, de Aventura e Natureza\",\"url\":\"https:\/\/turismodeaventuraengalicia.es\/gl\/\",\"logo\":{\"@type\":\"ImageObject\",\"inLanguage\":\"gl-ES\",\"@id\":\"https:\/\/turismodeaventuraengalicia.es\/gl\/#\/schema\/logo\/image\/\",\"url\":\"https:\/\/turismodeaventuraengalicia.es\/wp-content\/uploads\/2024\/10\/agetan.jpg\",\"contentUrl\":\"https:\/\/turismodeaventuraengalicia.es\/wp-content\/uploads\/2024\/10\/agetan.jpg\",\"width\":400,\"height\":400,\"caption\":\"AGETAN\"},\"image\":{\"@id\":\"https:\/\/turismodeaventuraengalicia.es\/gl\/#\/schema\/logo\/image\/\"},\"sameAs\":[\"https:\/\/www.facebook.com\/AgetanOficial\",\"https:\/\/x.com\/ActivoAgetan\",\"https:\/\/www.instagram.com\/activoagetan\/\"]}]}<\/script>\n<!-- \/ Yoast SEO plugin. -->","yoast_head_json":{"title":"Naturmaz | AGETAN: Asociaci\u00f3n de turismo activo en Galicia","description":"Vive la aventura en Naturmaz, en el embalse da Fervenza (Mazaricos): kayak, escalada, tirolina y m\u00e1s en plena naturaleza.","robots":{"index":"index","follow":"follow","max-snippet":"max-snippet:-1","max-image-preview":"max-image-preview:large","max-video-preview":"max-video-preview:-1"},"canonical":"http:\/\/turismodeaventuraengalicia.es\/gl\/empresas\/naturmaz\/","og_locale":"gl_ES","og_type":"article","og_title":"Naturmaz | AGETAN: Asociaci\u00f3n de turismo activo en Galicia","og_description":"Vive la aventura en Naturmaz, en el embalse da Fervenza (Mazaricos): kayak, escalada, tirolina y m\u00e1s en plena naturaleza.","og_url":"http:\/\/turismodeaventuraengalicia.es\/gl\/empresas\/naturmaz\/","og_site_name":"AGETAN: Asociaci\u00f3n de Turismo Activo e Natureza de Galicia","article_publisher":"https:\/\/www.facebook.com\/AgetanOficial","article_modified_time":"2025-04-03T08:48:58+00:00","twitter_card":"summary_large_image","twitter_site":"@ActivoAgetan","twitter_misc":{"Tempo de lectura":"4 minutos"},"schema":{"@context":"https:\/\/schema.org","@graph":[{"@type":"WebPage","@id":"http:\/\/turismodeaventuraengalicia.es\/gl\/empresas\/naturmaz\/","url":"http:\/\/turismodeaventuraengalicia.es\/gl\/empresas\/naturmaz\/","name":"Naturmaz | AGETAN: Asociaci\u00f3n de turismo activo en Galicia","isPartOf":{"@id":"https:\/\/turismodeaventuraengalicia.es\/gl\/#website"},"datePublished":"2024-11-22T16:40:51+00:00","dateModified":"2025-04-03T08:48:58+00:00","description":"Vive la aventura en Naturmaz, en el embalse da Fervenza (Mazaricos): kayak, escalada, tirolina y m\u00e1s en plena naturaleza.","breadcrumb":{"@id":"http:\/\/turismodeaventuraengalicia.es\/gl\/empresas\/naturmaz\/#breadcrumb"},"inLanguage":"gl-ES","potentialAction":[{"@type":"ReadAction","target":["http:\/\/turismodeaventuraengalicia.es\/gl\/empresas\/naturmaz\/"]}]},{"@type":"BreadcrumbList","@id":"http:\/\/turismodeaventuraengalicia.es\/gl\/empresas\/naturmaz\/#breadcrumb","itemListElement":[{"@type":"ListItem","position":1,"name":"Portada","item":"https:\/\/turismodeaventuraengalicia.es\/gl\/"},{"@type":"ListItem","position":2,"name":"Empresas","item":"http:\/\/turismodeaventuraengalicia.es\/gl\/empresas\/"},{"@type":"ListItem","position":3,"name":"Naturmaz"}]},{"@type":"WebSite","@id":"https:\/\/turismodeaventuraengalicia.es\/gl\/#website","url":"https:\/\/turismodeaventuraengalicia.es\/gl\/","name":"Turismo de Aventura en Galicia","description":"AGETAN es la organizaci\u00f3n representante de empresas y aut\u00f3nomos dedicados al turismo activo en Galicia. Esta es su web oficial.","publisher":{"@id":"https:\/\/turismodeaventuraengalicia.es\/gl\/#organization"},"potentialAction":[{"@type":"SearchAction","target":{"@type":"EntryPoint","urlTemplate":"https:\/\/turismodeaventuraengalicia.es\/gl\/?s={search_term_string}"},"query-input":{"@type":"PropertyValueSpecification","valueRequired":true,"valueName":"search_term_string"}}],"inLanguage":"gl-ES"},{"@type":"Organization","@id":"https:\/\/turismodeaventuraengalicia.es\/gl\/#organization","name":"AGETAN","alternateName":"Asociaci\u00f3n Galega de Empresas de Turismo Activo, de Aventura e Natureza","url":"https:\/\/turismodeaventuraengalicia.es\/gl\/","logo":{"@type":"ImageObject","inLanguage":"gl-ES","@id":"https:\/\/turismodeaventuraengalicia.es\/gl\/#\/schema\/logo\/image\/","url":"https:\/\/turismodeaventuraengalicia.es\/wp-content\/uploads\/2024\/10\/agetan.jpg","contentUrl":"https:\/\/turismodeaventuraengalicia.es\/wp-content\/uploads\/2024\/10\/agetan.jpg","width":400,"height":400,"caption":"AGETAN"},"image":{"@id":"https:\/\/turismodeaventuraengalicia.es\/gl\/#\/schema\/logo\/image\/"},"sameAs":["https:\/\/www.facebook.com\/AgetanOficial","https:\/\/x.com\/ActivoAgetan","https:\/\/www.instagram.com\/activoagetan\/"]}]}},"_links":{"self":[{"href":"http:\/\/turismodeaventuraengalicia.es\/gl\/wp-json\/wp\/v2\/pages\/9964","targetHints":{"allow":["GET"]}}],"collection":[{"href":"http:\/\/turismodeaventuraengalicia.es\/gl\/wp-json\/wp\/v2\/pages"}],"about":[{"href":"http:\/\/turismodeaventuraengalicia.es\/gl\/wp-json\/wp\/v2\/types\/page"}],"author":[{"embeddable":true,"href":"http:\/\/turismodeaventuraengalicia.es\/gl\/wp-json\/wp\/v2\/users\/1"}],"replies":[{"embeddable":true,"href":"http:\/\/turismodeaventuraengalicia.es\/gl\/wp-json\/wp\/v2\/comments?post=9964"}],"version-history":[{"count":2,"href":"http:\/\/turismodeaventuraengalicia.es\/gl\/wp-json\/wp\/v2\/pages\/9964\/revisions"}],"predecessor-version":[{"id":9966,"href":"http:\/\/turismodeaventuraengalicia.es\/gl\/wp-json\/wp\/v2\/pages\/9964\/revisions\/9966"}],"up":[{"embeddable":true,"href":"http:\/\/turismodeaventuraengalicia.es\/gl\/wp-json\/wp\/v2\/pages\/9019"}],"wp:attachment":[{"href":"http:\/\/turismodeaventuraengalicia.es\/gl\/wp-json\/wp\/v2\/media?parent=9964"}],"curies":[{"name":"wp","href":"https:\/\/api.w.org\/{rel}","templated":true}]}}