{"id":9696,"date":"2024-11-21T16:00:36","date_gmt":"2024-11-21T16:00:36","guid":{"rendered":"https:\/\/turismodeaventuraengalicia.es\/empresas\/amare-turismo-nautico\/"},"modified":"2024-11-26T09:01:48","modified_gmt":"2024-11-26T09:01:48","slug":"amare-turismo-nautico","status":"publish","type":"page","link":"https:\/\/turismodeaventuraengalicia.es\/gl\/empresas\/amare-turismo-nautico\/","title":{"rendered":"Amare Turismo N\u00e1utico"},"content":{"rendered":"<section class=\"l-section wpb_row height_custom color_primary with_img\" id=\"fondoImagenEmpresa\"><div class=\"l-section-img\" role=\"img\" data-img-width=\"800\" data-img-height=\"415\" style=\"background-image: url(https:\/\/turismodeaventuraengalicia.es\/wp-content\/uploads\/2024\/11\/amare-turismo-natuico-3.jpg);background-repeat: no-repeat;\"><\/div><div class=\"l-section-h i-cf\"><div class=\"g-cols vc_row via_grid cols_1 laptops-cols_inherit tablets-cols_inherit mobiles-cols_1 valign_top type_default stacking_default\"><div class=\"wpb_column vc_column_container\"><div class=\"vc_column-inner\"><div class=\"w-separator size_medium\"><\/div><h1 class=\"w-text us_custom_eb849559\"><span class=\"w-text-h\"><span class=\"w-text-value\">Amare Turismo N\u00e1utico<\/span><\/span><\/h1><div class=\"w-separator size_medium\"><\/div><\/div><\/div><\/div><\/div><\/section><section class=\"l-section wpb_row height_custom\" id=\"introEmpresa\"><div class=\"l-section-h i-cf\"><div class=\"g-cols vc_row via_grid cols_1-2 laptops-cols_inherit tablets-cols_inherit mobiles-cols_1 valign_middle type_default stacking_default\"><div class=\"wpb_column vc_column_container\"><div class=\"vc_column-inner\"><div class=\"w-image align_none\"><div class=\"w-image-h\"><img decoding=\"async\" width=\"367\" height=\"210\" src=\"https:\/\/turismodeaventuraengalicia.es\/wp-content\/uploads\/2024\/11\/logo-amare.jpg\" class=\"attachment-large size-large\" alt=\"Amare turismo n\u00e1utico en Aroura\" loading=\"lazy\" srcset=\"https:\/\/turismodeaventuraengalicia.es\/wp-content\/uploads\/2024\/11\/logo-amare.jpg 367w, https:\/\/turismodeaventuraengalicia.es\/wp-content\/uploads\/2024\/11\/logo-amare-300x172.jpg 300w\" sizes=\"auto, (max-width: 367px) 100vw, 367px\" \/><\/div><\/div><\/div><\/div><div class=\"wpb_column vc_column_container\"><div class=\"vc_column-inner\"><div class=\"wpb_text_column\"><div class=\"wpb_wrapper\"><h3>Amare Turismo N\u00e1utico<\/h3>\n<p><span>No ano 2013 xurdiu unha idea que cambiou o rumbo das nosas vidas e que marcou o inicio dunha apaixonante traves\u00eda. Tras anos de dedicaci\u00f3n \u00e1s diferentes artes mari\u00f1eiras na R\u00eda de Arousa, decidimos dar un xiro que nos permitise mostrar aos demais a riqueza e beleza da nosa contorna. <\/span><\/p>\n<\/div><\/div><\/div><\/div><\/div><\/div><\/section><section class=\"l-section wpb_row height_auto\" id=\"galeriaEmpresa\"><div class=\"l-section-h i-cf\"><div class=\"g-cols vc_row via_grid cols_1 laptops-cols_inherit tablets-cols_inherit mobiles-cols_1 valign_top type_default stacking_default\"><div class=\"wpb_column vc_column_container\"><div class=\"vc_column-inner\"><div class=\"g-cols wpb_row via_grid cols_1 laptops-cols_inherit tablets-cols_inherit mobiles-cols_1 valign_top type_default stacking_default\" style=\"--gap:3rem;\"><div class=\"wpb_column vc_column_container\"><div class=\"vc_column-inner\"><div class=\"w-gallery fit_cover type_grid action_popup_image ratio_1x1 count_5\" style=\"--columns:5;--items-gap:10px;\"><div class=\"w-gallery-list\"><div class=\"w-gallery-item\"><div class=\"w-gallery-item-img\"><img loading=\"lazy\" decoding=\"async\" width=\"1024\" height=\"768\" src=\"https:\/\/turismodeaventuraengalicia.es\/wp-content\/uploads\/2024\/11\/amare-turismo-natuico-5-1024x768.jpg\" class=\"attachment-large size-large\" alt=\"Amare turismo marinero en Arousa\" srcset=\"https:\/\/turismodeaventuraengalicia.es\/wp-content\/uploads\/2024\/11\/amare-turismo-natuico-5-1024x768.jpg 1024w, https:\/\/turismodeaventuraengalicia.es\/wp-content\/uploads\/2024\/11\/amare-turismo-natuico-5-300x225.jpg 300w, https:\/\/turismodeaventuraengalicia.es\/wp-content\/uploads\/2024\/11\/amare-turismo-natuico-5.jpg 1440w\" sizes=\"auto, (max-width: 1024px) 100vw, 1024px\" \/><\/div><a class=\"w-gallery-item-link\" aria-label=\"Amare turismo marinero en Arousa\" href=\"https:\/\/turismodeaventuraengalicia.es\/wp-content\/uploads\/2024\/11\/amare-turismo-natuico-5.jpg\"><\/a><\/div><div class=\"w-gallery-item\"><div class=\"w-gallery-item-img\"><img loading=\"lazy\" decoding=\"async\" width=\"1024\" height=\"768\" src=\"https:\/\/turismodeaventuraengalicia.es\/wp-content\/uploads\/2024\/11\/amare-turismo-natuico-4-1024x768.jpg\" class=\"attachment-large size-large\" alt=\"Amare, turismo activo en Illa de Arousa\" srcset=\"https:\/\/turismodeaventuraengalicia.es\/wp-content\/uploads\/2024\/11\/amare-turismo-natuico-4-1024x768.jpg 1024w, https:\/\/turismodeaventuraengalicia.es\/wp-content\/uploads\/2024\/11\/amare-turismo-natuico-4-300x225.jpg 300w, https:\/\/turismodeaventuraengalicia.es\/wp-content\/uploads\/2024\/11\/amare-turismo-natuico-4.jpg 1200w\" sizes=\"auto, (max-width: 1024px) 100vw, 1024px\" \/><\/div><a class=\"w-gallery-item-link\" aria-label=\"Amare, turismo activo en Illa de Arousa\" href=\"https:\/\/turismodeaventuraengalicia.es\/wp-content\/uploads\/2024\/11\/amare-turismo-natuico-4.jpg\"><\/a><\/div><div class=\"w-gallery-item\"><div class=\"w-gallery-item-img\"><img loading=\"lazy\" decoding=\"async\" width=\"800\" height=\"415\" src=\"https:\/\/turismodeaventuraengalicia.es\/wp-content\/uploads\/2024\/11\/amare-turismo-natuico-3.jpg\" class=\"attachment-large size-large\" alt=\"Amare turismo n\u00e1utico: rutas a las islas de las r\u00edas baixas\" srcset=\"https:\/\/turismodeaventuraengalicia.es\/wp-content\/uploads\/2024\/11\/amare-turismo-natuico-3.jpg 800w, https:\/\/turismodeaventuraengalicia.es\/wp-content\/uploads\/2024\/11\/amare-turismo-natuico-3-300x156.jpg 300w\" sizes=\"auto, (max-width: 800px) 100vw, 800px\" \/><\/div><a class=\"w-gallery-item-link\" aria-label=\"Amare turismo n\u00e1utico: rutas a las islas de las r\u00edas baixas\" href=\"https:\/\/turismodeaventuraengalicia.es\/wp-content\/uploads\/2024\/11\/amare-turismo-natuico-3.jpg\"><\/a><\/div><div class=\"w-gallery-item\"><div class=\"w-gallery-item-img\"><img loading=\"lazy\" decoding=\"async\" width=\"1024\" height=\"768\" src=\"https:\/\/turismodeaventuraengalicia.es\/wp-content\/uploads\/2024\/11\/amare-turismo-natuico-2-1024x768.jpg\" class=\"attachment-large size-large\" alt=\"Amare turismo n\u00e1utico en Illa de Arousa: alquiler de embarcaciones\" srcset=\"https:\/\/turismodeaventuraengalicia.es\/wp-content\/uploads\/2024\/11\/amare-turismo-natuico-2-1024x768.jpg 1024w, https:\/\/turismodeaventuraengalicia.es\/wp-content\/uploads\/2024\/11\/amare-turismo-natuico-2-300x225.jpg 300w, https:\/\/turismodeaventuraengalicia.es\/wp-content\/uploads\/2024\/11\/amare-turismo-natuico-2.jpg 1440w\" sizes=\"auto, (max-width: 1024px) 100vw, 1024px\" \/><\/div><a class=\"w-gallery-item-link\" aria-label=\"Amare turismo n\u00e1utico en Illa de Arousa: alquiler de embarcaciones\" href=\"https:\/\/turismodeaventuraengalicia.es\/wp-content\/uploads\/2024\/11\/amare-turismo-natuico-2.jpg\"><\/a><\/div><div class=\"w-gallery-item\"><div class=\"w-gallery-item-img\"><img loading=\"lazy\" decoding=\"async\" width=\"1024\" height=\"811\" src=\"https:\/\/turismodeaventuraengalicia.es\/wp-content\/uploads\/2024\/11\/amare-turismo-natuico-1-1024x811.jpg\" class=\"attachment-large size-large\" alt=\"Amare turismo n\u00e1utico en Illa de Arousa\" srcset=\"https:\/\/turismodeaventuraengalicia.es\/wp-content\/uploads\/2024\/11\/amare-turismo-natuico-1-1024x811.jpg 1024w, https:\/\/turismodeaventuraengalicia.es\/wp-content\/uploads\/2024\/11\/amare-turismo-natuico-1-300x238.jpg 300w, https:\/\/turismodeaventuraengalicia.es\/wp-content\/uploads\/2024\/11\/amare-turismo-natuico-1.jpg 1029w\" sizes=\"auto, (max-width: 1024px) 100vw, 1024px\" \/><\/div><a class=\"w-gallery-item-link\" aria-label=\"Amare turismo n\u00e1utico en Illa de Arousa\" href=\"https:\/\/turismodeaventuraengalicia.es\/wp-content\/uploads\/2024\/11\/amare-turismo-natuico-1.jpg\"><\/a><\/div><\/div><\/div><\/div><\/div><\/div><\/div><\/div><\/div><\/div><\/section><section class=\"l-section wpb_row height_medium\" id=\"infoEmpresa\"><div class=\"l-section-h i-cf\"><div class=\"g-cols vc_row via_grid cols_1 laptops-cols_inherit tablets-cols_inherit mobiles-cols_1 valign_top type_default stacking_default\" style=\"--gap:0rem;--laptops-gap:0rem;--tablets-gap:3rem;--mobiles-gap:3rem;\"><div class=\"wpb_column vc_column_container\"><div class=\"vc_column-inner\"><div class=\"g-cols wpb_row via_grid cols_2-1 laptops-cols_inherit tablets-cols_inherit mobiles-cols_1 valign_top type_default stacking_default\" style=\"--gap:1rem;--laptops-gap:1rem;--tablets-gap:3rem;--mobiles-gap:3rem;\"><div class=\"wpb_column vc_column_container\"><div class=\"vc_column-inner\"><h4 class=\"w-text us_custom_49f317a8\"><span class=\"w-text-h\"><span class=\"w-text-value\">Informaci\u00f3n<\/span><\/span><\/h4><div class=\"wpb_text_column\"><div class=\"wpb_wrapper\"><p><span>No ano 2013 xurdiu unha idea que cambiou o rumbo das nosas vidas e que marcou o inicio dunha apaixonante traves\u00eda. Tras anos de dedicaci\u00f3n \u00e1s diferentes artes mari\u00f1eiras na R\u00eda de Arousa, decidimos dar un xiro que nos permitise mostrar aos demais a riqueza e beleza da nosa contorna. <\/span><\/p>\n<p><span>As\u00ed foi como naceu Amare Turismo N\u00e1utico, unha firma que se fundamenta na paix\u00f3n e respecto polo mar, e que ten como obxectivo compartir co mundo a beleza, a diversidade e a importancia dos labores mari\u00f1eiros da R\u00eda de Arousa. Desde ese momento, a nosa misi\u00f3n foi clara: mostrar a riqueza natural e cultural, entrelazadas coas historias de quen habita e traballan na nosa zona, difundindo as\u00ed as tradici\u00f3ns. <\/span><\/p>\n<p><span>Lanz\u00e1monos \u00e1 aventura, para crear unha empresa de turismo n\u00e1utico que ofrecese unha visi\u00f3n aut\u00e9ntica e respectuosa do traballo do mar.<\/span><\/p>\n<p><span>Desde ent\u00f3n, traballamos para constru\u00edr e poder ofrecer experiencias \u00fanicas e inesquecibles. En Amare Turismo N\u00e1utico, non s\u00f3 organizamos excursi\u00f3ns mar\u00edtimas, sen\u00f3n que tam\u00e9n compartimos historias, co\u00f1ecementos e paix\u00f3ns con todos aqueles que desexen embarcarse nunha viaxe xunto a n\u00f3s. <\/span><\/p>\n<p><span>Lembramos as nosas ra\u00edces e cada d\u00eda celebramos a oportunidade de compartir cos demais nosa paix\u00f3n polo mar, sempre, baixo o compromiso inquebrantable coa preservaci\u00f3n da contorna que tanto amamos.<\/span><\/p>\n<\/div><\/div><\/div><\/div><div class=\"wpb_column vc_column_container\"><div class=\"vc_column-inner\"><div class=\"w-socials us_custom_61263217 color_link shape_circle style_outlined hover_fade\"><div class=\"w-socials-list\"><div class=\"w-socials-item custom\"><a href=\"https:\/\/www.amareturismonautico.com\/\" class=\"w-socials-item-link\" title=\"T\u00edtulo\" aria-label=\"T\u00edtulo\"><span class=\"w-socials-item-link-hover\" style=\"background:var(--color-content-faded);\"><\/span><i class=\"far fa-globe\"><\/i><\/a><div class=\"w-socials-item-popup\"><span>T\u00edtulo<\/span><\/div><\/div><div class=\"w-socials-item facebook\"><a href=\"https:\/\/www.facebook.com\/amareturismonautico\" class=\"w-socials-item-link\" title=\"Facebook\" aria-label=\"Facebook\"><span class=\"w-socials-item-link-hover\"><\/span><i class=\"fab fa-facebook\"><\/i><\/a><div class=\"w-socials-item-popup\"><span>Facebook<\/span><\/div><\/div><div class=\"w-socials-item instagram\"><a href=\"https:\/\/www.instagram.com\/amareturismonautico\/\" class=\"w-socials-item-link\" title=\"Instagram\" aria-label=\"Instagram\"><span class=\"w-socials-item-link-hover\"><\/span><i class=\"fab fa-instagram\"><\/i><\/a><div class=\"w-socials-item-popup\"><span>Instagram<\/span><\/div><\/div><div class=\"w-socials-item youtube\"><a href=\"https:\/\/www.youtube.com\/channel\/UCc0MDSJlt1bGkghM1LbXtdA\" class=\"w-socials-item-link\" title=\"YouTube\" aria-label=\"YouTube\"><span class=\"w-socials-item-link-hover\"><\/span><i class=\"fab fa-youtube\"><\/i><\/a><div class=\"w-socials-item-popup\"><span>YouTube<\/span><\/div><\/div><\/div><\/div><div class=\"w-separator size_small\"><\/div><div class=\"w-iconbox us_custom_a2db22b6 has_text_color iconpos_left style_default color_custom align_left no_title\"><div class=\"w-iconbox-icon\" style=\"font-size:1rem;--icon-color:#000000;\"><i class=\"far fa-arrow-right\"><\/i><\/div><div class=\"w-iconbox-meta\"><div class=\"w-iconbox-text\"><p><span>Illa de Arousa (Pontevedra)<\/span><\/p>\n<\/div><\/div><\/div><div class=\"w-iconbox us_custom_a2db22b6 has_text_color iconpos_left style_default color_custom align_left no_title\"><div class=\"w-iconbox-icon\" style=\"font-size:1rem;--icon-color:#000000;\"><i class=\"far fa-arrow-right\"><\/i><\/div><div class=\"w-iconbox-meta\"><div class=\"w-iconbox-text\"><p><span><span class=\"color_15 wixui-rich-text__text\"><span class=\"wixui-rich-text__text\">+34 650 410 322  <\/span><\/span><\/span><\/p>\n<\/div><\/div><\/div><div class=\"w-separator size_small\"><\/div><div class=\"w-map provider_google\" id=\"us_map_1\"><div class=\"w-map-inner\"><div class=\"w-map-json\" onclick='return {&quot;address&quot;:&quot;Illa de Arousa (Pontevedra)&quot;,&quot;disableDragging&quot;:0,&quot;disableZoom&quot;:0,&quot;hideControls&quot;:0,&quot;zoom&quot;:14,&quot;markers&quot;:[{&quot;address&quot;:&quot;Illa de Arousa (Pontevedra)&quot;,&quot;html&quot;:&quot;&quot;,&quot;infowindow&quot;:0}],&quot;maptype&quot;:&quot;ROADMAP&quot;}'><\/div><\/div><\/div><\/div><\/div><\/div><\/div><\/div><\/div><\/div><\/section>\n","protected":false},"excerpt":{"rendered":"Amare Turismo N\u00e1uticoAmare Turismo N\u00e1utico No ano 2013 xurdiu unha idea que cambiou o rumbo das nosas vidas e que marcou o inicio dunha apaixonante traves\u00eda. Tras anos de dedicaci\u00f3n...","protected":false},"author":1,"featured_media":0,"parent":9019,"menu_order":0,"comment_status":"closed","ping_status":"closed","template":"","meta":{"footnotes":""},"class_list":["post-9696","page","type-page","status-publish","hentry"],"yoast_head":"<!-- This site is optimized with the Yoast SEO plugin v26.0 - https:\/\/yoast.com\/wordpress\/plugins\/seo\/ -->\n<title>Amare Turismo N\u00e1utico - AGETAN: Asociaci\u00f3n de Turismo Activo e Natureza de Galicia<\/title>\n<meta name=\"robots\" content=\"index, follow, max-snippet:-1, max-image-preview:large, max-video-preview:-1\" \/>\n<link rel=\"canonical\" href=\"https:\/\/turismodeaventuraengalicia.es\/gl\/empresas\/amare-turismo-nautico\/\" \/>\n<meta property=\"og:locale\" content=\"gl_ES\" \/>\n<meta property=\"og:type\" content=\"article\" \/>\n<meta property=\"og:title\" content=\"Amare Turismo N\u00e1utico - AGETAN: Asociaci\u00f3n de Turismo Activo e Natureza de Galicia\" \/>\n<meta property=\"og:url\" content=\"https:\/\/turismodeaventuraengalicia.es\/gl\/empresas\/amare-turismo-nautico\/\" \/>\n<meta property=\"og:site_name\" content=\"AGETAN: Asociaci\u00f3n de Turismo Activo e Natureza de Galicia\" \/>\n<meta property=\"article:publisher\" content=\"https:\/\/www.facebook.com\/AgetanOficial\" \/>\n<meta property=\"article:modified_time\" content=\"2024-11-26T09:01:48+00:00\" \/>\n<meta name=\"twitter:card\" content=\"summary_large_image\" \/>\n<meta name=\"twitter:site\" content=\"@ActivoAgetan\" \/>\n<meta name=\"twitter:label1\" content=\"Tempo de lectura\" \/>\n\t<meta name=\"twitter:data1\" content=\"4 minutos\" \/>\n<script type=\"application\/ld+json\" class=\"yoast-schema-graph\">{\"@context\":\"https:\/\/schema.org\",\"@graph\":[{\"@type\":\"WebPage\",\"@id\":\"https:\/\/turismodeaventuraengalicia.es\/gl\/empresas\/amare-turismo-nautico\/\",\"url\":\"https:\/\/turismodeaventuraengalicia.es\/gl\/empresas\/amare-turismo-nautico\/\",\"name\":\"Amare Turismo N\u00e1utico - AGETAN: Asociaci\u00f3n de Turismo Activo e Natureza de Galicia\",\"isPartOf\":{\"@id\":\"http:\/\/turismodeaventuraengalicia.es\/gl\/#website\"},\"datePublished\":\"2024-11-21T16:00:36+00:00\",\"dateModified\":\"2024-11-26T09:01:48+00:00\",\"breadcrumb\":{\"@id\":\"https:\/\/turismodeaventuraengalicia.es\/gl\/empresas\/amare-turismo-nautico\/#breadcrumb\"},\"inLanguage\":\"gl-ES\",\"potentialAction\":[{\"@type\":\"ReadAction\",\"target\":[\"https:\/\/turismodeaventuraengalicia.es\/gl\/empresas\/amare-turismo-nautico\/\"]}]},{\"@type\":\"BreadcrumbList\",\"@id\":\"https:\/\/turismodeaventuraengalicia.es\/gl\/empresas\/amare-turismo-nautico\/#breadcrumb\",\"itemListElement\":[{\"@type\":\"ListItem\",\"position\":1,\"name\":\"Portada\",\"item\":\"http:\/\/turismodeaventuraengalicia.es\/gl\/\"},{\"@type\":\"ListItem\",\"position\":2,\"name\":\"Empresas\",\"item\":\"https:\/\/turismodeaventuraengalicia.es\/gl\/empresas\/\"},{\"@type\":\"ListItem\",\"position\":3,\"name\":\"Amare Turismo N\u00e1utico\"}]},{\"@type\":\"WebSite\",\"@id\":\"http:\/\/turismodeaventuraengalicia.es\/gl\/#website\",\"url\":\"http:\/\/turismodeaventuraengalicia.es\/gl\/\",\"name\":\"Turismo de Aventura en Galicia\",\"description\":\"AGETAN es la organizaci\u00f3n representante de empresas y aut\u00f3nomos dedicados al turismo activo en Galicia. Esta es su web oficial.\",\"publisher\":{\"@id\":\"http:\/\/turismodeaventuraengalicia.es\/gl\/#organization\"},\"potentialAction\":[{\"@type\":\"SearchAction\",\"target\":{\"@type\":\"EntryPoint\",\"urlTemplate\":\"http:\/\/turismodeaventuraengalicia.es\/gl\/?s={search_term_string}\"},\"query-input\":{\"@type\":\"PropertyValueSpecification\",\"valueRequired\":true,\"valueName\":\"search_term_string\"}}],\"inLanguage\":\"gl-ES\"},{\"@type\":\"Organization\",\"@id\":\"http:\/\/turismodeaventuraengalicia.es\/gl\/#organization\",\"name\":\"AGETAN\",\"alternateName\":\"Asociaci\u00f3n Galega de Empresas de Turismo Activo, de Aventura e Natureza\",\"url\":\"http:\/\/turismodeaventuraengalicia.es\/gl\/\",\"logo\":{\"@type\":\"ImageObject\",\"inLanguage\":\"gl-ES\",\"@id\":\"http:\/\/turismodeaventuraengalicia.es\/gl\/#\/schema\/logo\/image\/\",\"url\":\"https:\/\/turismodeaventuraengalicia.es\/wp-content\/uploads\/2024\/10\/agetan.jpg\",\"contentUrl\":\"https:\/\/turismodeaventuraengalicia.es\/wp-content\/uploads\/2024\/10\/agetan.jpg\",\"width\":400,\"height\":400,\"caption\":\"AGETAN\"},\"image\":{\"@id\":\"http:\/\/turismodeaventuraengalicia.es\/gl\/#\/schema\/logo\/image\/\"},\"sameAs\":[\"https:\/\/www.facebook.com\/AgetanOficial\",\"https:\/\/x.com\/ActivoAgetan\",\"https:\/\/www.instagram.com\/activoagetan\/\"]}]}<\/script>\n<!-- \/ Yoast SEO plugin. -->","yoast_head_json":{"title":"Amare Turismo N\u00e1utico - AGETAN: Asociaci\u00f3n de Turismo Activo e Natureza de Galicia","robots":{"index":"index","follow":"follow","max-snippet":"max-snippet:-1","max-image-preview":"max-image-preview:large","max-video-preview":"max-video-preview:-1"},"canonical":"https:\/\/turismodeaventuraengalicia.es\/gl\/empresas\/amare-turismo-nautico\/","og_locale":"gl_ES","og_type":"article","og_title":"Amare Turismo N\u00e1utico - AGETAN: Asociaci\u00f3n de Turismo Activo e Natureza de Galicia","og_url":"https:\/\/turismodeaventuraengalicia.es\/gl\/empresas\/amare-turismo-nautico\/","og_site_name":"AGETAN: Asociaci\u00f3n de Turismo Activo e Natureza de Galicia","article_publisher":"https:\/\/www.facebook.com\/AgetanOficial","article_modified_time":"2024-11-26T09:01:48+00:00","twitter_card":"summary_large_image","twitter_site":"@ActivoAgetan","twitter_misc":{"Tempo de lectura":"4 minutos"},"schema":{"@context":"https:\/\/schema.org","@graph":[{"@type":"WebPage","@id":"https:\/\/turismodeaventuraengalicia.es\/gl\/empresas\/amare-turismo-nautico\/","url":"https:\/\/turismodeaventuraengalicia.es\/gl\/empresas\/amare-turismo-nautico\/","name":"Amare Turismo N\u00e1utico - AGETAN: Asociaci\u00f3n de Turismo Activo e Natureza de Galicia","isPartOf":{"@id":"http:\/\/turismodeaventuraengalicia.es\/gl\/#website"},"datePublished":"2024-11-21T16:00:36+00:00","dateModified":"2024-11-26T09:01:48+00:00","breadcrumb":{"@id":"https:\/\/turismodeaventuraengalicia.es\/gl\/empresas\/amare-turismo-nautico\/#breadcrumb"},"inLanguage":"gl-ES","potentialAction":[{"@type":"ReadAction","target":["https:\/\/turismodeaventuraengalicia.es\/gl\/empresas\/amare-turismo-nautico\/"]}]},{"@type":"BreadcrumbList","@id":"https:\/\/turismodeaventuraengalicia.es\/gl\/empresas\/amare-turismo-nautico\/#breadcrumb","itemListElement":[{"@type":"ListItem","position":1,"name":"Portada","item":"http:\/\/turismodeaventuraengalicia.es\/gl\/"},{"@type":"ListItem","position":2,"name":"Empresas","item":"https:\/\/turismodeaventuraengalicia.es\/gl\/empresas\/"},{"@type":"ListItem","position":3,"name":"Amare Turismo N\u00e1utico"}]},{"@type":"WebSite","@id":"http:\/\/turismodeaventuraengalicia.es\/gl\/#website","url":"http:\/\/turismodeaventuraengalicia.es\/gl\/","name":"Turismo de Aventura en Galicia","description":"AGETAN es la organizaci\u00f3n representante de empresas y aut\u00f3nomos dedicados al turismo activo en Galicia. Esta es su web oficial.","publisher":{"@id":"http:\/\/turismodeaventuraengalicia.es\/gl\/#organization"},"potentialAction":[{"@type":"SearchAction","target":{"@type":"EntryPoint","urlTemplate":"http:\/\/turismodeaventuraengalicia.es\/gl\/?s={search_term_string}"},"query-input":{"@type":"PropertyValueSpecification","valueRequired":true,"valueName":"search_term_string"}}],"inLanguage":"gl-ES"},{"@type":"Organization","@id":"http:\/\/turismodeaventuraengalicia.es\/gl\/#organization","name":"AGETAN","alternateName":"Asociaci\u00f3n Galega de Empresas de Turismo Activo, de Aventura e Natureza","url":"http:\/\/turismodeaventuraengalicia.es\/gl\/","logo":{"@type":"ImageObject","inLanguage":"gl-ES","@id":"http:\/\/turismodeaventuraengalicia.es\/gl\/#\/schema\/logo\/image\/","url":"https:\/\/turismodeaventuraengalicia.es\/wp-content\/uploads\/2024\/10\/agetan.jpg","contentUrl":"https:\/\/turismodeaventuraengalicia.es\/wp-content\/uploads\/2024\/10\/agetan.jpg","width":400,"height":400,"caption":"AGETAN"},"image":{"@id":"http:\/\/turismodeaventuraengalicia.es\/gl\/#\/schema\/logo\/image\/"},"sameAs":["https:\/\/www.facebook.com\/AgetanOficial","https:\/\/x.com\/ActivoAgetan","https:\/\/www.instagram.com\/activoagetan\/"]}]}},"_links":{"self":[{"href":"https:\/\/turismodeaventuraengalicia.es\/gl\/wp-json\/wp\/v2\/pages\/9696","targetHints":{"allow":["GET"]}}],"collection":[{"href":"https:\/\/turismodeaventuraengalicia.es\/gl\/wp-json\/wp\/v2\/pages"}],"about":[{"href":"https:\/\/turismodeaventuraengalicia.es\/gl\/wp-json\/wp\/v2\/types\/page"}],"author":[{"embeddable":true,"href":"https:\/\/turismodeaventuraengalicia.es\/gl\/wp-json\/wp\/v2\/users\/1"}],"replies":[{"embeddable":true,"href":"https:\/\/turismodeaventuraengalicia.es\/gl\/wp-json\/wp\/v2\/comments?post=9696"}],"version-history":[{"count":2,"href":"https:\/\/turismodeaventuraengalicia.es\/gl\/wp-json\/wp\/v2\/pages\/9696\/revisions"}],"predecessor-version":[{"id":9698,"href":"https:\/\/turismodeaventuraengalicia.es\/gl\/wp-json\/wp\/v2\/pages\/9696\/revisions\/9698"}],"up":[{"embeddable":true,"href":"https:\/\/turismodeaventuraengalicia.es\/gl\/wp-json\/wp\/v2\/pages\/9019"}],"wp:attachment":[{"href":"https:\/\/turismodeaventuraengalicia.es\/gl\/wp-json\/wp\/v2\/media?parent=9696"}],"curies":[{"name":"wp","href":"https:\/\/api.w.org\/{rel}","templated":true}]}}