{"id":9715,"date":"2024-11-20T11:40:12","date_gmt":"2024-11-20T11:40:12","guid":{"rendered":"https:\/\/turismodeaventuraengalicia.es\/empresas\/mar-mar-outdoor\/"},"modified":"2024-11-26T11:22:28","modified_gmt":"2024-11-26T11:22:28","slug":"mar-mar-outdoor","status":"publish","type":"page","link":"https:\/\/turismodeaventuraengalicia.es\/gl\/empresas\/mar-mar-outdoor\/","title":{"rendered":"Mar Mar Outdoor"},"content":{"rendered":"<section class=\"l-section wpb_row height_custom color_primary with_img\" id=\"fondoImagenEmpresa\"><div class=\"l-section-img\" role=\"img\" data-img-width=\"850\" data-img-height=\"567\" style=\"background-image: url(https:\/\/turismodeaventuraengalicia.es\/wp-content\/uploads\/2024\/11\/marmar-outdoor-1.jpeg);background-repeat: no-repeat;\"><\/div><div class=\"l-section-h i-cf\"><div class=\"g-cols vc_row via_grid cols_1 laptops-cols_inherit tablets-cols_inherit mobiles-cols_1 valign_top type_default stacking_default\"><div class=\"wpb_column vc_column_container\"><div class=\"vc_column-inner\"><div class=\"w-separator size_medium\"><\/div><h1 class=\"w-text us_custom_eb849559\"><span class=\"w-text-h\"><span class=\"w-text-value\">Mar Mar Outdoor<\/span><\/span><\/h1><div class=\"w-separator size_medium\"><\/div><\/div><\/div><\/div><\/div><\/section><section class=\"l-section wpb_row height_custom\" id=\"introEmpresa\"><div class=\"l-section-h i-cf\"><div class=\"g-cols vc_row via_grid cols_1-2 laptops-cols_inherit tablets-cols_inherit mobiles-cols_1 valign_middle type_default stacking_default\"><div class=\"wpb_column vc_column_container\"><div class=\"vc_column-inner\"><div class=\"w-image align_none\"><div class=\"w-image-h\"><img decoding=\"async\" width=\"1024\" height=\"1024\" src=\"https:\/\/turismodeaventuraengalicia.es\/wp-content\/uploads\/2024\/11\/marmarOutdoor.svg\" class=\"attachment-large size-large\" alt=\"Logotipo marmar outdor\" loading=\"lazy\" \/><\/div><\/div><\/div><\/div><div class=\"wpb_column vc_column_container\"><div class=\"vc_column-inner\"><div class=\"wpb_text_column\"><div class=\"wpb_wrapper\"><h3>Marmar Outdoor<\/h3>\n<p>Empresa de turismo activo, situada na Reserva d\u00e1 Biosfera Mari\u00f1as Coru\u00f1esas e Terras do Mandeo e moi preto do Bosque Atl\u00e1ntico mellor conservado de Europa &#8220;Parque Natural d\u00e1s Fragas do Eume&#8221; e do Alto Eume, non que desenvolvemos todas as nosas actividades totalmente sostibles e experiencial para vos nosos clientes.<\/p>\n<\/div><\/div><\/div><\/div><\/div><\/div><\/section><section class=\"l-section wpb_row height_auto\" id=\"galeriaEmpresa\"><div class=\"l-section-h i-cf\"><div class=\"g-cols vc_row via_grid cols_1 laptops-cols_inherit tablets-cols_inherit mobiles-cols_1 valign_top type_default stacking_default\"><div class=\"wpb_column vc_column_container\"><div class=\"vc_column-inner\"><div class=\"g-cols wpb_row via_grid cols_1 laptops-cols_inherit tablets-cols_inherit mobiles-cols_1 valign_top type_default stacking_default\" style=\"--gap:3rem;\"><div class=\"wpb_column vc_column_container\"><div class=\"vc_column-inner\"><div class=\"w-gallery fit_cover type_grid action_popup_image ratio_1x1 count_5\" style=\"--columns:5;--items-gap:10px;\"><div class=\"w-gallery-list\"><div class=\"w-gallery-item\"><div class=\"w-gallery-item-img\"><img loading=\"lazy\" decoding=\"async\" width=\"850\" height=\"638\" src=\"https:\/\/turismodeaventuraengalicia.es\/wp-content\/uploads\/2024\/11\/marmar-outdoor-2.jpeg\" class=\"attachment-large size-large\" alt=\"Marmar Outdoor: rutas en kayak\" srcset=\"https:\/\/turismodeaventuraengalicia.es\/wp-content\/uploads\/2024\/11\/marmar-outdoor-2.jpeg 850w, https:\/\/turismodeaventuraengalicia.es\/wp-content\/uploads\/2024\/11\/marmar-outdoor-2-300x225.jpeg 300w\" sizes=\"auto, (max-width: 850px) 100vw, 850px\" \/><\/div><a class=\"w-gallery-item-link\" aria-label=\"Marmar Outdoor: rutas en kayak\" href=\"https:\/\/turismodeaventuraengalicia.es\/wp-content\/uploads\/2024\/11\/marmar-outdoor-2.jpeg\"><\/a><\/div><div class=\"w-gallery-item\"><div class=\"w-gallery-item-img\"><img loading=\"lazy\" decoding=\"async\" width=\"720\" height=\"540\" src=\"https:\/\/turismodeaventuraengalicia.es\/wp-content\/uploads\/2024\/11\/marmar-outdoor-3.jpeg\" class=\"attachment-large size-large\" alt=\"Marmar Outdoor: rutas en kayak en Coru\u00f1a\" srcset=\"https:\/\/turismodeaventuraengalicia.es\/wp-content\/uploads\/2024\/11\/marmar-outdoor-3.jpeg 720w, https:\/\/turismodeaventuraengalicia.es\/wp-content\/uploads\/2024\/11\/marmar-outdoor-3-300x225.jpeg 300w\" sizes=\"auto, (max-width: 720px) 100vw, 720px\" \/><\/div><a class=\"w-gallery-item-link\" aria-label=\"Marmar Outdoor: rutas en kayak en Coru\u00f1a\" href=\"https:\/\/turismodeaventuraengalicia.es\/wp-content\/uploads\/2024\/11\/marmar-outdoor-3.jpeg\"><\/a><\/div><div class=\"w-gallery-item\"><div class=\"w-gallery-item-img\"><img loading=\"lazy\" decoding=\"async\" width=\"850\" height=\"638\" src=\"https:\/\/turismodeaventuraengalicia.es\/wp-content\/uploads\/2024\/11\/marmar-outdoor-4.jpeg\" class=\"attachment-large size-large\" alt=\"Marmar Outdoor actividades de turismo activo\" srcset=\"https:\/\/turismodeaventuraengalicia.es\/wp-content\/uploads\/2024\/11\/marmar-outdoor-4.jpeg 850w, https:\/\/turismodeaventuraengalicia.es\/wp-content\/uploads\/2024\/11\/marmar-outdoor-4-300x225.jpeg 300w\" sizes=\"auto, (max-width: 850px) 100vw, 850px\" \/><\/div><a class=\"w-gallery-item-link\" aria-label=\"Marmar Outdoor actividades de turismo activo\" href=\"https:\/\/turismodeaventuraengalicia.es\/wp-content\/uploads\/2024\/11\/marmar-outdoor-4.jpeg\"><\/a><\/div><div class=\"w-gallery-item\"><div class=\"w-gallery-item-img\"><img loading=\"lazy\" decoding=\"async\" width=\"450\" height=\"800\" src=\"https:\/\/turismodeaventuraengalicia.es\/wp-content\/uploads\/2024\/11\/marmar-outdoor-5.jpeg\" class=\"attachment-large size-large\" alt=\"Marmar Outdoor: rutas de senderismo\" srcset=\"https:\/\/turismodeaventuraengalicia.es\/wp-content\/uploads\/2024\/11\/marmar-outdoor-5.jpeg 450w, https:\/\/turismodeaventuraengalicia.es\/wp-content\/uploads\/2024\/11\/marmar-outdoor-5-169x300.jpeg 169w\" sizes=\"auto, (max-width: 450px) 100vw, 450px\" \/><\/div><a class=\"w-gallery-item-link\" aria-label=\"Marmar Outdoor: rutas de senderismo\" href=\"https:\/\/turismodeaventuraengalicia.es\/wp-content\/uploads\/2024\/11\/marmar-outdoor-5.jpeg\"><\/a><\/div><div class=\"w-gallery-item\"><div class=\"w-gallery-item-img\"><img loading=\"lazy\" decoding=\"async\" width=\"850\" height=\"567\" src=\"https:\/\/turismodeaventuraengalicia.es\/wp-content\/uploads\/2024\/11\/marmar-outdoor-1.jpeg\" class=\"attachment-large size-large\" alt=\"D\u00f3nde est\u00e1 Marmar Outdoor\" srcset=\"https:\/\/turismodeaventuraengalicia.es\/wp-content\/uploads\/2024\/11\/marmar-outdoor-1.jpeg 850w, https:\/\/turismodeaventuraengalicia.es\/wp-content\/uploads\/2024\/11\/marmar-outdoor-1-300x200.jpeg 300w\" sizes=\"auto, (max-width: 850px) 100vw, 850px\" \/><\/div><a class=\"w-gallery-item-link\" aria-label=\"D\u00f3nde est\u00e1 Marmar Outdoor\" href=\"https:\/\/turismodeaventuraengalicia.es\/wp-content\/uploads\/2024\/11\/marmar-outdoor-1.jpeg\"><\/a><\/div><\/div><\/div><\/div><\/div><\/div><\/div><\/div><\/div><\/div><\/section><section class=\"l-section wpb_row height_medium\" id=\"infoEmpresa\"><div class=\"l-section-h i-cf\"><div class=\"g-cols vc_row via_grid cols_1 laptops-cols_inherit tablets-cols_inherit mobiles-cols_1 valign_top type_default stacking_default\" style=\"--gap:0rem;--laptops-gap:0rem;--tablets-gap:3rem;--mobiles-gap:3rem;\"><div class=\"wpb_column vc_column_container\"><div class=\"vc_column-inner\"><div class=\"g-cols wpb_row via_grid cols_2-1 laptops-cols_inherit tablets-cols_inherit mobiles-cols_1 valign_top type_default stacking_default\" style=\"--gap:1rem;--laptops-gap:1rem;--tablets-gap:3rem;--mobiles-gap:3rem;\"><div class=\"wpb_column vc_column_container\"><div class=\"vc_column-inner\"><h4 class=\"w-text us_custom_49f317a8\"><span class=\"w-text-h\"><span class=\"w-text-value\">Informaci\u00f3n<\/span><\/span><\/h4><div class=\"wpb_text_column\"><div class=\"wpb_wrapper\"><p>Marmar ten varias li\u00f1as de acci\u00f3n que agora revisaremos. \u00b7 Organizaci\u00f3n de eventos deportivos. \u00b7 Eventos para empresas, asociaci\u00f3ns ou clubs. \u00b7 Organizaci\u00f3n de actividades de Turismo Activo. (kaiak, sendeirismo, orientaci\u00f3n, bicicleta de monta\u00f1a) Proxectos de infraestruturas de turismo activo \u00b7 Venda de material deportivo relacionado co deporte de orientaci\u00f3n, as\u00ed como de material deportivo para clubs de distintas disciplinas. ACTIVIDADES DE TURISMO ACTIVO Dedic\u00e1monos a ofrecer unha oferta de actividades de turismo activo. A nosa \u00e1rea de actividade \u00e9 ou Mandeo, as Fragas do Eume, ou Lago d\u00e1s Pontes e a Reserva d\u00e1 Biosfera do Alto Eume. Ofrecemos kaiak, sendeirismo, cami\u00f1ada, orientaci\u00f3n &#8230; Publicamos un calendario de actividades, a\u00ednda que tam\u00e9n asistimos directamente a pequenos grupos para actividades guiadas, como sendeirismo, trail, kaiak, as\u00ed como orientaci\u00f3n, bicicleta de monta\u00f1a. Tam\u00e9n ofrecemos aluguer de kaiak na zona do Pedrido e R\u00edo Mandeo e damos a oportunidade de facer ou tramo do Cami\u00f1o de Santiago de Mi\u00f1o a Betanzos en kaiak.<\/p>\n<\/div><\/div><\/div><\/div><div class=\"wpb_column vc_column_container\"><div class=\"vc_column-inner\"><div class=\"w-socials us_custom_61263217 color_link shape_circle style_outlined hover_fade\"><div class=\"w-socials-list\"><div class=\"w-socials-item custom\"><a href=\"https:\/\/marmaroutdoor.es\/\" class=\"w-socials-item-link\" title=\"T\u00edtulo\" aria-label=\"T\u00edtulo\"><span class=\"w-socials-item-link-hover\" style=\"background:var(--color-content-faded);\"><\/span><i class=\"far fa-globe\"><\/i><\/a><div class=\"w-socials-item-popup\"><span>T\u00edtulo<\/span><\/div><\/div><div class=\"w-socials-item facebook\"><a href=\"https:\/\/www.facebook.com\/marmaroutdoor\/\" class=\"w-socials-item-link\" title=\"Facebook\" aria-label=\"Facebook\"><span class=\"w-socials-item-link-hover\"><\/span><i class=\"fab fa-facebook\"><\/i><\/a><div class=\"w-socials-item-popup\"><span>Facebook<\/span><\/div><\/div><div class=\"w-socials-item instagram\"><a href=\"https:\/\/www.instagram.com\/marmaroutdoor\/\" class=\"w-socials-item-link\" title=\"Instagram\" aria-label=\"Instagram\"><span class=\"w-socials-item-link-hover\"><\/span><i class=\"fab fa-instagram\"><\/i><\/a><div class=\"w-socials-item-popup\"><span>Instagram<\/span><\/div><\/div><\/div><\/div><div class=\"w-separator size_small\"><\/div><div class=\"w-iconbox us_custom_a2db22b6 has_text_color iconpos_left style_default color_custom align_left no_title\"><div class=\"w-iconbox-icon\" style=\"font-size:1rem;--icon-color:#000000;\"><i class=\"far fa-arrow-right\"><\/i><\/div><div class=\"w-iconbox-meta\"><div class=\"w-iconbox-text\"><p><span>Lg. de \u00cdnsua, 153, Paderne, 15314 \u2013 A CORU\u00d1A <\/span><\/p>\n<\/div><\/div><\/div><div class=\"w-iconbox us_custom_a2db22b6 has_text_color iconpos_left style_default color_custom align_left no_title\"><div class=\"w-iconbox-icon\" style=\"font-size:1rem;--icon-color:#000000;\"><i class=\"far fa-arrow-right\"><\/i><\/div><div class=\"w-iconbox-meta\"><div class=\"w-iconbox-text\"><p><span>+34 881 183 004<\/span><\/p>\n<\/div><\/div><\/div><div class=\"w-iconbox us_custom_a2db22b6 has_text_color iconpos_left style_default color_custom align_left no_title\"><div class=\"w-iconbox-icon\" style=\"font-size:1rem;--icon-color:#000000;\"><i class=\"far fa-arrow-right\"><\/i><\/div><div class=\"w-iconbox-meta\"><div class=\"w-iconbox-text\"><p><span>info@marmaroutdoor.es<\/span><\/p>\n<\/div><\/div><\/div><div class=\"w-separator size_small\"><\/div><div class=\"w-map provider_google\" id=\"us_map_1\"><div class=\"w-map-inner\"><div class=\"w-map-json\" onclick='return {&quot;address&quot;:&quot;Lugar de Insua 153,15314,Paderne,La Coru\\u00f1a&quot;,&quot;disableDragging&quot;:0,&quot;disableZoom&quot;:0,&quot;hideControls&quot;:0,&quot;zoom&quot;:14,&quot;markers&quot;:[{&quot;address&quot;:&quot;Lugar de Insua 153,15314,Paderne,La Coru\\u00f1a&quot;,&quot;html&quot;:&quot;&quot;,&quot;infowindow&quot;:0}],&quot;maptype&quot;:&quot;ROADMAP&quot;}'><\/div><\/div><\/div><\/div><\/div><\/div><\/div><\/div><\/div><\/div><\/section>\n","protected":false},"excerpt":{"rendered":"Mar Mar OutdoorMarmar Outdoor Empresa de turismo activo, situada na Reserva d\u00e1 Biosfera Mari\u00f1as Coru\u00f1esas e Terras do Mandeo e moi preto do Bosque Atl\u00e1ntico mellor conservado de Europa &#8220;Parque...","protected":false},"author":1,"featured_media":0,"parent":9019,"menu_order":0,"comment_status":"closed","ping_status":"closed","template":"","meta":{"footnotes":""},"class_list":["post-9715","page","type-page","status-publish","hentry"],"yoast_head":"<!-- This site is optimized with the Yoast SEO plugin v26.0 - https:\/\/yoast.com\/wordpress\/plugins\/seo\/ -->\n<title>Mar Mar Outdoor - AGETAN: Asociaci\u00f3n de Turismo Activo e Natureza de Galicia<\/title>\n<meta name=\"robots\" content=\"index, follow, max-snippet:-1, max-image-preview:large, max-video-preview:-1\" \/>\n<link rel=\"canonical\" href=\"https:\/\/turismodeaventuraengalicia.es\/gl\/empresas\/mar-mar-outdoor\/\" \/>\n<meta property=\"og:locale\" content=\"gl_ES\" \/>\n<meta property=\"og:type\" content=\"article\" \/>\n<meta property=\"og:title\" content=\"Mar Mar Outdoor - AGETAN: Asociaci\u00f3n de Turismo Activo e Natureza de Galicia\" \/>\n<meta property=\"og:url\" content=\"https:\/\/turismodeaventuraengalicia.es\/gl\/empresas\/mar-mar-outdoor\/\" \/>\n<meta property=\"og:site_name\" content=\"AGETAN: Asociaci\u00f3n de Turismo Activo e Natureza de Galicia\" \/>\n<meta property=\"article:publisher\" content=\"https:\/\/www.facebook.com\/AgetanOficial\" \/>\n<meta property=\"article:modified_time\" content=\"2024-11-26T11:22:28+00:00\" \/>\n<meta name=\"twitter:card\" content=\"summary_large_image\" \/>\n<meta name=\"twitter:site\" content=\"@ActivoAgetan\" \/>\n<meta name=\"twitter:label1\" content=\"Tempo de lectura\" \/>\n\t<meta name=\"twitter:data1\" content=\"4 minutos\" \/>\n<script type=\"application\/ld+json\" class=\"yoast-schema-graph\">{\"@context\":\"https:\/\/schema.org\",\"@graph\":[{\"@type\":\"WebPage\",\"@id\":\"https:\/\/turismodeaventuraengalicia.es\/gl\/empresas\/mar-mar-outdoor\/\",\"url\":\"https:\/\/turismodeaventuraengalicia.es\/gl\/empresas\/mar-mar-outdoor\/\",\"name\":\"Mar Mar Outdoor - AGETAN: Asociaci\u00f3n de Turismo Activo e Natureza de Galicia\",\"isPartOf\":{\"@id\":\"https:\/\/turismodeaventuraengalicia.es\/gl\/#website\"},\"datePublished\":\"2024-11-20T11:40:12+00:00\",\"dateModified\":\"2024-11-26T11:22:28+00:00\",\"breadcrumb\":{\"@id\":\"https:\/\/turismodeaventuraengalicia.es\/gl\/empresas\/mar-mar-outdoor\/#breadcrumb\"},\"inLanguage\":\"gl-ES\",\"potentialAction\":[{\"@type\":\"ReadAction\",\"target\":[\"https:\/\/turismodeaventuraengalicia.es\/gl\/empresas\/mar-mar-outdoor\/\"]}]},{\"@type\":\"BreadcrumbList\",\"@id\":\"https:\/\/turismodeaventuraengalicia.es\/gl\/empresas\/mar-mar-outdoor\/#breadcrumb\",\"itemListElement\":[{\"@type\":\"ListItem\",\"position\":1,\"name\":\"Portada\",\"item\":\"https:\/\/turismodeaventuraengalicia.es\/gl\/\"},{\"@type\":\"ListItem\",\"position\":2,\"name\":\"Empresas\",\"item\":\"http:\/\/turismodeaventuraengalicia.es\/gl\/empresas\/\"},{\"@type\":\"ListItem\",\"position\":3,\"name\":\"Mar Mar Outdoor\"}]},{\"@type\":\"WebSite\",\"@id\":\"https:\/\/turismodeaventuraengalicia.es\/gl\/#website\",\"url\":\"https:\/\/turismodeaventuraengalicia.es\/gl\/\",\"name\":\"Turismo de Aventura en Galicia\",\"description\":\"AGETAN es la organizaci\u00f3n representante de empresas y aut\u00f3nomos dedicados al turismo activo en Galicia. Esta es su web oficial.\",\"publisher\":{\"@id\":\"https:\/\/turismodeaventuraengalicia.es\/gl\/#organization\"},\"potentialAction\":[{\"@type\":\"SearchAction\",\"target\":{\"@type\":\"EntryPoint\",\"urlTemplate\":\"https:\/\/turismodeaventuraengalicia.es\/gl\/?s={search_term_string}\"},\"query-input\":{\"@type\":\"PropertyValueSpecification\",\"valueRequired\":true,\"valueName\":\"search_term_string\"}}],\"inLanguage\":\"gl-ES\"},{\"@type\":\"Organization\",\"@id\":\"https:\/\/turismodeaventuraengalicia.es\/gl\/#organization\",\"name\":\"AGETAN\",\"alternateName\":\"Asociaci\u00f3n Galega de Empresas de Turismo Activo, de Aventura e Natureza\",\"url\":\"https:\/\/turismodeaventuraengalicia.es\/gl\/\",\"logo\":{\"@type\":\"ImageObject\",\"inLanguage\":\"gl-ES\",\"@id\":\"https:\/\/turismodeaventuraengalicia.es\/gl\/#\/schema\/logo\/image\/\",\"url\":\"https:\/\/turismodeaventuraengalicia.es\/wp-content\/uploads\/2024\/10\/agetan.jpg\",\"contentUrl\":\"https:\/\/turismodeaventuraengalicia.es\/wp-content\/uploads\/2024\/10\/agetan.jpg\",\"width\":400,\"height\":400,\"caption\":\"AGETAN\"},\"image\":{\"@id\":\"https:\/\/turismodeaventuraengalicia.es\/gl\/#\/schema\/logo\/image\/\"},\"sameAs\":[\"https:\/\/www.facebook.com\/AgetanOficial\",\"https:\/\/x.com\/ActivoAgetan\",\"https:\/\/www.instagram.com\/activoagetan\/\"]}]}<\/script>\n<!-- \/ Yoast SEO plugin. -->","yoast_head_json":{"title":"Mar Mar Outdoor - AGETAN: Asociaci\u00f3n de Turismo Activo e Natureza de Galicia","robots":{"index":"index","follow":"follow","max-snippet":"max-snippet:-1","max-image-preview":"max-image-preview:large","max-video-preview":"max-video-preview:-1"},"canonical":"https:\/\/turismodeaventuraengalicia.es\/gl\/empresas\/mar-mar-outdoor\/","og_locale":"gl_ES","og_type":"article","og_title":"Mar Mar Outdoor - AGETAN: Asociaci\u00f3n de Turismo Activo e Natureza de Galicia","og_url":"https:\/\/turismodeaventuraengalicia.es\/gl\/empresas\/mar-mar-outdoor\/","og_site_name":"AGETAN: Asociaci\u00f3n de Turismo Activo e Natureza de Galicia","article_publisher":"https:\/\/www.facebook.com\/AgetanOficial","article_modified_time":"2024-11-26T11:22:28+00:00","twitter_card":"summary_large_image","twitter_site":"@ActivoAgetan","twitter_misc":{"Tempo de lectura":"4 minutos"},"schema":{"@context":"https:\/\/schema.org","@graph":[{"@type":"WebPage","@id":"https:\/\/turismodeaventuraengalicia.es\/gl\/empresas\/mar-mar-outdoor\/","url":"https:\/\/turismodeaventuraengalicia.es\/gl\/empresas\/mar-mar-outdoor\/","name":"Mar Mar Outdoor - AGETAN: Asociaci\u00f3n de Turismo Activo e Natureza de Galicia","isPartOf":{"@id":"https:\/\/turismodeaventuraengalicia.es\/gl\/#website"},"datePublished":"2024-11-20T11:40:12+00:00","dateModified":"2024-11-26T11:22:28+00:00","breadcrumb":{"@id":"https:\/\/turismodeaventuraengalicia.es\/gl\/empresas\/mar-mar-outdoor\/#breadcrumb"},"inLanguage":"gl-ES","potentialAction":[{"@type":"ReadAction","target":["https:\/\/turismodeaventuraengalicia.es\/gl\/empresas\/mar-mar-outdoor\/"]}]},{"@type":"BreadcrumbList","@id":"https:\/\/turismodeaventuraengalicia.es\/gl\/empresas\/mar-mar-outdoor\/#breadcrumb","itemListElement":[{"@type":"ListItem","position":1,"name":"Portada","item":"https:\/\/turismodeaventuraengalicia.es\/gl\/"},{"@type":"ListItem","position":2,"name":"Empresas","item":"http:\/\/turismodeaventuraengalicia.es\/gl\/empresas\/"},{"@type":"ListItem","position":3,"name":"Mar Mar Outdoor"}]},{"@type":"WebSite","@id":"https:\/\/turismodeaventuraengalicia.es\/gl\/#website","url":"https:\/\/turismodeaventuraengalicia.es\/gl\/","name":"Turismo de Aventura en Galicia","description":"AGETAN es la organizaci\u00f3n representante de empresas y aut\u00f3nomos dedicados al turismo activo en Galicia. Esta es su web oficial.","publisher":{"@id":"https:\/\/turismodeaventuraengalicia.es\/gl\/#organization"},"potentialAction":[{"@type":"SearchAction","target":{"@type":"EntryPoint","urlTemplate":"https:\/\/turismodeaventuraengalicia.es\/gl\/?s={search_term_string}"},"query-input":{"@type":"PropertyValueSpecification","valueRequired":true,"valueName":"search_term_string"}}],"inLanguage":"gl-ES"},{"@type":"Organization","@id":"https:\/\/turismodeaventuraengalicia.es\/gl\/#organization","name":"AGETAN","alternateName":"Asociaci\u00f3n Galega de Empresas de Turismo Activo, de Aventura e Natureza","url":"https:\/\/turismodeaventuraengalicia.es\/gl\/","logo":{"@type":"ImageObject","inLanguage":"gl-ES","@id":"https:\/\/turismodeaventuraengalicia.es\/gl\/#\/schema\/logo\/image\/","url":"https:\/\/turismodeaventuraengalicia.es\/wp-content\/uploads\/2024\/10\/agetan.jpg","contentUrl":"https:\/\/turismodeaventuraengalicia.es\/wp-content\/uploads\/2024\/10\/agetan.jpg","width":400,"height":400,"caption":"AGETAN"},"image":{"@id":"https:\/\/turismodeaventuraengalicia.es\/gl\/#\/schema\/logo\/image\/"},"sameAs":["https:\/\/www.facebook.com\/AgetanOficial","https:\/\/x.com\/ActivoAgetan","https:\/\/www.instagram.com\/activoagetan\/"]}]}},"_links":{"self":[{"href":"https:\/\/turismodeaventuraengalicia.es\/gl\/wp-json\/wp\/v2\/pages\/9715","targetHints":{"allow":["GET"]}}],"collection":[{"href":"https:\/\/turismodeaventuraengalicia.es\/gl\/wp-json\/wp\/v2\/pages"}],"about":[{"href":"https:\/\/turismodeaventuraengalicia.es\/gl\/wp-json\/wp\/v2\/types\/page"}],"author":[{"embeddable":true,"href":"https:\/\/turismodeaventuraengalicia.es\/gl\/wp-json\/wp\/v2\/users\/1"}],"replies":[{"embeddable":true,"href":"https:\/\/turismodeaventuraengalicia.es\/gl\/wp-json\/wp\/v2\/comments?post=9715"}],"version-history":[{"count":2,"href":"https:\/\/turismodeaventuraengalicia.es\/gl\/wp-json\/wp\/v2\/pages\/9715\/revisions"}],"predecessor-version":[{"id":9717,"href":"https:\/\/turismodeaventuraengalicia.es\/gl\/wp-json\/wp\/v2\/pages\/9715\/revisions\/9717"}],"up":[{"embeddable":true,"href":"https:\/\/turismodeaventuraengalicia.es\/gl\/wp-json\/wp\/v2\/pages\/9019"}],"wp:attachment":[{"href":"https:\/\/turismodeaventuraengalicia.es\/gl\/wp-json\/wp\/v2\/media?parent=9715"}],"curies":[{"name":"wp","href":"https:\/\/api.w.org\/{rel}","templated":true}]}}