{"id":9967,"date":"2024-11-22T16:34:54","date_gmt":"2024-11-22T16:34:54","guid":{"rendered":"https:\/\/turismodeaventuraengalicia.es\/empresas\/guias-malouco\/"},"modified":"2025-04-03T08:49:39","modified_gmt":"2025-04-03T08:49:39","slug":"guias-malouco","status":"publish","type":"page","link":"https:\/\/turismodeaventuraengalicia.es\/gl\/empresas\/guias-malouco\/","title":{"rendered":"Gu\u00edas Malouco"},"content":{"rendered":"<section class=\"l-section wpb_row height_custom color_primary with_img\" id=\"fondoImagenEmpresa\"><div class=\"l-section-img\" role=\"img\" data-img-width=\"686\" data-img-height=\"457\" style=\"background-image: url(https:\/\/turismodeaventuraengalicia.es\/wp-content\/uploads\/2024\/11\/guias-malouco-2.jpg);background-repeat: no-repeat;\"><\/div><div class=\"l-section-h i-cf\"><div class=\"g-cols vc_row via_grid cols_1 laptops-cols_inherit tablets-cols_inherit mobiles-cols_1 valign_top type_default stacking_default\"><div class=\"wpb_column vc_column_container\"><div class=\"vc_column-inner\"><div class=\"w-separator size_medium\"><\/div><h1 class=\"w-text us_custom_eb849559\"><span class=\"w-text-h\"><span class=\"w-text-value\">Gu\u00edas Malouco<\/span><\/span><\/h1><div class=\"w-separator size_medium\"><\/div><\/div><\/div><\/div><\/div><\/section><section class=\"l-section wpb_row height_custom\" id=\"introEmpresa\"><div class=\"l-section-h i-cf\"><div class=\"g-cols vc_row via_grid cols_1-2 laptops-cols_inherit tablets-cols_inherit mobiles-cols_1 valign_middle type_default stacking_default\"><div class=\"wpb_column vc_column_container\"><div class=\"vc_column-inner\"><div class=\"w-image align_none\"><div class=\"w-image-h\"><img decoding=\"async\" width=\"367\" height=\"210\" src=\"https:\/\/turismodeaventuraengalicia.es\/wp-content\/uploads\/2024\/11\/logo-malouco2.jpg\" class=\"attachment-large size-large\" alt=\"\" loading=\"lazy\" srcset=\"https:\/\/turismodeaventuraengalicia.es\/wp-content\/uploads\/2024\/11\/logo-malouco2.jpg 367w, https:\/\/turismodeaventuraengalicia.es\/wp-content\/uploads\/2024\/11\/logo-malouco2-300x172.jpg 300w\" sizes=\"auto, (max-width: 367px) 100vw, 367px\" \/><\/div><\/div><\/div><\/div><div class=\"wpb_column vc_column_container\"><div class=\"vc_column-inner\"><div class=\"wpb_text_column\"><div class=\"wpb_wrapper\"><h3>Gu\u00edas Malouco<\/h3>\n<p><span>Gu\u00edas Malouco \u00e9 unha empresa de Turismo Activo que est\u00e1 especializada en Actividades T\u00e9cnicas de Monta\u00f1a, principalmente Canoaxe, Escalada e Espeleolox\u00eda en Galicia. Ademais tam\u00e9n realizamos outras actividades l\u00fadicas e roteiros de car\u00e1cter tur\u00edstico e divulgativo. <\/span><\/p>\n<p><span> <\/span><\/p>\n<\/div><\/div><\/div><\/div><\/div><\/div><\/section><section class=\"l-section wpb_row height_auto\" id=\"galeriaEmpresa\"><div class=\"l-section-h i-cf\"><div class=\"g-cols vc_row via_grid cols_1 laptops-cols_inherit tablets-cols_inherit mobiles-cols_1 valign_top type_default stacking_default\"><div class=\"wpb_column vc_column_container\"><div class=\"vc_column-inner\"><div class=\"g-cols wpb_row via_grid cols_1 laptops-cols_inherit tablets-cols_inherit mobiles-cols_1 valign_top type_default stacking_default\" style=\"--gap:3rem;\"><div class=\"wpb_column vc_column_container\"><div class=\"vc_column-inner\"><div class=\"w-gallery fit_cover type_grid action_popup_image ratio_1x1 count_5\" style=\"--columns:5;--items-gap:10px;\"><div class=\"w-gallery-list\"><div class=\"w-gallery-item\"><div class=\"w-gallery-item-img\"><img loading=\"lazy\" decoding=\"async\" width=\"686\" height=\"457\" src=\"https:\/\/turismodeaventuraengalicia.es\/wp-content\/uploads\/2024\/11\/guias-malouco-1.jpg\" class=\"attachment-large size-large\" alt=\"Alecrin, rutas en kayak a la isla de San Sim\u00f3n\" srcset=\"https:\/\/turismodeaventuraengalicia.es\/wp-content\/uploads\/2024\/11\/guias-malouco-1.jpg 686w, https:\/\/turismodeaventuraengalicia.es\/wp-content\/uploads\/2024\/11\/guias-malouco-1-300x200.jpg 300w\" sizes=\"auto, (max-width: 686px) 100vw, 686px\" \/><\/div><a class=\"w-gallery-item-link\" aria-label=\"Alecrin, rutas en kayak a la isla de San Sim\u00f3n\" href=\"https:\/\/turismodeaventuraengalicia.es\/wp-content\/uploads\/2024\/11\/guias-malouco-1.jpg\"><\/a><\/div><div class=\"w-gallery-item\"><div class=\"w-gallery-item-img\"><img loading=\"lazy\" decoding=\"async\" width=\"686\" height=\"457\" src=\"https:\/\/turismodeaventuraengalicia.es\/wp-content\/uploads\/2024\/11\/guias-malouco-2.jpg\" class=\"attachment-large size-large\" alt=\"Gu\u00edas Malouco: barranquismo en Ourense\" srcset=\"https:\/\/turismodeaventuraengalicia.es\/wp-content\/uploads\/2024\/11\/guias-malouco-2.jpg 686w, https:\/\/turismodeaventuraengalicia.es\/wp-content\/uploads\/2024\/11\/guias-malouco-2-300x200.jpg 300w\" sizes=\"auto, (max-width: 686px) 100vw, 686px\" \/><\/div><a class=\"w-gallery-item-link\" aria-label=\"Gu\u00edas Malouco: barranquismo en Ourense\" href=\"https:\/\/turismodeaventuraengalicia.es\/wp-content\/uploads\/2024\/11\/guias-malouco-2.jpg\"><\/a><\/div><div class=\"w-gallery-item\"><div class=\"w-gallery-item-img\"><img loading=\"lazy\" decoding=\"async\" width=\"768\" height=\"1024\" src=\"https:\/\/turismodeaventuraengalicia.es\/wp-content\/uploads\/2024\/11\/guias-malouco-3.jpeg\" class=\"attachment-large size-large\" alt=\"Gu\u00edas Malouco: senderismo y monta\u00f1ismo en Ourense y resto de Galicia\" srcset=\"https:\/\/turismodeaventuraengalicia.es\/wp-content\/uploads\/2024\/11\/guias-malouco-3.jpeg 768w, https:\/\/turismodeaventuraengalicia.es\/wp-content\/uploads\/2024\/11\/guias-malouco-3-225x300.jpeg 225w\" sizes=\"auto, (max-width: 768px) 100vw, 768px\" \/><\/div><a class=\"w-gallery-item-link\" aria-label=\"Gu\u00edas Malouco: senderismo y monta\u00f1ismo en Ourense y resto de Galicia\" href=\"https:\/\/turismodeaventuraengalicia.es\/wp-content\/uploads\/2024\/11\/guias-malouco-3.jpeg\"><\/a><\/div><div class=\"w-gallery-item\"><div class=\"w-gallery-item-img\"><img loading=\"lazy\" decoding=\"async\" width=\"646\" height=\"484\" src=\"https:\/\/turismodeaventuraengalicia.es\/wp-content\/uploads\/2024\/11\/guias-malouco-4.jpg\" class=\"attachment-large size-large\" alt=\"Gu\u00edas Malouco: barranquismo en Ourense\" srcset=\"https:\/\/turismodeaventuraengalicia.es\/wp-content\/uploads\/2024\/11\/guias-malouco-4.jpg 646w, https:\/\/turismodeaventuraengalicia.es\/wp-content\/uploads\/2024\/11\/guias-malouco-4-300x225.jpg 300w\" sizes=\"auto, (max-width: 646px) 100vw, 646px\" \/><\/div><a class=\"w-gallery-item-link\" aria-label=\"Gu\u00edas Malouco: barranquismo en Ourense\" href=\"https:\/\/turismodeaventuraengalicia.es\/wp-content\/uploads\/2024\/11\/guias-malouco-4.jpg\"><\/a><\/div><div class=\"w-gallery-item\"><div class=\"w-gallery-item-img\"><img loading=\"lazy\" decoding=\"async\" width=\"646\" height=\"484\" src=\"https:\/\/turismodeaventuraengalicia.es\/wp-content\/uploads\/2024\/11\/guias-malouco-5.jpg\" class=\"attachment-large size-large\" alt=\"Gu\u00edas Malouco: actividades de tuismo activo y naturaleza de Galicia\" srcset=\"https:\/\/turismodeaventuraengalicia.es\/wp-content\/uploads\/2024\/11\/guias-malouco-5.jpg 646w, https:\/\/turismodeaventuraengalicia.es\/wp-content\/uploads\/2024\/11\/guias-malouco-5-300x225.jpg 300w\" sizes=\"auto, (max-width: 646px) 100vw, 646px\" \/><\/div><a class=\"w-gallery-item-link\" aria-label=\"Gu\u00edas Malouco: actividades de tuismo activo y naturaleza de Galicia\" href=\"https:\/\/turismodeaventuraengalicia.es\/wp-content\/uploads\/2024\/11\/guias-malouco-5.jpg\"><\/a><\/div><\/div><\/div><\/div><\/div><\/div><\/div><\/div><\/div><\/div><\/section><section class=\"l-section wpb_row height_medium\" id=\"infoEmpresa\"><div class=\"l-section-h i-cf\"><div class=\"g-cols vc_row via_grid cols_1 laptops-cols_inherit tablets-cols_inherit mobiles-cols_1 valign_top type_default stacking_default\" style=\"--gap:0rem;--laptops-gap:0rem;--tablets-gap:3rem;--mobiles-gap:3rem;\"><div class=\"wpb_column vc_column_container\"><div class=\"vc_column-inner\"><div class=\"g-cols wpb_row via_grid cols_2-1 laptops-cols_inherit tablets-cols_inherit mobiles-cols_1 valign_top type_default stacking_default\" style=\"--gap:1rem;--laptops-gap:1rem;--tablets-gap:3rem;--mobiles-gap:3rem;\"><div class=\"wpb_column vc_column_container\"><div class=\"vc_column-inner\"><h4 class=\"w-text us_custom_49f317a8\"><span class=\"w-text-h\"><span class=\"w-text-value\">Informaci\u00f3n<\/span><\/span><\/h4><div class=\"wpb_text_column\"><div class=\"wpb_wrapper\"><p><span>Gu\u00edas Malouco \u00e9 unha empresa de Turismo Activo que est\u00e1 especializada en Actividades T\u00e9cnicas de Monta\u00f1a, principalmente Canoaxe, Escalada e Espeleolox\u00eda en Galicia. Ademais tam\u00e9n realizamos outras actividades l\u00fadicas e roteiros de car\u00e1cter tur\u00edstico e divulgativo. <\/span><\/p>\n<p><span>As persoas que est\u00e1n \u00e1 fronte das nosas actividades t\u00e9cnicas son Gu\u00edas con Titulaci\u00f3n Oficial e cunha longa traxectoria deportiva, polo que cumprimos estritamente a lei tur\u00edstica galega nesta materia, estando rexistrados na REAT da Xunta de Galicia co n\u00famero PO-NR:332 a trav\u00e9s da nosa empresa Arist\u00f3telis Xesti\u00f3n e Turismo SL. <\/span><\/p>\n<p><span>A Formaci\u00f3n T\u00e9cnica en Actividades de Monta\u00f1a \u00e9 a maneira m\u00e1is adecuada de iniciarse neste tipo de disciplinas, xa que o co\u00f1ecemento e xesti\u00f3n dos riscos \u00e9 imprescindible para gozar da contorna da maneira m\u00e1is segura.<\/span><\/p>\n<p><span>O noso equipo de Formadores non son simplemente docentes, sen\u00f3n que te\u00f1en aos seus ombreiros centos de horas de actividade t\u00e9cnica do m\u00e1ximo nivel e iso significa, que cando falan, saben o que din.<\/span><\/p>\n<p><span>Gu\u00edas Malouco \u00e9 unha empresa de turismo activo en Galicia que ofrece diversas actividades de aventura para diferentes p\u00fablicos. As s\u00faas principais propostas incl\u00faen: <\/span><\/p>\n<ul>\n<li><span> <\/span><strong><span>Barranquismo<\/span><\/strong><span><span>: Descenso de barrancos en r\u00edos como o Cerves, con opci\u00f3ns adaptadas para familias e niveis de iniciaci\u00f3n a medio.<\/span><\/span><\/li>\n<li><span> <\/span><strong><span>Puenting<\/span><\/strong><span><span>: Saltos desde pontes emblem\u00e1ticos, como o do r\u00edo Mi\u00f1o, proporcionando experiencias de adrenalina controlada<\/span><\/span><\/li>\n<li><span> <\/span><strong><span>Espeleolox\u00eda<\/span><\/strong><span><span>: Exploraci\u00f3n de covas en zonas como Ou Courel e Serra da Enci\u00f1a da Lastra, aptas para persoas sen experiencia previa.<\/span><\/span><\/li>\n<li><span> <\/span><strong><span>Escalada<\/span><\/strong><span><span>: Ascensos por paredes ou cristas de roca en lugares como a Serra do Gali\u00f1eiro, ideais para iniciarse nesta disciplina.<\/span><\/span><\/li>\n<li><span> <\/span><strong><span>Gymkana<\/span><\/strong><span>: Actividades de orientaci\u00f3n e superaci\u00f3n de probas en contornas como o Mosteiro de Mel\u00f3n, dirixidas a grandes grupos e empresas.<\/span><\/li>\n<\/ul>\n<p><span>Ademais, Gu\u00edas Malouco ofrece servizos de formaci\u00f3n e gu\u00edas especializados, asegurando experiencias seguras e adaptadas \u00e1s necesidades de cada participante.<\/span><\/p>\n<\/div><\/div><\/div><\/div><div class=\"wpb_column vc_column_container\"><div class=\"vc_column-inner\"><div class=\"w-socials us_custom_61263217 color_link shape_circle style_outlined hover_fade\"><div class=\"w-socials-list\"><div class=\"w-socials-item custom\"><a href=\"https:\/\/alecrinactividades.com\/\" class=\"w-socials-item-link\" title=\"T\u00edtulo\" aria-label=\"T\u00edtulo\"><span class=\"w-socials-item-link-hover\" style=\"background:var(--color-content-faded);\"><\/span><i class=\"far fa-globe\"><\/i><\/a><div class=\"w-socials-item-popup\"><span>T\u00edtulo<\/span><\/div><\/div><\/div><\/div><div class=\"w-separator size_small\"><\/div><div class=\"w-map provider_google\" id=\"us_map_1\"><div class=\"w-map-inner\"><div class=\"w-map-json\" onclick='return {&quot;address&quot;:&quot;32410 Tour\\u00f3n, Ourense&quot;,&quot;disableDragging&quot;:0,&quot;disableZoom&quot;:0,&quot;hideControls&quot;:0,&quot;zoom&quot;:14,&quot;markers&quot;:[{&quot;address&quot;:&quot;32410 Tour\\u00f3n, Ourense&quot;,&quot;html&quot;:&quot;&quot;,&quot;infowindow&quot;:0}],&quot;maptype&quot;:&quot;ROADMAP&quot;}'><\/div><\/div><\/div><div class=\"w-separator size_small\"><\/div><div class=\"w-iconbox us_custom_a2db22b6 has_text_color iconpos_left style_default color_custom align_left no_title\"><div class=\"w-iconbox-icon\" style=\"font-size:1rem;--icon-color:#000000;\"><i class=\"far fa-arrow-right\"><\/i><\/div><div class=\"w-iconbox-meta\"><div class=\"w-iconbox-text\"><p><span class=\"x193iq5w xeuugli x13faqbe x1vvkbs xlh3980 xvmahel x1n0sxbx x1lliihq x1s928wv xhkezso x1gmr53x x1cpjm7i x1fgarty x1943h6x xudqn12 x3x7a5m x6prxxf xvq8zen xo1l8bm xzsf02u x1yc453h\" dir=\"auto\">643807087<\/span><\/p>\n<\/div><\/div><\/div><div class=\"w-separator size_small\"><\/div><div class=\"wpb_text_column\"><div class=\"wpb_wrapper\"><p>32410 Tour\u00f3n, Ourense<\/p>\n<\/div><\/div><\/div><\/div><\/div><\/div><\/div><\/div><\/div><\/section>\n","protected":false},"excerpt":{"rendered":"Gu\u00edas MaloucoGu\u00edas Malouco Gu\u00edas Malouco \u00e9 unha empresa de Turismo Activo que est\u00e1 especializada en Actividades T\u00e9cnicas de Monta\u00f1a, principalmente Canoaxe, Escalada e Espeleolox\u00eda en Galicia. Ademais tam\u00e9n realizamos outras...","protected":false},"author":1,"featured_media":0,"parent":9019,"menu_order":0,"comment_status":"closed","ping_status":"closed","template":"","meta":{"footnotes":""},"class_list":["post-9967","page","type-page","status-publish","hentry"],"yoast_head":"<!-- This site is optimized with the Yoast SEO plugin v26.0 - https:\/\/yoast.com\/wordpress\/plugins\/seo\/ -->\n<title>Gu\u00edas Malouco - AGETAN: Asociaci\u00f3n de Turismo Activo e Natureza de Galicia<\/title>\n<meta name=\"robots\" content=\"index, follow, max-snippet:-1, max-image-preview:large, max-video-preview:-1\" \/>\n<link rel=\"canonical\" href=\"https:\/\/turismodeaventuraengalicia.es\/gl\/empresas\/guias-malouco\/\" \/>\n<meta property=\"og:locale\" content=\"gl_ES\" \/>\n<meta property=\"og:type\" content=\"article\" \/>\n<meta property=\"og:title\" content=\"Gu\u00edas Malouco - AGETAN: Asociaci\u00f3n de Turismo Activo e Natureza de Galicia\" \/>\n<meta property=\"og:url\" content=\"https:\/\/turismodeaventuraengalicia.es\/gl\/empresas\/guias-malouco\/\" \/>\n<meta property=\"og:site_name\" content=\"AGETAN: Asociaci\u00f3n de Turismo Activo e Natureza de Galicia\" \/>\n<meta property=\"article:publisher\" content=\"https:\/\/www.facebook.com\/AgetanOficial\" \/>\n<meta property=\"article:modified_time\" content=\"2025-04-03T08:49:39+00:00\" \/>\n<meta name=\"twitter:card\" content=\"summary_large_image\" \/>\n<meta name=\"twitter:site\" content=\"@ActivoAgetan\" \/>\n<meta name=\"twitter:label1\" content=\"Tempo de lectura\" \/>\n\t<meta name=\"twitter:data1\" content=\"4 minutos\" \/>\n<script type=\"application\/ld+json\" class=\"yoast-schema-graph\">{\"@context\":\"https:\/\/schema.org\",\"@graph\":[{\"@type\":\"WebPage\",\"@id\":\"https:\/\/turismodeaventuraengalicia.es\/gl\/empresas\/guias-malouco\/\",\"url\":\"https:\/\/turismodeaventuraengalicia.es\/gl\/empresas\/guias-malouco\/\",\"name\":\"Gu\u00edas Malouco - AGETAN: Asociaci\u00f3n de Turismo Activo e Natureza de Galicia\",\"isPartOf\":{\"@id\":\"https:\/\/turismodeaventuraengalicia.es\/gl\/#website\"},\"datePublished\":\"2024-11-22T16:34:54+00:00\",\"dateModified\":\"2025-04-03T08:49:39+00:00\",\"breadcrumb\":{\"@id\":\"https:\/\/turismodeaventuraengalicia.es\/gl\/empresas\/guias-malouco\/#breadcrumb\"},\"inLanguage\":\"gl-ES\",\"potentialAction\":[{\"@type\":\"ReadAction\",\"target\":[\"https:\/\/turismodeaventuraengalicia.es\/gl\/empresas\/guias-malouco\/\"]}]},{\"@type\":\"BreadcrumbList\",\"@id\":\"https:\/\/turismodeaventuraengalicia.es\/gl\/empresas\/guias-malouco\/#breadcrumb\",\"itemListElement\":[{\"@type\":\"ListItem\",\"position\":1,\"name\":\"Portada\",\"item\":\"https:\/\/turismodeaventuraengalicia.es\/gl\/\"},{\"@type\":\"ListItem\",\"position\":2,\"name\":\"Empresas\",\"item\":\"http:\/\/turismodeaventuraengalicia.es\/gl\/empresas\/\"},{\"@type\":\"ListItem\",\"position\":3,\"name\":\"Gu\u00edas Malouco\"}]},{\"@type\":\"WebSite\",\"@id\":\"https:\/\/turismodeaventuraengalicia.es\/gl\/#website\",\"url\":\"https:\/\/turismodeaventuraengalicia.es\/gl\/\",\"name\":\"Turismo de Aventura en Galicia\",\"description\":\"AGETAN es la organizaci\u00f3n representante de empresas y aut\u00f3nomos dedicados al turismo activo en Galicia. Esta es su web oficial.\",\"publisher\":{\"@id\":\"https:\/\/turismodeaventuraengalicia.es\/gl\/#organization\"},\"potentialAction\":[{\"@type\":\"SearchAction\",\"target\":{\"@type\":\"EntryPoint\",\"urlTemplate\":\"https:\/\/turismodeaventuraengalicia.es\/gl\/?s={search_term_string}\"},\"query-input\":{\"@type\":\"PropertyValueSpecification\",\"valueRequired\":true,\"valueName\":\"search_term_string\"}}],\"inLanguage\":\"gl-ES\"},{\"@type\":\"Organization\",\"@id\":\"https:\/\/turismodeaventuraengalicia.es\/gl\/#organization\",\"name\":\"AGETAN\",\"alternateName\":\"Asociaci\u00f3n Galega de Empresas de Turismo Activo, de Aventura e Natureza\",\"url\":\"https:\/\/turismodeaventuraengalicia.es\/gl\/\",\"logo\":{\"@type\":\"ImageObject\",\"inLanguage\":\"gl-ES\",\"@id\":\"https:\/\/turismodeaventuraengalicia.es\/gl\/#\/schema\/logo\/image\/\",\"url\":\"https:\/\/turismodeaventuraengalicia.es\/wp-content\/uploads\/2024\/10\/agetan.jpg\",\"contentUrl\":\"https:\/\/turismodeaventuraengalicia.es\/wp-content\/uploads\/2024\/10\/agetan.jpg\",\"width\":400,\"height\":400,\"caption\":\"AGETAN\"},\"image\":{\"@id\":\"https:\/\/turismodeaventuraengalicia.es\/gl\/#\/schema\/logo\/image\/\"},\"sameAs\":[\"https:\/\/www.facebook.com\/AgetanOficial\",\"https:\/\/x.com\/ActivoAgetan\",\"https:\/\/www.instagram.com\/activoagetan\/\"]}]}<\/script>\n<!-- \/ Yoast SEO plugin. -->","yoast_head_json":{"title":"Gu\u00edas Malouco - AGETAN: Asociaci\u00f3n de Turismo Activo e Natureza de Galicia","robots":{"index":"index","follow":"follow","max-snippet":"max-snippet:-1","max-image-preview":"max-image-preview:large","max-video-preview":"max-video-preview:-1"},"canonical":"https:\/\/turismodeaventuraengalicia.es\/gl\/empresas\/guias-malouco\/","og_locale":"gl_ES","og_type":"article","og_title":"Gu\u00edas Malouco - AGETAN: Asociaci\u00f3n de Turismo Activo e Natureza de Galicia","og_url":"https:\/\/turismodeaventuraengalicia.es\/gl\/empresas\/guias-malouco\/","og_site_name":"AGETAN: Asociaci\u00f3n de Turismo Activo e Natureza de Galicia","article_publisher":"https:\/\/www.facebook.com\/AgetanOficial","article_modified_time":"2025-04-03T08:49:39+00:00","twitter_card":"summary_large_image","twitter_site":"@ActivoAgetan","twitter_misc":{"Tempo de lectura":"4 minutos"},"schema":{"@context":"https:\/\/schema.org","@graph":[{"@type":"WebPage","@id":"https:\/\/turismodeaventuraengalicia.es\/gl\/empresas\/guias-malouco\/","url":"https:\/\/turismodeaventuraengalicia.es\/gl\/empresas\/guias-malouco\/","name":"Gu\u00edas Malouco - AGETAN: Asociaci\u00f3n de Turismo Activo e Natureza de Galicia","isPartOf":{"@id":"https:\/\/turismodeaventuraengalicia.es\/gl\/#website"},"datePublished":"2024-11-22T16:34:54+00:00","dateModified":"2025-04-03T08:49:39+00:00","breadcrumb":{"@id":"https:\/\/turismodeaventuraengalicia.es\/gl\/empresas\/guias-malouco\/#breadcrumb"},"inLanguage":"gl-ES","potentialAction":[{"@type":"ReadAction","target":["https:\/\/turismodeaventuraengalicia.es\/gl\/empresas\/guias-malouco\/"]}]},{"@type":"BreadcrumbList","@id":"https:\/\/turismodeaventuraengalicia.es\/gl\/empresas\/guias-malouco\/#breadcrumb","itemListElement":[{"@type":"ListItem","position":1,"name":"Portada","item":"https:\/\/turismodeaventuraengalicia.es\/gl\/"},{"@type":"ListItem","position":2,"name":"Empresas","item":"http:\/\/turismodeaventuraengalicia.es\/gl\/empresas\/"},{"@type":"ListItem","position":3,"name":"Gu\u00edas Malouco"}]},{"@type":"WebSite","@id":"https:\/\/turismodeaventuraengalicia.es\/gl\/#website","url":"https:\/\/turismodeaventuraengalicia.es\/gl\/","name":"Turismo de Aventura en Galicia","description":"AGETAN es la organizaci\u00f3n representante de empresas y aut\u00f3nomos dedicados al turismo activo en Galicia. Esta es su web oficial.","publisher":{"@id":"https:\/\/turismodeaventuraengalicia.es\/gl\/#organization"},"potentialAction":[{"@type":"SearchAction","target":{"@type":"EntryPoint","urlTemplate":"https:\/\/turismodeaventuraengalicia.es\/gl\/?s={search_term_string}"},"query-input":{"@type":"PropertyValueSpecification","valueRequired":true,"valueName":"search_term_string"}}],"inLanguage":"gl-ES"},{"@type":"Organization","@id":"https:\/\/turismodeaventuraengalicia.es\/gl\/#organization","name":"AGETAN","alternateName":"Asociaci\u00f3n Galega de Empresas de Turismo Activo, de Aventura e Natureza","url":"https:\/\/turismodeaventuraengalicia.es\/gl\/","logo":{"@type":"ImageObject","inLanguage":"gl-ES","@id":"https:\/\/turismodeaventuraengalicia.es\/gl\/#\/schema\/logo\/image\/","url":"https:\/\/turismodeaventuraengalicia.es\/wp-content\/uploads\/2024\/10\/agetan.jpg","contentUrl":"https:\/\/turismodeaventuraengalicia.es\/wp-content\/uploads\/2024\/10\/agetan.jpg","width":400,"height":400,"caption":"AGETAN"},"image":{"@id":"https:\/\/turismodeaventuraengalicia.es\/gl\/#\/schema\/logo\/image\/"},"sameAs":["https:\/\/www.facebook.com\/AgetanOficial","https:\/\/x.com\/ActivoAgetan","https:\/\/www.instagram.com\/activoagetan\/"]}]}},"_links":{"self":[{"href":"https:\/\/turismodeaventuraengalicia.es\/gl\/wp-json\/wp\/v2\/pages\/9967","targetHints":{"allow":["GET"]}}],"collection":[{"href":"https:\/\/turismodeaventuraengalicia.es\/gl\/wp-json\/wp\/v2\/pages"}],"about":[{"href":"https:\/\/turismodeaventuraengalicia.es\/gl\/wp-json\/wp\/v2\/types\/page"}],"author":[{"embeddable":true,"href":"https:\/\/turismodeaventuraengalicia.es\/gl\/wp-json\/wp\/v2\/users\/1"}],"replies":[{"embeddable":true,"href":"https:\/\/turismodeaventuraengalicia.es\/gl\/wp-json\/wp\/v2\/comments?post=9967"}],"version-history":[{"count":2,"href":"https:\/\/turismodeaventuraengalicia.es\/gl\/wp-json\/wp\/v2\/pages\/9967\/revisions"}],"predecessor-version":[{"id":9969,"href":"https:\/\/turismodeaventuraengalicia.es\/gl\/wp-json\/wp\/v2\/pages\/9967\/revisions\/9969"}],"up":[{"embeddable":true,"href":"https:\/\/turismodeaventuraengalicia.es\/gl\/wp-json\/wp\/v2\/pages\/9019"}],"wp:attachment":[{"href":"https:\/\/turismodeaventuraengalicia.es\/gl\/wp-json\/wp\/v2\/media?parent=9967"}],"curies":[{"name":"wp","href":"https:\/\/api.w.org\/{rel}","templated":true}]}}