{"id":9970,"date":"2024-11-21T16:04:56","date_gmt":"2024-11-21T16:04:56","guid":{"rendered":"https:\/\/turismodeaventuraengalicia.es\/empresas\/adrenalicia\/"},"modified":"2025-04-03T08:50:12","modified_gmt":"2025-04-03T08:50:12","slug":"adrenalicia","status":"publish","type":"page","link":"https:\/\/turismodeaventuraengalicia.es\/gl\/empresas\/adrenalicia\/","title":{"rendered":"Adrenalicia"},"content":{"rendered":"<section class=\"l-section wpb_row height_custom color_primary with_img\" id=\"fondoImagenEmpresa\"><div class=\"l-section-img\" role=\"img\" data-img-width=\"800\" data-img-height=\"600\" style=\"background-image: url(https:\/\/turismodeaventuraengalicia.es\/wp-content\/uploads\/2024\/11\/adrenalicia-3.jpeg);background-repeat: no-repeat;\"><\/div><div class=\"l-section-h i-cf\"><div class=\"g-cols vc_row via_grid cols_1 laptops-cols_inherit tablets-cols_inherit mobiles-cols_1 valign_top type_default stacking_default\"><div class=\"wpb_column vc_column_container\"><div class=\"vc_column-inner\"><div class=\"w-separator size_medium\"><\/div><h1 class=\"w-text us_custom_eb849559\"><span class=\"w-text-h\"><span class=\"w-text-value\">Adrenalicia<\/span><\/span><\/h1><div class=\"w-separator size_medium\"><\/div><\/div><\/div><\/div><\/div><\/section><section class=\"l-section wpb_row height_custom\" id=\"introEmpresa\"><div class=\"l-section-h i-cf\"><div class=\"g-cols vc_row via_grid cols_1-2 laptops-cols_inherit tablets-cols_inherit mobiles-cols_1 valign_middle type_default stacking_default\"><div class=\"wpb_column vc_column_container\"><div class=\"vc_column-inner\"><div class=\"w-image align_none\"><div class=\"w-image-h\"><img decoding=\"async\" width=\"367\" height=\"210\" src=\"https:\/\/turismodeaventuraengalicia.es\/wp-content\/uploads\/2024\/11\/logo-adrenalicia.jpg\" class=\"attachment-large size-large\" alt=\"Empresa asociada a AGETAN: Adrenalicia\" loading=\"lazy\" srcset=\"https:\/\/turismodeaventuraengalicia.es\/wp-content\/uploads\/2024\/11\/logo-adrenalicia.jpg 367w, https:\/\/turismodeaventuraengalicia.es\/wp-content\/uploads\/2024\/11\/logo-adrenalicia-300x172.jpg 300w\" sizes=\"auto, (max-width: 367px) 100vw, 367px\" \/><\/div><\/div><\/div><\/div><div class=\"wpb_column vc_column_container\"><div class=\"vc_column-inner\"><div class=\"wpb_text_column\"><div class=\"wpb_wrapper\"><h3>Adrenalicia<\/h3>\n<p><span>Os nosos anos de experiencia en paintball av\u00e1lannos \u00e1 hora de garantir a diversi\u00f3n con escenarios realistas e a m\u00e1is alta calidade en equipos de paintball.<\/span><\/p>\n<p><span>Moitos anos facendo actividades de paintball garanten o noso campo e todo o persoal.<\/span><\/p>\n<p><span> <\/span><\/p>\n<\/div><\/div><\/div><\/div><\/div><\/div><\/section><section class=\"l-section wpb_row height_auto\" id=\"galeriaEmpresa\"><div class=\"l-section-h i-cf\"><div class=\"g-cols vc_row via_grid cols_1 laptops-cols_inherit tablets-cols_inherit mobiles-cols_1 valign_top type_default stacking_default\"><div class=\"wpb_column vc_column_container\"><div class=\"vc_column-inner\"><div class=\"g-cols wpb_row via_grid cols_1 laptops-cols_inherit tablets-cols_inherit mobiles-cols_1 valign_top type_default stacking_default\" style=\"--gap:3rem;\"><div class=\"wpb_column vc_column_container\"><div class=\"vc_column-inner\"><div class=\"w-gallery fit_cover type_grid action_popup_image ratio_1x1 count_5\" style=\"--columns:5;--items-gap:10px;\"><div class=\"w-gallery-list\"><div class=\"w-gallery-item\"><div class=\"w-gallery-item-img\"><img loading=\"lazy\" decoding=\"async\" width=\"800\" height=\"600\" src=\"https:\/\/turismodeaventuraengalicia.es\/wp-content\/uploads\/2024\/11\/adrenalicia-1.jpeg\" class=\"attachment-large size-large\" alt=\"Paintball Adrenalicia\" srcset=\"https:\/\/turismodeaventuraengalicia.es\/wp-content\/uploads\/2024\/11\/adrenalicia-1.jpeg 800w, https:\/\/turismodeaventuraengalicia.es\/wp-content\/uploads\/2024\/11\/adrenalicia-1-300x225.jpeg 300w\" sizes=\"auto, (max-width: 800px) 100vw, 800px\" \/><\/div><a class=\"w-gallery-item-link\" aria-label=\"Paintball Adrenalicia\" href=\"https:\/\/turismodeaventuraengalicia.es\/wp-content\/uploads\/2024\/11\/adrenalicia-1.jpeg\"><\/a><\/div><div class=\"w-gallery-item\"><div class=\"w-gallery-item-img\"><img loading=\"lazy\" decoding=\"async\" width=\"800\" height=\"600\" src=\"https:\/\/turismodeaventuraengalicia.es\/wp-content\/uploads\/2024\/11\/adrenalicia-2.jpeg\" class=\"attachment-large size-large\" alt=\"D\u00f3nde practicar paintball en Pontevedra\" srcset=\"https:\/\/turismodeaventuraengalicia.es\/wp-content\/uploads\/2024\/11\/adrenalicia-2.jpeg 800w, https:\/\/turismodeaventuraengalicia.es\/wp-content\/uploads\/2024\/11\/adrenalicia-2-300x225.jpeg 300w\" sizes=\"auto, (max-width: 800px) 100vw, 800px\" \/><\/div><a class=\"w-gallery-item-link\" aria-label=\"D\u00f3nde practicar paintball en Pontevedra\" href=\"https:\/\/turismodeaventuraengalicia.es\/wp-content\/uploads\/2024\/11\/adrenalicia-2.jpeg\"><\/a><\/div><div class=\"w-gallery-item\"><div class=\"w-gallery-item-img\"><img loading=\"lazy\" decoding=\"async\" width=\"800\" height=\"600\" src=\"https:\/\/turismodeaventuraengalicia.es\/wp-content\/uploads\/2024\/11\/adrenalicia-3.jpeg\" class=\"attachment-large size-large\" alt=\"Paintball Adrenalicia O grove\" srcset=\"https:\/\/turismodeaventuraengalicia.es\/wp-content\/uploads\/2024\/11\/adrenalicia-3.jpeg 800w, https:\/\/turismodeaventuraengalicia.es\/wp-content\/uploads\/2024\/11\/adrenalicia-3-300x225.jpeg 300w\" sizes=\"auto, (max-width: 800px) 100vw, 800px\" \/><\/div><a class=\"w-gallery-item-link\" aria-label=\"Paintball Adrenalicia O grove\" href=\"https:\/\/turismodeaventuraengalicia.es\/wp-content\/uploads\/2024\/11\/adrenalicia-3.jpeg\"><\/a><\/div><div class=\"w-gallery-item\"><div class=\"w-gallery-item-img\"><img loading=\"lazy\" decoding=\"async\" width=\"800\" height=\"600\" src=\"https:\/\/turismodeaventuraengalicia.es\/wp-content\/uploads\/2024\/11\/adrenalicia-4.jpeg\" class=\"attachment-large size-large\" alt=\"d\u00f3nde realizar Paintball en la provincia de Pontevedra\" srcset=\"https:\/\/turismodeaventuraengalicia.es\/wp-content\/uploads\/2024\/11\/adrenalicia-4.jpeg 800w, https:\/\/turismodeaventuraengalicia.es\/wp-content\/uploads\/2024\/11\/adrenalicia-4-300x225.jpeg 300w\" sizes=\"auto, (max-width: 800px) 100vw, 800px\" \/><\/div><a class=\"w-gallery-item-link\" aria-label=\"d\u00f3nde realizar Paintball en la provincia de Pontevedra\" href=\"https:\/\/turismodeaventuraengalicia.es\/wp-content\/uploads\/2024\/11\/adrenalicia-4.jpeg\"><\/a><\/div><div class=\"w-gallery-item\"><div class=\"w-gallery-item-img\"><img loading=\"lazy\" decoding=\"async\" width=\"800\" height=\"600\" src=\"https:\/\/turismodeaventuraengalicia.es\/wp-content\/uploads\/2024\/11\/adrenalicia-5.jpeg\" class=\"attachment-large size-large\" alt=\"Adrenalicia rese\u00f1as\" srcset=\"https:\/\/turismodeaventuraengalicia.es\/wp-content\/uploads\/2024\/11\/adrenalicia-5.jpeg 800w, https:\/\/turismodeaventuraengalicia.es\/wp-content\/uploads\/2024\/11\/adrenalicia-5-300x225.jpeg 300w\" sizes=\"auto, (max-width: 800px) 100vw, 800px\" \/><\/div><a class=\"w-gallery-item-link\" aria-label=\"Adrenalicia rese\u00f1as\" href=\"https:\/\/turismodeaventuraengalicia.es\/wp-content\/uploads\/2024\/11\/adrenalicia-5.jpeg\"><\/a><\/div><\/div><\/div><\/div><\/div><\/div><\/div><\/div><\/div><\/div><\/section><section class=\"l-section wpb_row height_medium\" id=\"infoEmpresa\"><div class=\"l-section-h i-cf\"><div class=\"g-cols vc_row via_grid cols_1 laptops-cols_inherit tablets-cols_inherit mobiles-cols_1 valign_top type_default stacking_default\" style=\"--gap:0rem;--laptops-gap:0rem;--tablets-gap:3rem;--mobiles-gap:3rem;\"><div class=\"wpb_column vc_column_container\"><div class=\"vc_column-inner\"><div class=\"g-cols wpb_row via_grid cols_2-1 laptops-cols_inherit tablets-cols_inherit mobiles-cols_1 valign_top type_default stacking_default\" style=\"--gap:1rem;--laptops-gap:1rem;--tablets-gap:3rem;--mobiles-gap:3rem;\"><div class=\"wpb_column vc_column_container\"><div class=\"vc_column-inner\"><h4 class=\"w-text us_custom_49f317a8\"><span class=\"w-text-h\"><span class=\"w-text-value\">Informaci\u00f3n<\/span><\/span><\/h4><div class=\"wpb_text_column\"><div class=\"wpb_wrapper\"><p><span>Os nosos anos de experiencia en paintball av\u00e1lannos \u00e1 hora de garantir a diversi\u00f3n con escenarios realistas e a m\u00e1is alta calidade en equipos de paintball.<\/span><\/p>\n<p><span>Moitos anos facendo actividades de paintball garanten o noso campo e todo o persoal.<\/span><span><br \/>\n<\/span><\/p>\n<p><span>Situado nunha contorna natural no concello do Grove (Pontevedra), con vistas \u00e1 praia da Lanzada e rodeado de instalaci\u00f3ns hostaleiras, podes organizar a t\u00faa xornada de paintball con todo tipo de opci\u00f3ns.<\/span><\/p>\n<p><span>Temos 5 escenarios realistas: Vietnam, Kosovo, Transilvania, Ponte da Toxa e O Bosque.<\/span><span><br \/>\n<\/span><\/p>\n<p><span>Proporcionamos equipamento b\u00e1sico: m\u00e1scara de protecci\u00f3n, marcador, funda para mergullo, chaleco protector de peito e costas e 100 bolos de pintura.<\/span><\/p>\n<p><span>Para non preocuparnos de nada, temos acordos coas principais compa\u00f1\u00edas aseguradoras: seguro de responsabilidade civil (inclu\u00eddo) e seguro de accidentes persoais (opcional).<\/span><\/p>\n<p><span>Non o dubides, se queres gozar dun d\u00eda de lecer, formamos parte da variedade de opci\u00f3ns para o teu d\u00eda completo de diversi\u00f3n.<\/span><\/p>\n<\/div><\/div><\/div><\/div><div class=\"wpb_column vc_column_container\"><div class=\"vc_column-inner\"><div class=\"w-socials us_custom_61263217 color_link shape_circle style_outlined hover_fade\"><div class=\"w-socials-list\"><div class=\"w-socials-item custom\"><a href=\"https:\/\/www.paintballengalicia.com\/\" class=\"w-socials-item-link\" title=\"T\u00edtulo\" aria-label=\"T\u00edtulo\"><span class=\"w-socials-item-link-hover\" style=\"background:var(--color-content-faded);\"><\/span><i class=\"far fa-globe\"><\/i><\/a><div class=\"w-socials-item-popup\"><span>T\u00edtulo<\/span><\/div><\/div><div class=\"w-socials-item facebook\"><a href=\"https:\/\/www.facebook.com\/adrenaliciapb\/\" class=\"w-socials-item-link\" title=\"Facebook\" aria-label=\"Facebook\"><span class=\"w-socials-item-link-hover\"><\/span><i class=\"fab fa-facebook\"><\/i><\/a><div class=\"w-socials-item-popup\"><span>Facebook<\/span><\/div><\/div><div class=\"w-socials-item youtube\"><a href=\"https:\/\/www.youtube.com\/user\/Adrenalicia\" class=\"w-socials-item-link\" title=\"YouTube\" aria-label=\"YouTube\"><span class=\"w-socials-item-link-hover\"><\/span><i class=\"fab fa-youtube\"><\/i><\/a><div class=\"w-socials-item-popup\"><span>YouTube<\/span><\/div><\/div><\/div><\/div><div class=\"w-separator size_small\"><\/div><div class=\"w-iconbox us_custom_a2db22b6 has_text_color iconpos_left style_default color_custom align_left no_title\"><div class=\"w-iconbox-icon\" style=\"font-size:1rem;--icon-color:#000000;\"><i class=\"far fa-arrow-right\"><\/i><\/div><div class=\"w-iconbox-meta\"><div class=\"w-iconbox-text\"><p><span>Avenida Portugal, 40 36980, O Grove, Pontevedra<\/span><\/p>\n<\/div><\/div><\/div><div class=\"w-iconbox us_custom_a2db22b6 has_text_color iconpos_left style_default color_custom align_left no_title\"><div class=\"w-iconbox-icon\" style=\"font-size:1rem;--icon-color:#000000;\"><i class=\"far fa-arrow-right\"><\/i><\/div><div class=\"w-iconbox-meta\"><div class=\"w-iconbox-text\"><p><span><span class=\"color_15 wixui-rich-text__text\"><span class=\"wixui-rich-text__text\">986 732 262<\/span><\/span><\/span><\/p>\n<\/div><\/div><\/div><div class=\"w-separator size_small\"><\/div><div class=\"w-map provider_google\" id=\"us_map_1\"><div class=\"w-map-inner\"><div class=\"w-map-json\" onclick='return {&quot;address&quot;:&quot;Avenida Portugal, 40 36980, O Grove, Pontevedra&quot;,&quot;disableDragging&quot;:0,&quot;disableZoom&quot;:0,&quot;hideControls&quot;:0,&quot;zoom&quot;:14,&quot;markers&quot;:[{&quot;address&quot;:&quot;Avenida Portugal, 40 36980, O Grove, Pontevedra&quot;,&quot;html&quot;:&quot;&quot;,&quot;infowindow&quot;:0}],&quot;maptype&quot;:&quot;ROADMAP&quot;}'><\/div><\/div><\/div><\/div><\/div><\/div><\/div><\/div><\/div><\/div><\/section>\n","protected":false},"excerpt":{"rendered":"AdrenaliciaAdrenalicia Os nosos anos de experiencia en paintball av\u00e1lannos \u00e1 hora de garantir a diversi\u00f3n con escenarios realistas e a m\u00e1is alta calidade en equipos de paintball. Moitos anos facendo...","protected":false},"author":1,"featured_media":0,"parent":9019,"menu_order":0,"comment_status":"closed","ping_status":"closed","template":"","meta":{"footnotes":""},"class_list":["post-9970","page","type-page","status-publish","hentry"],"yoast_head":"<!-- This site is optimized with the Yoast SEO plugin v26.0 - https:\/\/yoast.com\/wordpress\/plugins\/seo\/ -->\n<title>Adrenalicia | AGETAN: Asociaci\u00f3n de turismo activo en Galicia<\/title>\n<meta name=\"description\" content=\"Adrenalicia Paintball, ofrecemos experiencias emocionantes en O Grove, Galicia, ideales para despedidas, cumplea\u00f1os y eventos corporativos.\" \/>\n<meta name=\"robots\" content=\"index, follow, max-snippet:-1, max-image-preview:large, max-video-preview:-1\" \/>\n<link rel=\"canonical\" href=\"https:\/\/turismodeaventuraengalicia.es\/gl\/empresas\/adrenalicia\/\" \/>\n<meta property=\"og:locale\" content=\"gl_ES\" \/>\n<meta property=\"og:type\" content=\"article\" \/>\n<meta property=\"og:title\" content=\"Adrenalicia | AGETAN: Asociaci\u00f3n de turismo activo en Galicia\" \/>\n<meta property=\"og:description\" content=\"Adrenalicia Paintball, ofrecemos experiencias emocionantes en O Grove, Galicia, ideales para despedidas, cumplea\u00f1os y eventos corporativos.\" \/>\n<meta property=\"og:url\" content=\"https:\/\/turismodeaventuraengalicia.es\/gl\/empresas\/adrenalicia\/\" \/>\n<meta property=\"og:site_name\" content=\"AGETAN: Asociaci\u00f3n de Turismo Activo e Natureza de Galicia\" \/>\n<meta property=\"article:publisher\" content=\"https:\/\/www.facebook.com\/AgetanOficial\" \/>\n<meta property=\"article:modified_time\" content=\"2025-04-03T08:50:12+00:00\" \/>\n<meta name=\"twitter:card\" content=\"summary_large_image\" \/>\n<meta name=\"twitter:site\" content=\"@ActivoAgetan\" \/>\n<meta name=\"twitter:label1\" content=\"Tempo de lectura\" \/>\n\t<meta name=\"twitter:data1\" content=\"4 minutos\" \/>\n<script type=\"application\/ld+json\" class=\"yoast-schema-graph\">{\"@context\":\"https:\/\/schema.org\",\"@graph\":[{\"@type\":\"WebPage\",\"@id\":\"https:\/\/turismodeaventuraengalicia.es\/gl\/empresas\/adrenalicia\/\",\"url\":\"https:\/\/turismodeaventuraengalicia.es\/gl\/empresas\/adrenalicia\/\",\"name\":\"Adrenalicia | AGETAN: Asociaci\u00f3n de turismo activo en Galicia\",\"isPartOf\":{\"@id\":\"http:\/\/turismodeaventuraengalicia.es\/gl\/#website\"},\"datePublished\":\"2024-11-21T16:04:56+00:00\",\"dateModified\":\"2025-04-03T08:50:12+00:00\",\"description\":\"Adrenalicia Paintball, ofrecemos experiencias emocionantes en O Grove, Galicia, ideales para despedidas, cumplea\u00f1os y eventos corporativos.\",\"breadcrumb\":{\"@id\":\"https:\/\/turismodeaventuraengalicia.es\/gl\/empresas\/adrenalicia\/#breadcrumb\"},\"inLanguage\":\"gl-ES\",\"potentialAction\":[{\"@type\":\"ReadAction\",\"target\":[\"https:\/\/turismodeaventuraengalicia.es\/gl\/empresas\/adrenalicia\/\"]}]},{\"@type\":\"BreadcrumbList\",\"@id\":\"https:\/\/turismodeaventuraengalicia.es\/gl\/empresas\/adrenalicia\/#breadcrumb\",\"itemListElement\":[{\"@type\":\"ListItem\",\"position\":1,\"name\":\"Portada\",\"item\":\"http:\/\/turismodeaventuraengalicia.es\/gl\/\"},{\"@type\":\"ListItem\",\"position\":2,\"name\":\"Empresas\",\"item\":\"https:\/\/turismodeaventuraengalicia.es\/gl\/empresas\/\"},{\"@type\":\"ListItem\",\"position\":3,\"name\":\"Adrenalicia\"}]},{\"@type\":\"WebSite\",\"@id\":\"http:\/\/turismodeaventuraengalicia.es\/gl\/#website\",\"url\":\"http:\/\/turismodeaventuraengalicia.es\/gl\/\",\"name\":\"Turismo de Aventura en Galicia\",\"description\":\"AGETAN es la organizaci\u00f3n representante de empresas y aut\u00f3nomos dedicados al turismo activo en Galicia. Esta es su web oficial.\",\"publisher\":{\"@id\":\"http:\/\/turismodeaventuraengalicia.es\/gl\/#organization\"},\"potentialAction\":[{\"@type\":\"SearchAction\",\"target\":{\"@type\":\"EntryPoint\",\"urlTemplate\":\"http:\/\/turismodeaventuraengalicia.es\/gl\/?s={search_term_string}\"},\"query-input\":{\"@type\":\"PropertyValueSpecification\",\"valueRequired\":true,\"valueName\":\"search_term_string\"}}],\"inLanguage\":\"gl-ES\"},{\"@type\":\"Organization\",\"@id\":\"http:\/\/turismodeaventuraengalicia.es\/gl\/#organization\",\"name\":\"AGETAN\",\"alternateName\":\"Asociaci\u00f3n Galega de Empresas de Turismo Activo, de Aventura e Natureza\",\"url\":\"http:\/\/turismodeaventuraengalicia.es\/gl\/\",\"logo\":{\"@type\":\"ImageObject\",\"inLanguage\":\"gl-ES\",\"@id\":\"http:\/\/turismodeaventuraengalicia.es\/gl\/#\/schema\/logo\/image\/\",\"url\":\"https:\/\/turismodeaventuraengalicia.es\/wp-content\/uploads\/2024\/10\/agetan.jpg\",\"contentUrl\":\"https:\/\/turismodeaventuraengalicia.es\/wp-content\/uploads\/2024\/10\/agetan.jpg\",\"width\":400,\"height\":400,\"caption\":\"AGETAN\"},\"image\":{\"@id\":\"http:\/\/turismodeaventuraengalicia.es\/gl\/#\/schema\/logo\/image\/\"},\"sameAs\":[\"https:\/\/www.facebook.com\/AgetanOficial\",\"https:\/\/x.com\/ActivoAgetan\",\"https:\/\/www.instagram.com\/activoagetan\/\"]}]}<\/script>\n<!-- \/ Yoast SEO plugin. -->","yoast_head_json":{"title":"Adrenalicia | AGETAN: Asociaci\u00f3n de turismo activo en Galicia","description":"Adrenalicia Paintball, ofrecemos experiencias emocionantes en O Grove, Galicia, ideales para despedidas, cumplea\u00f1os y eventos corporativos.","robots":{"index":"index","follow":"follow","max-snippet":"max-snippet:-1","max-image-preview":"max-image-preview:large","max-video-preview":"max-video-preview:-1"},"canonical":"https:\/\/turismodeaventuraengalicia.es\/gl\/empresas\/adrenalicia\/","og_locale":"gl_ES","og_type":"article","og_title":"Adrenalicia | AGETAN: Asociaci\u00f3n de turismo activo en Galicia","og_description":"Adrenalicia Paintball, ofrecemos experiencias emocionantes en O Grove, Galicia, ideales para despedidas, cumplea\u00f1os y eventos corporativos.","og_url":"https:\/\/turismodeaventuraengalicia.es\/gl\/empresas\/adrenalicia\/","og_site_name":"AGETAN: Asociaci\u00f3n de Turismo Activo e Natureza de Galicia","article_publisher":"https:\/\/www.facebook.com\/AgetanOficial","article_modified_time":"2025-04-03T08:50:12+00:00","twitter_card":"summary_large_image","twitter_site":"@ActivoAgetan","twitter_misc":{"Tempo de lectura":"4 minutos"},"schema":{"@context":"https:\/\/schema.org","@graph":[{"@type":"WebPage","@id":"https:\/\/turismodeaventuraengalicia.es\/gl\/empresas\/adrenalicia\/","url":"https:\/\/turismodeaventuraengalicia.es\/gl\/empresas\/adrenalicia\/","name":"Adrenalicia | AGETAN: Asociaci\u00f3n de turismo activo en Galicia","isPartOf":{"@id":"http:\/\/turismodeaventuraengalicia.es\/gl\/#website"},"datePublished":"2024-11-21T16:04:56+00:00","dateModified":"2025-04-03T08:50:12+00:00","description":"Adrenalicia Paintball, ofrecemos experiencias emocionantes en O Grove, Galicia, ideales para despedidas, cumplea\u00f1os y eventos corporativos.","breadcrumb":{"@id":"https:\/\/turismodeaventuraengalicia.es\/gl\/empresas\/adrenalicia\/#breadcrumb"},"inLanguage":"gl-ES","potentialAction":[{"@type":"ReadAction","target":["https:\/\/turismodeaventuraengalicia.es\/gl\/empresas\/adrenalicia\/"]}]},{"@type":"BreadcrumbList","@id":"https:\/\/turismodeaventuraengalicia.es\/gl\/empresas\/adrenalicia\/#breadcrumb","itemListElement":[{"@type":"ListItem","position":1,"name":"Portada","item":"http:\/\/turismodeaventuraengalicia.es\/gl\/"},{"@type":"ListItem","position":2,"name":"Empresas","item":"https:\/\/turismodeaventuraengalicia.es\/gl\/empresas\/"},{"@type":"ListItem","position":3,"name":"Adrenalicia"}]},{"@type":"WebSite","@id":"http:\/\/turismodeaventuraengalicia.es\/gl\/#website","url":"http:\/\/turismodeaventuraengalicia.es\/gl\/","name":"Turismo de Aventura en Galicia","description":"AGETAN es la organizaci\u00f3n representante de empresas y aut\u00f3nomos dedicados al turismo activo en Galicia. Esta es su web oficial.","publisher":{"@id":"http:\/\/turismodeaventuraengalicia.es\/gl\/#organization"},"potentialAction":[{"@type":"SearchAction","target":{"@type":"EntryPoint","urlTemplate":"http:\/\/turismodeaventuraengalicia.es\/gl\/?s={search_term_string}"},"query-input":{"@type":"PropertyValueSpecification","valueRequired":true,"valueName":"search_term_string"}}],"inLanguage":"gl-ES"},{"@type":"Organization","@id":"http:\/\/turismodeaventuraengalicia.es\/gl\/#organization","name":"AGETAN","alternateName":"Asociaci\u00f3n Galega de Empresas de Turismo Activo, de Aventura e Natureza","url":"http:\/\/turismodeaventuraengalicia.es\/gl\/","logo":{"@type":"ImageObject","inLanguage":"gl-ES","@id":"http:\/\/turismodeaventuraengalicia.es\/gl\/#\/schema\/logo\/image\/","url":"https:\/\/turismodeaventuraengalicia.es\/wp-content\/uploads\/2024\/10\/agetan.jpg","contentUrl":"https:\/\/turismodeaventuraengalicia.es\/wp-content\/uploads\/2024\/10\/agetan.jpg","width":400,"height":400,"caption":"AGETAN"},"image":{"@id":"http:\/\/turismodeaventuraengalicia.es\/gl\/#\/schema\/logo\/image\/"},"sameAs":["https:\/\/www.facebook.com\/AgetanOficial","https:\/\/x.com\/ActivoAgetan","https:\/\/www.instagram.com\/activoagetan\/"]}]}},"_links":{"self":[{"href":"https:\/\/turismodeaventuraengalicia.es\/gl\/wp-json\/wp\/v2\/pages\/9970","targetHints":{"allow":["GET"]}}],"collection":[{"href":"https:\/\/turismodeaventuraengalicia.es\/gl\/wp-json\/wp\/v2\/pages"}],"about":[{"href":"https:\/\/turismodeaventuraengalicia.es\/gl\/wp-json\/wp\/v2\/types\/page"}],"author":[{"embeddable":true,"href":"https:\/\/turismodeaventuraengalicia.es\/gl\/wp-json\/wp\/v2\/users\/1"}],"replies":[{"embeddable":true,"href":"https:\/\/turismodeaventuraengalicia.es\/gl\/wp-json\/wp\/v2\/comments?post=9970"}],"version-history":[{"count":2,"href":"https:\/\/turismodeaventuraengalicia.es\/gl\/wp-json\/wp\/v2\/pages\/9970\/revisions"}],"predecessor-version":[{"id":9972,"href":"https:\/\/turismodeaventuraengalicia.es\/gl\/wp-json\/wp\/v2\/pages\/9970\/revisions\/9972"}],"up":[{"embeddable":true,"href":"https:\/\/turismodeaventuraengalicia.es\/gl\/wp-json\/wp\/v2\/pages\/9019"}],"wp:attachment":[{"href":"https:\/\/turismodeaventuraengalicia.es\/gl\/wp-json\/wp\/v2\/media?parent=9970"}],"curies":[{"name":"wp","href":"https:\/\/api.w.org\/{rel}","templated":true}]}}